{"id":2182,"date":"2026-02-02T20:53:53","date_gmt":"2026-02-02T17:53:53","guid":{"rendered":"https:\/\/simoscamping.gr\/bell-tents\/"},"modified":"2026-05-06T12:06:16","modified_gmt":"2026-05-06T09:06:16","slug":"bell-tents","status":"publish","type":"page","link":"https:\/\/simoscamping.gr\/de\/bell-tents\/","title":{"rendered":"Rundzelte"},"content":{"rendered":"<div id=\"acf-block_683ef7348cd95d88012694d1e3845815\" class=\"all-left page-image-block \">\n\n\t<div class=\"bkg-image\" style=\"background-image: url('https:\/\/simoscamping.gr\/wp-content\/uploads\/2026\/02\/bell-tent-header.webp');\">\n\t\t\t\t<div class=\"content-wrapper\">\n\t\t\t<div class=\"title\"><h1><b>RUNDZELTE<\/b><\/h1>\n<\/div>\n\t\t\t<div class=\"sub-title\">\n\t\t\t\t\t\t\t    <p>\u0395\u03ba\u03b5\u03af \u03c0\u03bf\u03c5 \u03b7 \u03c7\u03b1\u03bb\u03ac\u03c1\u03c9\u03c3\u03b7, \u03bf\u03b9 \u03b4\u03b9\u03b1\u03ba\u03bf\u03c0\u03ad\u03c2<br \/>\n\u03ba\u03b1\u03b9 \u03c4\u03bf \u03ba\u03b1\u03bb\u03bf\u03ba\u03b1\u03af\u03c1\u03b9 \u03b3\u03af\u03bd\u03bf\u03bd\u03c4\u03b1\u03b9 \u03ad\u03bd\u03b1.<\/p>\n\t\t\t\t\t\t\t\t\t\t\t    <span class=\"simos-button\">\n\t\t\t    \t<a href=\"https:\/\/simos.campsaround.com\/accommodation\/bell-tents\/\" target=_blank>BUCHEN<\/a>\n\t\t\t\t<\/span>\n\t\t\t\t\t\t\t<\/div>\n\t\t<\/div>\n\t<\/div>\n\n<\/div>\n\n\n\n<div class=\"wp-block-group ticss-224000b7 fade-in\" style=\"margin-top:140px\"><div class=\"wp-block-group__inner-container is-layout-constrained wp-block-group-is-layout-constrained\"><div id=\"acf-block_ca41a467c5f300169516eb0b1a4995cb\" class=\"large-width-row accommodation-single \" aria-hidden='true'>\n\n  <div class=\"wrapper\">\n    <div class=\"slider\">\n      <div class=\"royalSlider rsDefault\" id=\"acf-block_ca41a467c5f300169516eb0b1a4995cb-lightbox\">\n      <img decoding=\"async\" class=\"rsImg\" src=\"https:\/\/simoscamping.gr\/wp-content\/uploads\/2026\/03\/bell-tents-slider-1-1024x683.webp\" data-rsBigImg=\"https:\/\/simoscamping.gr\/wp-content\/uploads\/2026\/03\/bell-tents-slider-1.webp\" data-rsw=\"https:\/\/simoscamping.gr\/wp-content\/uploads\/2026\/03\/bell-tents-slider-1-1024x683.webp\" data-rsh=\"https:\/\/simoscamping.gr\/wp-content\/uploads\/2026\/03\/bell-tents-slider-1-1024x683.webp\" alt=\"\u03a0\u03bb\u03b1\u03c4\u03b5\u03af\u03b1 \u03c3\u03ba\u03b7\u03bd\u03ae\u03c2 \u03ba\u03b1\u03bc\u03c0\u03ac\u03bd\u03b1\u03c2\" data-src=\"https:\/\/simoscamping.gr\/wp-content\/uploads\/2026\/03\/bell-tents-slider-1.webp\" \/><img decoding=\"async\" class=\"rsImg\" src=\"https:\/\/simoscamping.gr\/wp-content\/uploads\/2026\/03\/bell-tents-slider-2-1024x683.webp\" data-rsBigImg=\"https:\/\/simoscamping.gr\/wp-content\/uploads\/2026\/03\/bell-tents-slider-2.webp\" data-rsw=\"https:\/\/simoscamping.gr\/wp-content\/uploads\/2026\/03\/bell-tents-slider-2-1024x683.webp\" data-rsh=\"https:\/\/simoscamping.gr\/wp-content\/uploads\/2026\/03\/bell-tents-slider-2-1024x683.webp\" alt=\"Bahamas \u03c3\u03ba\u03b7\u03bd\u03ae \u03ba\u03b1\u03bc\u03c0\u03ac\u03bd\u03b1\u03c2\" data-src=\"https:\/\/simoscamping.gr\/wp-content\/uploads\/2026\/03\/bell-tents-slider-2.webp\" \/><img decoding=\"async\" class=\"rsImg\" src=\"https:\/\/simoscamping.gr\/wp-content\/uploads\/2026\/03\/bell-tents-slider-3-1024x566.webp\" data-rsBigImg=\"https:\/\/simoscamping.gr\/wp-content\/uploads\/2026\/03\/bell-tents-slider-3.webp\" data-rsw=\"https:\/\/simoscamping.gr\/wp-content\/uploads\/2026\/03\/bell-tents-slider-3-1024x566.webp\" data-rsh=\"https:\/\/simoscamping.gr\/wp-content\/uploads\/2026\/03\/bell-tents-slider-3-1024x566.webp\" alt=\"\u0395\u03be\u03c9\u03c4\u03b5\u03c1\u03b9\u03ba\u03cc \u03c3\u03ba\u03b7\u03bd\u03ae\u03c2 \u03ba\u03b1\u03bc\u03c0\u03ac\u03bd\u03b1\u03c2\" data-src=\"https:\/\/simoscamping.gr\/wp-content\/uploads\/2026\/03\/bell-tents-slider-3.webp\" \/><img decoding=\"async\" class=\"rsImg\" src=\"https:\/\/simoscamping.gr\/wp-content\/uploads\/2026\/03\/bell-tents-slider-4-682x1024.webp\" data-rsBigImg=\"https:\/\/simoscamping.gr\/wp-content\/uploads\/2026\/03\/bell-tents-slider-4.webp\" data-rsw=\"https:\/\/simoscamping.gr\/wp-content\/uploads\/2026\/03\/bell-tents-slider-4-682x1024.webp\" data-rsh=\"https:\/\/simoscamping.gr\/wp-content\/uploads\/2026\/03\/bell-tents-slider-4-682x1024.webp\" alt=\"\u0395\u03c3\u03c9\u03c4\u03b5\u03c1\u03b9\u03ba\u03cc \u03c3\u03ba\u03b7\u03bd\u03ae\u03c2 \u03ba\u03b1\u03bc\u03c0\u03ac\u03bd\u03b1\u03c2 \u03ba\u03c1\u03b5\u03b2\u03ac\u03c4\u03b9\" data-src=\"https:\/\/simoscamping.gr\/wp-content\/uploads\/2026\/03\/bell-tents-slider-4.webp\" \/><img decoding=\"async\" class=\"rsImg\" src=\"https:\/\/simoscamping.gr\/wp-content\/uploads\/2026\/03\/bell-tents-slider-5-682x1024.webp\" data-rsBigImg=\"https:\/\/simoscamping.gr\/wp-content\/uploads\/2026\/03\/bell-tents-slider-5.webp\" data-rsw=\"https:\/\/simoscamping.gr\/wp-content\/uploads\/2026\/03\/bell-tents-slider-5-682x1024.webp\" data-rsh=\"https:\/\/simoscamping.gr\/wp-content\/uploads\/2026\/03\/bell-tents-slider-5-682x1024.webp\" alt=\"\u0395\u03c3\u03c9\u03c4\u03b5\u03c1\u03b9\u03ba\u03cc \u03c3\u03ba\u03b7\u03bd\u03ae\u03c2 \u03ba\u03b1\u03bc\u03c0\u03ac\u03bd\u03b1\u03c2 \u03ba\u03c1\u03b5\u03b2\u03ac\u03c4\u03b9\u03b1\" data-src=\"https:\/\/simoscamping.gr\/wp-content\/uploads\/2026\/03\/bell-tents-slider-5.webp\" \/><img decoding=\"async\" class=\"rsImg\" src=\"https:\/\/simoscamping.gr\/wp-content\/uploads\/2026\/03\/bell-tents-slider-6-1024x683.webp\" data-rsBigImg=\"https:\/\/simoscamping.gr\/wp-content\/uploads\/2026\/03\/bell-tents-slider-6.webp\" data-rsw=\"https:\/\/simoscamping.gr\/wp-content\/uploads\/2026\/03\/bell-tents-slider-6-1024x683.webp\" data-rsh=\"https:\/\/simoscamping.gr\/wp-content\/uploads\/2026\/03\/bell-tents-slider-6-1024x683.webp\" alt=\"\u0395\u03c3\u03c9\u03c4\u03b5\u03c1\u03b9\u03ba\u03cc \u03c3\u03ba\u03b7\u03bd\u03ae\u03c2 \u03ba\u03b1\u03bc\u03c0\u03ac\u03bd\u03b1\u03c2 \u03ba\u03c1\u03b5\u03b2\u03ac\u03c4\u03b9\" data-src=\"https:\/\/simoscamping.gr\/wp-content\/uploads\/2026\/03\/bell-tents-slider-6.webp\" \/><img decoding=\"async\" class=\"rsImg\" src=\"https:\/\/simoscamping.gr\/wp-content\/uploads\/2026\/03\/bell-tents-slider-7-1024x683.webp\" data-rsBigImg=\"https:\/\/simoscamping.gr\/wp-content\/uploads\/2026\/03\/bell-tents-slider-7.webp\" data-rsw=\"https:\/\/simoscamping.gr\/wp-content\/uploads\/2026\/03\/bell-tents-slider-7-1024x683.webp\" data-rsh=\"https:\/\/simoscamping.gr\/wp-content\/uploads\/2026\/03\/bell-tents-slider-7-1024x683.webp\" alt=\"\u03a3\u03ba\u03b7\u03bd\u03ad\u03c2 \u03ba\u03b1\u03bc\u03c0\u03ac\u03bd\u03b1\u03c2\" data-src=\"https:\/\/simoscamping.gr\/wp-content\/uploads\/2026\/03\/bell-tents-slider-7.webp\" \/>      <\/div><!-- royalSlider -->\n    <\/div><!-- slider -->\n\n    <div class=\"info\">\n      <div class=\"info-header\">\n        <h2 class=\"info-title\">Unbegrenztes Zelt-Erlebnis!<\/h2>\n\n        <div class=\"info-text\">\n          <p>Der Komfort der Rundzelte von Simos Camping in Zahlen: Alle Rundzelte haben einen Durchmesser von 4,5 Metern und eine maximale H\u00f6he von 3 Metern, w\u00e4hrend ihre Gesamtfl\u00e4che 16 m\u00b2 betr\u00e4gt.<\/p>\n<p>Unsere Rundzelte befinden sich in einem speziell gestalteten Bereich im Zentrum von Simos Camping und bilden eine eigene, warme Umgebung. Der k\u00fcnstliche Schatten wirkt wie eine nat\u00fcrliche Klimaanlage, w\u00e4hrend zwei (2) Doppelbettmatratzen, ein kleiner K\u00fchlschrank, ein Ventilator, ein kleiner Tisch, Beleuchtung und Stromanschluss f\u00fcr Ihren Komfort sorgen. Sie m\u00fcssen lediglich Bettw\u00e4sche und Handt\u00fccher mitbringen.<\/p>\n        <\/div><!-- info-text -->\n        <script>\nvar accommodation = \"bell\";\n<\/script>\n<div id=\"acf-block_b8837bfbe3e8632239a190fb80b2481c\" class=\"price-calculator \">\n\n\t<div id=\"price-box\" class=\"price-box\">\n\n\t\t<div v-if=\"dataIsValid\">\n\t\t\t<div class=\"datepicker\">\n\t\t\t\t<label for=\"startDate\">{{localization.arrival}}<\/label>\n\t\t\t\t<input\n\t\t\t\tid=\"startDate\"\n\t\t\t\ttype=\"date\"\n\t\t\t\tref=\"startDate\"\n\t\t\t\t:min=\"prindDate(minDate,0)\"\n\t\t\t\t:max=\"prindDate(maxDate,-1)\"\n\t\t\t\t\/>\n\t\t\t<\/div>\n\n\t\t\t<div class=\"datepicker\">\n\t\t\t\t<label for=\"endDate\">{{localization.departure}}<\/label>\n\t\t\t\t<input\n\t\t\t\t\tid=\"endDate\"\n\t\t\t\t\ttype=\"date\"\n\t\t\t\t\tref=\"endDate\"\n\t\t\t\t\t:min=\"prindDate(minDate,1)\"\n\t\t\t\t\t:max=\"prindDate(maxDate,0)\"\n\t\t\t\t\t\/>\n\t\t\t\t<span\n\t\t\t\t\t:class=\"{'app-button':true, toggle:true, active: lateCheckout}\"\n\t\t\t\t\t@click=\"toggleLateCheckout()\"\n\t\t\t\t\tv-if=\"showLateCheckout\"\n\t\t\t\t\t>\n\t\t\t\t\t{{localization.late_checkout}}\n\t\t\t\t\t<\/span>\n\t\t\t<\/div>\n\n\n\n\t\t\t<div class=\"residents\">\n\t\t\t\t<h4 class=\"price-title\">{{localization.residents}}<\/h4>\n\t\t\t\t<div class=\"count\">\n\t\t\t\t\t<span class=\"label\">{{localization.adults}}<\/span>\n\t\t\t\t\t<span @click=\"changeAdults(-1)\" class=\"count-remove\">\n\t\t\t\t\t\t&#8211; <span class=\"screen-reader-text\">{{localization.remove}}<\/span>\n\t\t\t\t\t<\/span>\n\t\t\t\t\t<span class=\"number\">{{ adults }}<\/span>\n\t\t\t\t\t<span @click=\"changeAdults(1)\" class=\"count-add\">\n\t\t\t\t\t\t+ <span class=\"screen-reader-text\">{{localization.add}}<\/span>\n\t\t\t\t\t<\/span>\n\t\t\t\t<\/div>\n\t\t\t\t<div class=\"count\">\n\t\t\t\t\t<span class=\"label\">{{localization.children}}<\/span>\n\t\t\t\t\t<span @click=\"changeChildren(-1)\" class=\"count-remove\">\n\t\t\t\t\t\t&#8211; <span class=\"screen-reader-text\">{{localization.remove}}<\/span>\n\t\t\t\t\t<\/span>\n\t\t\t\t\t<span class=\"number\">{{ children }}<\/span>\n\t\t\t\t\t<span @click=\"changeChildren(1)\" class=\"count-add\">\n\t\t\t\t\t\t+ <span class=\"screen-reader-text\">{{localization.add}}<\/span>\n\t\t\t\t\t<\/span>\n\t\t\t\t<\/div>\n\t\t\t<\/div>\n\n\n\t\t\t\n\n\n\n\n\t\t\t<div v-if=\"showParkingCharges || showTentExtra\" class=\"extra\">\n\t\t\t\t<h4 class=\"price-title\">{{localization.extra}}<\/h4>\n\t\t\t\t<span\n\t\t\t\t\t:class=\"{'app-button':true, toggle:true, active: parkingCar}\"\n\t\t\t\t\t@click=\"toggleParkingCar()\"\n\t\t\t\t\tv-if=\"showParkingCharges\"\n\t\t\t\t\t>\n\t\t\t\t\t{{localization.parkCar}}\n\t\t\t\t\t<\/span>\n\t\t\t\t<span\n\t\t\t\t\t:class=\"{'app-button':true, toggle:true, active: parkingMoto}\"\n\t\t\t\t\t@click=\"toggleParkingMoto()\"\n\t\t\t\t\tv-if=\"showParkingCharges\"\n\t\t\t\t\t>\n\t\t\t\t\t{{localization.parkMoto}}\n\t\t\t\t\t<\/span>\n\n\t\t\t\t<span\n\t\t\t\t\t:class=\"{'app-button':true, toggle:true, active: rentTent}\"\n\t\t\t\t\t@click=\"toggleRentTent()\"\n\t\t\t\t\tv-if=\"showTentExtra\"\n\t\t\t\t\t>\n\t\t\t\t\t{{localization.tentEquipmentRental}}\n\t\t\t\t\t<\/span>\n\t\t\t\t<span\n\t\t\t\t\t:class=\"{'app-button':true, toggle:true, active: rentMatress}\"\n\t\t\t\t\t@click=\"toggleRentMatress()\"\n\t\t\t\t\tv-if=\"showTentExtra\"\n\t\t\t\t\t>\n\t\t\t\t\t{{localization.tentMatressRental}}\n\t\t\t\t\t<\/span>\n\t\t\t<\/div>\n\n\t\t    <div @click=\"calculatePrice\" class=\"app-button calculate\">\n\t\t      {{localization.calculate}}\n\t\t    <\/div>\n\n\t\t\t<p v-if=\"errorMessage\" class=\"app-error\">\n\t\t\t\t{{localization.error}}: {{ errorMessage }}\n\t\t\t<\/p>\n\n\t\t    <p v-if=\"cost\" class=\"app-cost\">\n\t\t\t\t{{localization.cost}}: {{ cost }}\u20ac, {{ dayChart.reduce((partialSum,\n\t\t\t\ta)=> partialSum + a) }} {{ localization.overnightStays }}\n\t\t    <\/p>\n\n\n\t\t<\/div>\n\t\t<p class=\"app-error\" v-else>{{localization.outOfOrder}}<\/p>\n\n\t<\/div>\n\n<\/div>      <\/div><!-- info-header -->\n      <div class=\"info-footer\">\n                <span class=\"simos-button\">\n          <a href=\"https:\/\/simos.campsaround.com\/accommodation\/bell-tents\/\" target=_blank>BUCHEN<\/a>\n        <\/span>\n              <\/div><!-- info-footer -->\n    <\/div><!-- info -->\n  <\/div><!-- wrapper -->\n<\/div><!-- accommodation-single -->\n\n\n<script>\nvar si;\njQuery(document).ready(function($) {\n  if(typeof sc_ajax_object !== 'undefined') {\n\n    lightGallery(document.getElementById('acf-block_ca41a467c5f300169516eb0b1a4995cb-lightbox'), {\n        thumbnail: false,\n        \/\/ showCloseIcon: true,\n        download: false\n    });\n\n\n\n    si = $('#acf-block_ca41a467c5f300169516eb0b1a4995cb .royalSlider').royalSlider({\n      addActiveClass: true,\n      \/\/ controlInside: false,\n      \/\/ usePreloader: false,\n      \/\/ loop: true,\n      arrowsNav: true,\n      controlNavigation: 'none',\n      controlsInside: true,\n      \/\/ autoScaleSlider: true, \n      \/\/ autoScaleSliderWidth: 801,     \n      \/\/ autoScaleSliderHeight: 1201,\n      loop: true,\n      fadeinLoadedSlide: false,\n      globalCaption: false,\n      keyboardNavEnabled: true,\n      globalCaptionInside: false,\n\n      \/\/slidesSpacing: 1,\n      \/\/ autoHeight: true,\n      imageScaleMode: 'fill',\n      autoPlay: {\n        \/\/ autoplay options go gere\n        enabled: true,\n        pauseOnHover: true,\n        delay: 3000,\n        stopAtAction: true\n      },\n      transitionType: 'fade'\n      \/\/ fullscreen: {\n      \/\/   \/\/ fullscreen options go gere\n      \/\/   enabled: true,\n      \/\/   nativeFS: false\n      \/\/ }\n    }).data('royalSlider');\n    \/\/ jQuery('.rsSlide').on('click', function() {si.enterFullscreen();});\n  }\n\n\n\n  \/\/ si.ev.on('rsEnterFullscreen', function() {\n  \/\/   \/\/ si.st.imageScaleMode = 'none'; \/\/ or 'fill', 'none', etc.\n  \/\/   si.st.imageScaleMode = 'fit';\n  \/\/   si.updateSliderSize(true);\n  \/\/ });\n\n  \/\/ si.ev.on('rsExitFullscreen', function() {\n  \/\/   \/\/ si.st.imageScaleMode = 'fit'; \/\/ Revert to original or desired default\n  \/\/   si.st.imageScaleMode = 'fill';\n  \/\/   si.updateSliderSize(true);\n  \/\/ });\n\n\n\n\n\n});\n\n<\/script><\/div><\/div>\n\n\n\n<div class=\"wp-block-group\" style=\"margin-top:87px\"><div class=\"wp-block-group__inner-container is-layout-constrained wp-block-group-is-layout-constrained\"><div id=\"acf-block_1c5cdde4eb2fc15e3a77db596e1b96d5\" class=\"blur-bkg fw-text-banner-block \">\n\n\t<div class=\"wrapper\">\n\n\t\t\n\n\t\t<div class=\"img\" style=\"background-image: url('https:\/\/simoscamping.gr\/wp-content\/uploads\/2026\/01\/sand-dunes.jpg');\">\n\t\t\t<div class=\"text-wrapper fade-up\">\n\t\t\t\t<div class=\"title\">Bei Simos Camping haben Sie die M\u00f6glichkeiten, sich wie Sie selbst zu f\u00fchlen!<\/div>\n\t\t\t\t\t\t\t\t<div class=\"text\"><p>Die Sterne sind ein Wegweiser!<br \/>\nNicht die Michelin-Sterne. Nicht die von F\u00fcnf-Sterne-Hotels. Die endlosen Sterne, die den ewigen Sommer unserer Herzen begleiten. Schauen Sie nach oben!<\/p>\n<\/div>\n\t\t\t\t\t\t\t\t\t\t\t<\/div>\n\t\t<\/div>\n\n\t\t\t\t<style>\n\t\t\t#acf-block_1c5cdde4eb2fc15e3a77db596e1b96d5 {--blockImageUrl:url(https:\/\/simoscamping.gr\/wp-content\/uploads\/2026\/01\/sand-dunes.jpg)}\n\t\t<\/style>\n\t\t\n\n\t\t\t<\/div>\n\n<\/div>\n\n<\/div><\/div>\n\n\n\n<div class=\"wp-block-group\" style=\"margin-top:87px\"><div class=\"wp-block-group__inner-container is-layout-constrained wp-block-group-is-layout-constrained\"><div id=\"acf-block_7f68a2d46f97943eda998a37d7ca6d9e\" class=\"header-block fw-text-banner-block \">\n\n\t<div class=\"wrapper\">\n\n\t\t\n\n\t\t<div class=\"img\" >\n\t\t\t<div class=\"text-wrapper fade-up\">\n\t\t\t\t<div class=\"title\">Erfahren Sie, was Sie f\u00fcr Ihren Aufenthalt brauchen!<\/div>\n\t\t\t\t\t\t\t\t<div class=\"text\"><p>Wachen Sie zum Rauschen der Wellen auf, genie\u00dfen Sie Ihren Kaffee am Meer und entspannen Sie am exotischsten Strand von Elafonisos. Ob Sie ein Zelt unter freiem Himmel oder Glamping f\u00fcr mehr Komfort w\u00e4hlen \u2013 hier erleben Sie das ultimative Sommergef\u00fchl!<br \/>\nWassersport, Filmabende, k\u00f6stliche K\u00f6stlichkeiten und alle Annehmlichkeiten, die Sie brauchen, um Ihren Urlaub unvergesslich zu machen.<\/p>\n<\/div>\n\t\t\t\t\t\t\t\t\t\t\t    <span class=\"simos-button\">\n\t\t\t    \t<a href=\"https:\/\/simoscamping.gr\/de\/zulagen\/\" >DIENSTLEISTUNGEN \/ ZULAGEN<\/a>\n\t\t\t\t<\/span>\n\t\t\t\t\t\t\t<\/div>\n\t\t<\/div>\n\n\t\t\n\n\t\t\t<\/div>\n\n<\/div>\n\n<script>\njQuery(document).ready(function($) {\n  \/\/ so it doesn't load in the dashboard\n  if(typeof sc_ajax_object !== 'undefined') {\n    var banner = jQuery(\"#acf-block_7f68a2d46f97943eda998a37d7ca6d9e.header-block\");\n    if(banner.length > 0) {\n\t    var arrowDown = jQuery(\"<span>\", {\n\t    \tclass: \"arrow-down\"\n\t    })\n    \tbanner.append(arrowDown);\n    }\n\n\t\t\/\/ MOTION.dev\n\t\tconst { animate, scroll, inView } = Motion\n\t\tanimate(\n\t\t\tarrowDown.get(),\n\t\t\t{ y: [0, 5, 0] },\n\t\t\t{ repeat: Infinity, duration: 3 });\n\n  }\n});\n<\/script>\n<\/div><\/div>\n\n\n\n<div class=\"wp-block-group small-width-row\" style=\"margin-top:91px\"><div class=\"wp-block-group__inner-container is-layout-constrained wp-block-group-is-layout-constrained\"><div id=\"acf-block_8b4cf14a41891f90c5d7477362e840c5\" class=\"sc-accordion \">\n\n<div class=\"accordion light\">\n    <div class=\"accordion-entry\">\n    <div class=\"accordion-title\"><h3>Wo kann ich duschen und gibt es warmes Wasser?<\/h3><\/div>\n\n    <div class=\"accordion-panel\">\n      <p>Es gibt saubere Duschen und Toiletten mit warmem Wasser rund um die Uhr, sodass du nach dem Strand oder deinen Aktivit\u00e4ten eine entspannende Dusche genie\u00dfen kannst. Die Anlagen werden regelm\u00e4\u00dfig gereinigt, um maximalen Komfort und Hygiene zu gew\u00e4hrleisten.<\/p>\n    <\/div>\n  <\/div>\n    <div class=\"accordion-entry\">\n    <div class=\"accordion-title\"><h3>Gibt es Parkm\u00f6glichkeiten, wenn ich mit dem Auto oder Motorrad komme?<\/h3><\/div>\n\n    <div class=\"accordion-panel\">\n      <p>Nat\u00fcrlich! Wir haben ausgewiesene Parkpl\u00e4tze f\u00fcr Autos und Motorr\u00e4der innerhalb des Campingplatzes, sodass du deine Unterkunft bequem erreichen kannst. Wenn du keine zus\u00e4tzlichen Kosten m\u00f6chtest, kannst du kostenlos auf dem externen, eingez\u00e4unten Parkplatz parken.<\/p>\n    <\/div>\n  <\/div>\n    <div class=\"accordion-entry\">\n    <div class=\"accordion-title\"><h3>Ist der Strand in der N\u00e4he? Ist er organisiert?<\/h3><\/div>\n\n    <div class=\"accordion-panel\">\n      <p>Der Campingplatz liegt direkt am Strand, mit Stellpl\u00e4tzen in einer Entfernung von 50 bis 300 Metern vom Sand. Der wundersch\u00f6ne Simos-Strand mit seinen D\u00fcnen beginnt genau dort, wo der Zaun des Campingplatzes endet. Er ist vollst\u00e4ndig ausgestattet mit Liegen und Sonnenschirmen. Aufgrund seiner Gr\u00f6\u00dfe gibt es jedoch auch viel Platz f\u00fcr eigene Schirme oder St\u00fchle. Wenn du keine eigene Ausr\u00fcstung mitbringen m\u00f6chtest, bietet unser Mini-Markt g\u00fcnstige L\u00f6sungen f\u00fcr Sonnenschutz und Sitzm\u00f6glichkeiten. Es ist wichtig, den Strand sauber zu halten, da es sich um ein gesch\u00fctztes Natura-Gebiet und den Lebensraum der Caretta-Caretta-Schildkr\u00f6ten handelt.<\/p>\n    <\/div>\n  <\/div>\n    <div class=\"accordion-entry\">\n    <div class=\"accordion-title\"><h3>Wo kann ich kochen?<\/h3><\/div>\n\n    <div class=\"accordion-panel\">\n      <p>Es gibt zwei Gemeinschaftsk\u00fcchen f\u00fcr unsere G\u00e4ste, ausgestattet mit Arbeitsfl\u00e4chen, Sp\u00fclen mit flie\u00dfendem Wasser, Strom, K\u00fchlschr\u00e4nken, Gefrierger\u00e4ten und Elektroherden. Du kannst sie mit deiner eigenen Kochausr\u00fcstung nutzen. Alternativ kannst du im Restaurant des Campingplatzes essen oder Snacks und Lebensmittel im Mini-Markt kaufen.<\/p>\n    <\/div>\n  <\/div>\n    <div class=\"accordion-entry\">\n    <div class=\"accordion-title\"><h3>Sind Haustiere auf dem Campingplatz erlaubt?<\/h3><\/div>\n\n    <div class=\"accordion-panel\">\n      <p>Haustiere sind willkommen, sofern einige Grundregeln eingehalten werden. Sie d\u00fcrfen sich im Campingbereich aufhalten, m\u00fcssen jedoch stets an der Leine gef\u00fchrt werden und ihre Hinterlassenschaften m\u00fcssen sofort entfernt werden. Haustiere sind in Zelten, Wohnmobilen, Wohnwagen und Bungalows erlaubt \u2014 jedoch nicht in Bell-Zelten.<\/p>\n    <\/div>\n  <\/div>\n  <\/div>\n\n<\/div>\n<script>\njQuery(document).ready(function($) {\n    \/\/const accordion_id = \n    if(typeof sc_ajax_object !== 'undefined') {\n      var accordion = $( \"#acf-block_8b4cf14a41891f90c5d7477362e840c5 .accordion\" ).accordion({\n        heightStyle: \"content\",\n        collapsible: true,\n        active: false,\n        heightStyle: \"auto\",\n        animate: 0.5,\n      });\n    \n\n\n      \/\/ accordion.find('.accordion-title').each(function() {\n      \/\/   $(this).append($('<span>', {\n      \/\/     \"class\": \"open-close\"\n      \/\/   }));\n      \/\/ })\n    }\n} );\n<\/script><\/div><\/div>\n\n\n\n<div class=\"wp-block-group\" style=\"margin-top:110px;margin-bottom:54px\"><div class=\"wp-block-group__inner-container is-layout-constrained wp-block-group-is-layout-constrained\"><div id=\"acf-block_6e24ba758cf902d0fabf1c0df9ac3a63\" class=\"wide-style gradient-banner-block fade-in\">\n\n\t<div class=\"bkg-gradient\" style=\"background-color: #8ac6d0;\">\n\t\t<h2 class=\"title\">Kleiner Hinweis: Der Strand ist direkt vor dir, nur 50 Meter entfernt!<\/h2>\n\t<\/div>\n\n\t<style>\n\t\t#acf-block_6e24ba758cf902d0fabf1c0df9ac3a63 {\n\t\t\t--blockColor1:#8ac6d0;\n\t\t\t\t\t}\n\t<\/style>\n\n<\/div>\n<\/div><\/div>\n\n\n\n<div class=\"wp-block-group ticss-f4d5717e\" style=\"margin-top:20px\"><div class=\"wp-block-group__inner-container is-layout-constrained wp-block-group-is-layout-constrained\"><div id=\"acf-block_e3aab72dfd1924836718ec6891fb5042\" class=\"header-block fw-text-banner-block ticss-3e66d6fc\">\n\n\t<div class=\"wrapper\">\n\n\t\t\n\n\t\t<div class=\"img\" >\n\t\t\t<div class=\"text-wrapper fade-up\">\n\t\t\t\t<div class=\"title\">Orientieren Sie sich und genie\u00dfen Sie jeden Moment!<\/div>\n\t\t\t\t\t\t\t\t<div class=\"text\"><p>Der Plan von Simos Camping gibt Ihnen einen ersten \u00dcberblick dar\u00fcber, wo sich was befindet, aber auch, was Sie zuerst tun sollten (gute Frage \u2026). Auf einen Blick erkennen Sie die Bereiche f\u00fcr Zelte, Wohnmobile und Bungalows, die Sanit\u00e4ranlagen, die Unterhaltungsbereiche, den Minimarkt, das Caf\u00e9 und Restaurant sowie den Ausgang zum Strand von Simos!<\/p>\n<\/div>\n\t\t\t\t\t\t\t\t\t\t\t<\/div>\n\t\t<\/div>\n\n\t\t\n\n\t\t\t<\/div>\n\n<\/div>\n\n<script>\njQuery(document).ready(function($) {\n  \/\/ so it doesn't load in the dashboard\n  if(typeof sc_ajax_object !== 'undefined') {\n    var banner = jQuery(\"#acf-block_e3aab72dfd1924836718ec6891fb5042.header-block\");\n    if(banner.length > 0) {\n\t    var arrowDown = jQuery(\"<span>\", {\n\t    \tclass: \"arrow-down\"\n\t    })\n    \tbanner.append(arrowDown);\n    }\n\n\t\t\/\/ MOTION.dev\n\t\tconst { animate, scroll, inView } = Motion\n\t\tanimate(\n\t\t\tarrowDown.get(),\n\t\t\t{ y: [0, 5, 0] },\n\t\t\t{ repeat: Infinity, duration: 3 });\n\n  }\n});\n<\/script>\n<\/div><\/div>\n\n\n<div id=\"acf-block_8e6acd97a0b2e8983de44f59c36cb5c4\" class=\"sc-map \">\n\t<a href=\"#popup-camping-map\">\n\t\t<img loading=\"lazy\" decoding=\"async\" width=\"1920\" height=\"1358\" src=\"https:\/\/simoscamping.gr\/wp-content\/uploads\/2026\/05\/Simos-Map-German.webp\" class=\"attachment-full size-full\" alt=\"\" srcset=\"https:\/\/simoscamping.gr\/wp-content\/uploads\/2026\/05\/Simos-Map-German.webp 1920w, https:\/\/simoscamping.gr\/wp-content\/uploads\/2026\/05\/Simos-Map-German-300x212.webp 300w, https:\/\/simoscamping.gr\/wp-content\/uploads\/2026\/05\/Simos-Map-German-1024x724.webp 1024w, https:\/\/simoscamping.gr\/wp-content\/uploads\/2026\/05\/Simos-Map-German-768x543.webp 768w, https:\/\/simoscamping.gr\/wp-content\/uploads\/2026\/05\/Simos-Map-German-1536x1086.webp 1536w\" sizes=\"auto, (max-width: 1920px) 100vw, 1920px\" \/>\t<\/a>\n<\/div>\n\n<div id=\"acf-block_589e408d40ed60d8fb2f582882415c3d\" class=\"sc-parallax \">\n\n\t<div class=\"wrapper\">\n\t\t<div class=\"text-wrapper fade-up small-width-row\">\n\t\t\t<div class=\"title\">Hier funktioniert alles, um Ihre Tr\u00e4ume zu verwirklichen!<\/div>\n\t\t\t\t\t    <span class=\"simos-button\">\n\t\t    \t<a href=\"https:\/\/simos.campsaround.com\/accommodation\/bell-tents\/\" target=_blank>BUCHEN<\/a>\n\t\t\t<\/span>\n\t\t\t\t\t<\/div>\n\t<\/div>\n\n<\/div>\n\n<script>\n\njQuery(document).ready(function($) {\n\tif(typeof sc_ajax_object !== 'undefined') {\n\t\tconst { animate, scroll, inView } = Motion\n\n\t\tconst block = jQuery(\".sc-parallax\");\n\t\tconst waves = [];\n\n\t\tfor (let i = 0; i < 3; i++) {\n\t\t\twaves[i] = $(\"<div>\", {\n\t\t\t\tclass: \"wave wave-\"+i\n\t\t\t});\n\t\t\tblock.append(waves[i]);\n\t\t}\n\n\n\t\tscroll(animate(0, 1000, {\n\t\t\t\tonUpdate: latest => {\n\t\t\t\t\twaves[0].css(\"background-position\", latest + \"px 0px\");\n\t\t\t\t\twaves[1].css(\"background-position\", -latest + \"px 0px\");\n\t\t\t\t\twaves[2].css(\"background-position\", latest + \"px 0px\");\n\t\t\t\t}\n\t\t\t}\n\t\t))\n\n\n\n\t}\n});\n\n<\/script>","protected":false},"excerpt":{"rendered":"","protected":false},"author":1,"featured_media":0,"parent":0,"menu_order":0,"comment_status":"closed","ping_status":"closed","template":"page-no-title","meta":{"_acf_changed":false,"footnotes":""},"class_list":["post-2182","page","type-page","status-publish","hentry"],"acf":[],"_links":{"self":[{"href":"https:\/\/simoscamping.gr\/de\/wp-json\/wp\/v2\/pages\/2182","targetHints":{"allow":["GET"]}}],"collection":[{"href":"https:\/\/simoscamping.gr\/de\/wp-json\/wp\/v2\/pages"}],"about":[{"href":"https:\/\/simoscamping.gr\/de\/wp-json\/wp\/v2\/types\/page"}],"author":[{"embeddable":true,"href":"https:\/\/simoscamping.gr\/de\/wp-json\/wp\/v2\/users\/1"}],"replies":[{"embeddable":true,"href":"https:\/\/simoscamping.gr\/de\/wp-json\/wp\/v2\/comments?post=2182"}],"version-history":[{"count":12,"href":"https:\/\/simoscamping.gr\/de\/wp-json\/wp\/v2\/pages\/2182\/revisions"}],"predecessor-version":[{"id":2515,"href":"https:\/\/simoscamping.gr\/de\/wp-json\/wp\/v2\/pages\/2182\/revisions\/2515"}],"wp:attachment":[{"href":"https:\/\/simoscamping.gr\/de\/wp-json\/wp\/v2\/media?parent=2182"}],"curies":[{"name":"wp","href":"https:\/\/api.w.org\/{rel}","templated":true}]}}