{"id":2228,"date":"2026-02-02T20:55:06","date_gmt":"2026-02-02T17:55:06","guid":{"rendered":"https:\/\/simoscamping.gr\/campers\/"},"modified":"2026-05-06T12:13:04","modified_gmt":"2026-05-06T09:13:04","slug":"campers","status":"publish","type":"page","link":"https:\/\/simoscamping.gr\/de\/campers\/","title":{"rendered":"Wohnmobile"},"content":{"rendered":"<div id=\"acf-block_2e85505fd091571733d554f62710b504\" class=\"all-left page-image-block \">\n\n\t<div class=\"bkg-image\" style=\"background-image: url('https:\/\/simoscamping.gr\/wp-content\/uploads\/2026\/02\/bell-tent-header.webp');\">\n\t\t\t\t<div class=\"content-wrapper\">\n\t\t\t<div class=\"title\"><h1><b>WOHNMOBILE<\/b><\/h1>\n<\/div>\n\t\t\t<div class=\"sub-title\">\n\t\t\t\t\t\t\t    <p>\u0395\u03ba\u03b5\u03af \u03c0\u03bf\u03c5 \u03b7 \u03c7\u03b1\u03bb\u03ac\u03c1\u03c9\u03c3\u03b7, \u03bf\u03b9 \u03b4\u03b9\u03b1\u03ba\u03bf\u03c0\u03ad\u03c2<br \/>\n\u03ba\u03b1\u03b9 \u03c4\u03bf \u03ba\u03b1\u03bb\u03bf\u03ba\u03b1\u03af\u03c1\u03b9 \u03b3\u03af\u03bd\u03bf\u03bd\u03c4\u03b1\u03b9 \u03ad\u03bd\u03b1.<\/p>\n\t\t\t\t\t\t\t\t\t\t\t<\/div>\n\t\t<\/div>\n\t<\/div>\n\n<\/div>\n\n\n\n<div class=\"wp-block-group ticss-224000b7 fade-in\" style=\"margin-top:140px\"><div class=\"wp-block-group__inner-container is-layout-constrained wp-block-group-is-layout-constrained\"><div id=\"acf-block_f611b060ea726ea0b3f99a98d11f3c6b\" class=\"large-width-row accommodation-single \" aria-hidden='true'>\n\n  <div class=\"wrapper\">\n    <div class=\"slider\">\n      <div class=\"royalSlider rsDefault\" id=\"acf-block_f611b060ea726ea0b3f99a98d11f3c6b-lightbox\">\n      <img decoding=\"async\" class=\"rsImg\" src=\"https:\/\/simoscamping.gr\/wp-content\/uploads\/2026\/03\/camper-slider-1-682x1024.webp\" data-rsBigImg=\"https:\/\/simoscamping.gr\/wp-content\/uploads\/2026\/03\/camper-slider-1.webp\" data-rsw=\"https:\/\/simoscamping.gr\/wp-content\/uploads\/2026\/03\/camper-slider-1-682x1024.webp\" data-rsh=\"https:\/\/simoscamping.gr\/wp-content\/uploads\/2026\/03\/camper-slider-1-682x1024.webp\" alt=\"Camper\" data-src=\"https:\/\/simoscamping.gr\/wp-content\/uploads\/2026\/03\/camper-slider-1.webp\" \/><img decoding=\"async\" class=\"rsImg\" src=\"https:\/\/simoscamping.gr\/wp-content\/uploads\/2026\/03\/camper-slider-2-1024x683.webp\" data-rsBigImg=\"https:\/\/simoscamping.gr\/wp-content\/uploads\/2026\/03\/camper-slider-2.webp\" data-rsw=\"https:\/\/simoscamping.gr\/wp-content\/uploads\/2026\/03\/camper-slider-2-1024x683.webp\" data-rsh=\"https:\/\/simoscamping.gr\/wp-content\/uploads\/2026\/03\/camper-slider-2-1024x683.webp\" alt=\"Camper \u03b2\u03c1\u03ac\u03b4\u03c5 \u03bc\u03b5 \u03c6\u03ce\u03c4\u03b1\" data-src=\"https:\/\/simoscamping.gr\/wp-content\/uploads\/2026\/03\/camper-slider-2.webp\" \/><img decoding=\"async\" class=\"rsImg\" src=\"https:\/\/simoscamping.gr\/wp-content\/uploads\/2026\/03\/camper-slider-3-819x1024.webp\" data-rsBigImg=\"https:\/\/simoscamping.gr\/wp-content\/uploads\/2026\/03\/camper-slider-3.webp\" data-rsw=\"https:\/\/simoscamping.gr\/wp-content\/uploads\/2026\/03\/camper-slider-3-819x1024.webp\" data-rsh=\"https:\/\/simoscamping.gr\/wp-content\/uploads\/2026\/03\/camper-slider-3-819x1024.webp\" alt=\"Campers \u03c0\u03b1\u03c1\u03ba\u03b1\u03c1\u03b9\u03c3\u03bc\u03ad\u03bd\u03b1\" data-src=\"https:\/\/simoscamping.gr\/wp-content\/uploads\/2026\/03\/camper-slider-3.webp\" \/><img decoding=\"async\" class=\"rsImg\" src=\"https:\/\/simoscamping.gr\/wp-content\/uploads\/2026\/03\/camper-slider-4-1024x683.webp\" data-rsBigImg=\"https:\/\/simoscamping.gr\/wp-content\/uploads\/2026\/03\/camper-slider-4.webp\" data-rsw=\"https:\/\/simoscamping.gr\/wp-content\/uploads\/2026\/03\/camper-slider-4-1024x683.webp\" data-rsh=\"https:\/\/simoscamping.gr\/wp-content\/uploads\/2026\/03\/camper-slider-4-1024x683.webp\" alt=\"Camper \u03b2\u03c1\u03ac\u03b4\u03c5\" data-src=\"https:\/\/simoscamping.gr\/wp-content\/uploads\/2026\/03\/camper-slider-4.webp\" \/><img decoding=\"async\" class=\"rsImg\" src=\"https:\/\/simoscamping.gr\/wp-content\/uploads\/2026\/03\/camper-slider-5-1024x683.webp\" data-rsBigImg=\"https:\/\/simoscamping.gr\/wp-content\/uploads\/2026\/03\/camper-slider-5.webp\" data-rsw=\"https:\/\/simoscamping.gr\/wp-content\/uploads\/2026\/03\/camper-slider-5-1024x683.webp\" data-rsh=\"https:\/\/simoscamping.gr\/wp-content\/uploads\/2026\/03\/camper-slider-5-1024x683.webp\" alt=\"Camper \u03c0\u03ac\u03c1\u03ba\u03b9\u03bd\u03b3\u03ba\" data-src=\"https:\/\/simoscamping.gr\/wp-content\/uploads\/2026\/03\/camper-slider-5.webp\" \/>      <\/div><!-- royalSlider -->\n    <\/div><!-- slider -->\n\n    <div class=\"info\">\n      <div class=\"info-header\">\n        <h2 class=\"info-title\">Alle Wege f\u00fchren zu Simos Camping!<\/h2>\n\n        <div class=\"info-text\">\n          <p>Auf dem Simos Camping gibt es einen speziell f\u00fcr Wohnmobile konzipierten Bereich mit der gesamten Infrastruktur, Ausstattung und den Voraussetzungen, die Sie f\u00fcr den sch\u00f6nsten Urlaub Ihres Lebens ben\u00f6tigen.<\/p>\n<p>Alle Stellpl\u00e4tze sind mit Strom- und Wasseranschluss ausgestattet, um den unmittelbaren Bedarf der Autofahrer zu decken. Die standardm\u00e4\u00dfige biologische Kl\u00e4ranlage auf dem Simos Campinggel\u00e4nde rundet Ihr Unterkunftserlebnis ab.<\/p>\n        <\/div><!-- info-text -->\n        <script>\nvar accommodation = \"camper\";\n<\/script>\n<div id=\"acf-block_5692454951ee4ff60667dcc53c9b2e02\" class=\"price-calculator \">\n\n\t<div id=\"price-box\" class=\"price-box\">\n\n\t\t<div v-if=\"dataIsValid\">\n\t\t\t<div class=\"datepicker\">\n\t\t\t\t<label for=\"startDate\">{{localization.arrival}}<\/label>\n\t\t\t\t<input\n\t\t\t\tid=\"startDate\"\n\t\t\t\ttype=\"date\"\n\t\t\t\tref=\"startDate\"\n\t\t\t\t:min=\"prindDate(minDate,0)\"\n\t\t\t\t:max=\"prindDate(maxDate,-1)\"\n\t\t\t\t\/>\n\t\t\t<\/div>\n\n\t\t\t<div class=\"datepicker\">\n\t\t\t\t<label for=\"endDate\">{{localization.departure}}<\/label>\n\t\t\t\t<input\n\t\t\t\t\tid=\"endDate\"\n\t\t\t\t\ttype=\"date\"\n\t\t\t\t\tref=\"endDate\"\n\t\t\t\t\t:min=\"prindDate(minDate,1)\"\n\t\t\t\t\t:max=\"prindDate(maxDate,0)\"\n\t\t\t\t\t\/>\n\t\t\t\t<span\n\t\t\t\t\t:class=\"{'app-button':true, toggle:true, active: lateCheckout}\"\n\t\t\t\t\t@click=\"toggleLateCheckout()\"\n\t\t\t\t\tv-if=\"showLateCheckout\"\n\t\t\t\t\t>\n\t\t\t\t\t{{localization.late_checkout}}\n\t\t\t\t\t<\/span>\n\t\t\t<\/div>\n\n\n\n\t\t\t<div class=\"residents\">\n\t\t\t\t<h4 class=\"price-title\">{{localization.residents}}<\/h4>\n\t\t\t\t<div class=\"count\">\n\t\t\t\t\t<span class=\"label\">{{localization.adults}}<\/span>\n\t\t\t\t\t<span @click=\"changeAdults(-1)\" class=\"count-remove\">\n\t\t\t\t\t\t&#8211; <span class=\"screen-reader-text\">{{localization.remove}}<\/span>\n\t\t\t\t\t<\/span>\n\t\t\t\t\t<span class=\"number\">{{ adults }}<\/span>\n\t\t\t\t\t<span @click=\"changeAdults(1)\" class=\"count-add\">\n\t\t\t\t\t\t+ <span class=\"screen-reader-text\">{{localization.add}}<\/span>\n\t\t\t\t\t<\/span>\n\t\t\t\t<\/div>\n\t\t\t\t<div class=\"count\">\n\t\t\t\t\t<span class=\"label\">{{localization.children}}<\/span>\n\t\t\t\t\t<span @click=\"changeChildren(-1)\" class=\"count-remove\">\n\t\t\t\t\t\t&#8211; <span class=\"screen-reader-text\">{{localization.remove}}<\/span>\n\t\t\t\t\t<\/span>\n\t\t\t\t\t<span class=\"number\">{{ children }}<\/span>\n\t\t\t\t\t<span @click=\"changeChildren(1)\" class=\"count-add\">\n\t\t\t\t\t\t+ <span class=\"screen-reader-text\">{{localization.add}}<\/span>\n\t\t\t\t\t<\/span>\n\t\t\t\t<\/div>\n\t\t\t<\/div>\n\n\n\t\t\t\n\n\n\n\n\t\t\t<div v-if=\"showParkingCharges || showTentExtra\" class=\"extra\">\n\t\t\t\t<h4 class=\"price-title\">{{localization.extra}}<\/h4>\n\t\t\t\t<span\n\t\t\t\t\t:class=\"{'app-button':true, toggle:true, active: parkingCar}\"\n\t\t\t\t\t@click=\"toggleParkingCar()\"\n\t\t\t\t\tv-if=\"showParkingCharges\"\n\t\t\t\t\t>\n\t\t\t\t\t{{localization.parkCar}}\n\t\t\t\t\t<\/span>\n\t\t\t\t<span\n\t\t\t\t\t:class=\"{'app-button':true, toggle:true, active: parkingMoto}\"\n\t\t\t\t\t@click=\"toggleParkingMoto()\"\n\t\t\t\t\tv-if=\"showParkingCharges\"\n\t\t\t\t\t>\n\t\t\t\t\t{{localization.parkMoto}}\n\t\t\t\t\t<\/span>\n\n\t\t\t\t<span\n\t\t\t\t\t:class=\"{'app-button':true, toggle:true, active: rentTent}\"\n\t\t\t\t\t@click=\"toggleRentTent()\"\n\t\t\t\t\tv-if=\"showTentExtra\"\n\t\t\t\t\t>\n\t\t\t\t\t{{localization.tentEquipmentRental}}\n\t\t\t\t\t<\/span>\n\t\t\t\t<span\n\t\t\t\t\t:class=\"{'app-button':true, toggle:true, active: rentMatress}\"\n\t\t\t\t\t@click=\"toggleRentMatress()\"\n\t\t\t\t\tv-if=\"showTentExtra\"\n\t\t\t\t\t>\n\t\t\t\t\t{{localization.tentMatressRental}}\n\t\t\t\t\t<\/span>\n\t\t\t<\/div>\n\n\t\t    <div @click=\"calculatePrice\" class=\"app-button calculate\">\n\t\t      {{localization.calculate}}\n\t\t    <\/div>\n\n\t\t\t<p v-if=\"errorMessage\" class=\"app-error\">\n\t\t\t\t{{localization.error}}: {{ errorMessage }}\n\t\t\t<\/p>\n\n\t\t    <p v-if=\"cost\" class=\"app-cost\">\n\t\t\t\t{{localization.cost}}: {{ cost }}\u20ac, {{ dayChart.reduce((partialSum,\n\t\t\t\ta)=> partialSum + a) }} {{ localization.overnightStays }}\n\t\t    <\/p>\n\n\n\t\t<\/div>\n\t\t<p class=\"app-error\" v-else>{{localization.outOfOrder}}<\/p>\n\n\t<\/div>\n\n<\/div>      <\/div><!-- info-header -->\n      <div class=\"info-footer\">\n              <\/div><!-- info-footer -->\n    <\/div><!-- info -->\n  <\/div><!-- wrapper -->\n<\/div><!-- accommodation-single -->\n\n\n<script>\nvar si;\njQuery(document).ready(function($) {\n  if(typeof sc_ajax_object !== 'undefined') {\n\n    lightGallery(document.getElementById('acf-block_f611b060ea726ea0b3f99a98d11f3c6b-lightbox'), {\n        thumbnail: false,\n        \/\/ showCloseIcon: true,\n        download: false\n    });\n\n\n\n    si = $('#acf-block_f611b060ea726ea0b3f99a98d11f3c6b .royalSlider').royalSlider({\n      addActiveClass: true,\n      \/\/ controlInside: false,\n      \/\/ usePreloader: false,\n      \/\/ loop: true,\n      arrowsNav: true,\n      controlNavigation: 'none',\n      controlsInside: true,\n      \/\/ autoScaleSlider: true, \n      \/\/ autoScaleSliderWidth: 801,     \n      \/\/ autoScaleSliderHeight: 1201,\n      loop: true,\n      fadeinLoadedSlide: false,\n      globalCaption: false,\n      keyboardNavEnabled: true,\n      globalCaptionInside: false,\n\n      \/\/slidesSpacing: 1,\n      \/\/ autoHeight: true,\n      imageScaleMode: 'fill',\n      autoPlay: {\n        \/\/ autoplay options go gere\n        enabled: true,\n        pauseOnHover: true,\n        delay: 3000,\n        stopAtAction: true\n      },\n      transitionType: 'fade'\n      \/\/ fullscreen: {\n      \/\/   \/\/ fullscreen options go gere\n      \/\/   enabled: true,\n      \/\/   nativeFS: false\n      \/\/ }\n    }).data('royalSlider');\n    \/\/ jQuery('.rsSlide').on('click', function() {si.enterFullscreen();});\n  }\n\n\n\n  \/\/ si.ev.on('rsEnterFullscreen', function() {\n  \/\/   \/\/ si.st.imageScaleMode = 'none'; \/\/ or 'fill', 'none', etc.\n  \/\/   si.st.imageScaleMode = 'fit';\n  \/\/   si.updateSliderSize(true);\n  \/\/ });\n\n  \/\/ si.ev.on('rsExitFullscreen', function() {\n  \/\/   \/\/ si.st.imageScaleMode = 'fit'; \/\/ Revert to original or desired default\n  \/\/   si.st.imageScaleMode = 'fill';\n  \/\/   si.updateSliderSize(true);\n  \/\/ });\n\n\n\n\n\n});\n\n<\/script><\/div><\/div>\n\n\n\n<div class=\"wp-block-group\" style=\"margin-top:87px\"><div class=\"wp-block-group__inner-container is-layout-constrained wp-block-group-is-layout-constrained\"><div id=\"acf-block_038a2d4d09454d2be9f17566b91ac167\" class=\"blur-bkg fw-text-banner-block \">\n\n\t<div class=\"wrapper\">\n\n\t\t\n\n\t\t<div class=\"img\" style=\"background-image: url('https:\/\/simoscamping.gr\/wp-content\/uploads\/2026\/01\/sand-dunes.jpg');\">\n\t\t\t<div class=\"text-wrapper fade-up\">\n\t\t\t\t<div class=\"title\">Bei Simos Camping haben Sie die M\u00f6glichkeiten, sich wie Sie selbst zu f\u00fchlen!<\/div>\n\t\t\t\t\t\t\t\t<div class=\"text\"><p>Die Sterne sind ein Wegweiser!<br \/>\nNicht die Michelin-Sterne. Nicht die von F\u00fcnf-Sterne-Hotels. Die endlosen Sterne, die den ewigen Sommer unserer Herzen begleiten. Schauen Sie nach oben!<\/p>\n<\/div>\n\t\t\t\t\t\t\t\t\t\t\t<\/div>\n\t\t<\/div>\n\n\t\t\t\t<style>\n\t\t\t#acf-block_038a2d4d09454d2be9f17566b91ac167 {--blockImageUrl:url(https:\/\/simoscamping.gr\/wp-content\/uploads\/2026\/01\/sand-dunes.jpg)}\n\t\t<\/style>\n\t\t\n\n\t\t\t<\/div>\n\n<\/div>\n\n<\/div><\/div>\n\n\n\n<div class=\"wp-block-group\" style=\"margin-top:87px\"><div class=\"wp-block-group__inner-container is-layout-constrained wp-block-group-is-layout-constrained\"><div id=\"acf-block_5147f6f5659cb068ddcae603bdfde7cf\" class=\"header-block fw-text-banner-block \">\n\n\t<div class=\"wrapper\">\n\n\t\t\n\n\t\t<div class=\"img\" >\n\t\t\t<div class=\"text-wrapper fade-up\">\n\t\t\t\t<div class=\"title\">Erfahren Sie, was Sie f\u00fcr Ihren Aufenthalt brauchen!<\/div>\n\t\t\t\t\t\t\t\t<div class=\"text\"><p>Wachen Sie zum Rauschen der Wellen auf, genie\u00dfen Sie Ihren Kaffee am Meer und entspannen Sie am exotischsten Strand von Elafonisos. Ob Sie ein Zelt unter freiem Himmel oder Glamping f\u00fcr mehr Komfort w\u00e4hlen \u2013 hier erleben Sie das ultimative Sommergef\u00fchl!<br \/>\nWassersport, Filmabende, k\u00f6stliche K\u00f6stlichkeiten und alle Annehmlichkeiten, die Sie brauchen, um Ihren Urlaub unvergesslich zu machen.<\/p>\n<\/div>\n\t\t\t\t\t\t\t\t\t\t\t    <span class=\"simos-button\">\n\t\t\t    \t<a href=\"https:\/\/simoscamping.gr\/de\/zulagen\/\" >DIENSTLEISTUNGEN \/ ZULAGEN<\/a>\n\t\t\t\t<\/span>\n\t\t\t\t\t\t\t<\/div>\n\t\t<\/div>\n\n\t\t\n\n\t\t\t<\/div>\n\n<\/div>\n\n<script>\njQuery(document).ready(function($) {\n  \/\/ so it doesn't load in the dashboard\n  if(typeof sc_ajax_object !== 'undefined') {\n    var banner = jQuery(\"#acf-block_5147f6f5659cb068ddcae603bdfde7cf.header-block\");\n    if(banner.length > 0) {\n\t    var arrowDown = jQuery(\"<span>\", {\n\t    \tclass: \"arrow-down\"\n\t    })\n    \tbanner.append(arrowDown);\n    }\n\n\t\t\/\/ MOTION.dev\n\t\tconst { animate, scroll, inView } = Motion\n\t\tanimate(\n\t\t\tarrowDown.get(),\n\t\t\t{ y: [0, 5, 0] },\n\t\t\t{ repeat: Infinity, duration: 3 });\n\n  }\n});\n<\/script>\n<\/div><\/div>\n\n\n\n<div class=\"wp-block-group small-width-row\" style=\"margin-top:91px\"><div class=\"wp-block-group__inner-container is-layout-constrained wp-block-group-is-layout-constrained\"><div id=\"acf-block_a8b25bb08fb8a2f1826240dde36a952f\" class=\"sc-accordion \">\n\n<div class=\"accordion light\">\n    <div class=\"accordion-entry\">\n    <div class=\"accordion-title\"><h3>Hat jeder Stellplatz Zugang zu Strom?<\/h3><\/div>\n\n    <div class=\"accordion-panel\">\n      <p>Alle Stellpl\u00e4tze haben Zugang zu Strom. Es gibt etwa eine Steckdose f\u00fcr jeweils zwei Stellpl\u00e4tze. F\u00fcr mehr Komfort empfehlen wir, ein Verl\u00e4ngerungskabel von mindestens 10 Metern sowie eine Mehrfachsteckdose mitzubringen.<\/p>\n    <\/div>\n  <\/div>\n    <div class=\"accordion-entry\">\n    <div class=\"accordion-title\"><h3>Wo kann ich die chemische Toilette meines Wohnwagens\/Wohnmobils entleeren?<\/h3><\/div>\n\n    <div class=\"accordion-panel\">\n      <p>Auf dem Campingplatz gibt es einen ausgewiesenen Bereich, in dem du die chemische Toilette und das Grauwasser entleeren kannst.<\/p>\n    <\/div>\n  <\/div>\n    <div class=\"accordion-entry\">\n    <div class=\"accordion-title\"><h3>Gibt es Waschmaschinen und einen Trockner?<\/h3><\/div>\n\n    <div class=\"accordion-panel\">\n      <p>Es gibt einen Bereich mit 2 gro\u00dfen Waschmaschinen. F\u00fcr die Nutzung ben\u00f6tigst du eine M\u00fcnze\/Token von der Rezeption, die du in die Maschine einwirfst, um den Waschvorgang zu starten. Waschmittel musst du selbst mitbringen oder im Mini-Markt bzw. an der Rezeption kaufen. Ein Trockner ist nicht vorhanden.<\/p>\n    <\/div>\n  <\/div>\n    <div class=\"accordion-entry\">\n    <div class=\"accordion-title\"><h3>Ist der Strand in der N\u00e4he? Ist er organisiert?<\/h3><\/div>\n\n    <div class=\"accordion-panel\">\n      <p>Der Campingplatz liegt direkt am Strand, mit Stellpl\u00e4tzen in einer Entfernung von 50 bis 300 Metern vom Sand. Der wundersch\u00f6ne Simos-Strand mit seinen D\u00fcnen beginnt genau dort, wo der Zaun des Campingplatzes endet. Er ist vollst\u00e4ndig ausgestattet mit Liegen und Sonnenschirmen. Aufgrund seiner Gr\u00f6\u00dfe gibt es jedoch auch viel Platz f\u00fcr eigene Schirme oder St\u00fchle. Wenn du keine eigene Ausr\u00fcstung mitbringen m\u00f6chtest, bietet unser Mini-Markt g\u00fcnstige L\u00f6sungen f\u00fcr Sonnenschutz und Sitzm\u00f6glichkeiten. Es ist wichtig, den Strand sauber zu halten, da es sich um ein gesch\u00fctztes Natura-Gebiet und den Lebensraum der Caretta-Caretta-Schildkr\u00f6ten handelt.<\/p>\n    <\/div>\n  <\/div>\n    <div class=\"accordion-entry\">\n    <div class=\"accordion-title\"><h3>Wo kann ich duschen und gibt es warmes Wasser?<\/h3><\/div>\n\n    <div class=\"accordion-panel\">\n      <p>Es gibt saubere Duschen und Toiletten mit warmem Wasser rund um die Uhr, sodass du nach dem Strand oder deinen Aktivit\u00e4ten eine entspannende Dusche genie\u00dfen kannst. Die Anlagen werden regelm\u00e4\u00dfig gereinigt, um maximalen Komfort und Hygiene zu gew\u00e4hrleisten.<\/p>\n    <\/div>\n  <\/div>\n  <\/div>\n\n<\/div>\n<script>\njQuery(document).ready(function($) {\n    \/\/const accordion_id = \n    if(typeof sc_ajax_object !== 'undefined') {\n      var accordion = $( \"#acf-block_a8b25bb08fb8a2f1826240dde36a952f .accordion\" ).accordion({\n        heightStyle: \"content\",\n        collapsible: true,\n        active: false,\n        heightStyle: \"auto\",\n        animate: 0.5,\n      });\n    \n\n\n      \/\/ accordion.find('.accordion-title').each(function() {\n      \/\/   $(this).append($('<span>', {\n      \/\/     \"class\": \"open-close\"\n      \/\/   }));\n      \/\/ })\n    }\n} );\n<\/script><\/div><\/div>\n\n\n\n<div class=\"wp-block-columns is-not-stacked-on-mobile content-width-row flexwrap-on-mobile is-layout-flex wp-container-core-columns-is-layout-489613b8 wp-block-columns-is-layout-flex\" style=\"margin-top:101px\">\n<div class=\"wp-block-column ticss-82419eac fade-left is-layout-flow wp-block-column-is-layout-flow\" style=\"flex-basis:20%\">\n<figure class=\"wp-block-image size-full\"><img loading=\"lazy\" decoding=\"async\" width=\"385\" height=\"554\" src=\"https:\/\/simoscamping.gr\/wp-content\/uploads\/2026\/02\/milo-pet-dog-385.webp\" alt=\"\u039a\u03b1\u03c4\u03bf\u03b9\u03ba\u03af\u03b4\u03b9\u03bf \u03c3\u03ba\u03cd\u03bb\u03bf\u03c2 Milo\" class=\"wp-image-1242\" srcset=\"https:\/\/simoscamping.gr\/wp-content\/uploads\/2026\/02\/milo-pet-dog-385.webp 385w, https:\/\/simoscamping.gr\/wp-content\/uploads\/2026\/02\/milo-pet-dog-385-208x300.webp 208w\" sizes=\"auto, (max-width: 385px) 100vw, 385px\" \/><\/figure>\n<\/div>\n\n\n\n<div class=\"wp-block-column ticss-5d8ead68 fade-right is-layout-flow wp-block-column-is-layout-flow\" style=\"flex-basis:80%\">\n<h2 class=\"wp-block-heading gradient-text\"><strong>Camping f\u00fcr Haustiere<\/strong><\/h2>\n\n\n\n<h3 class=\"wp-block-heading\">Bei Simos Camping ist Ihr Haustier auch unser Haustier!<\/h3>\n\n\n\n<p>Ein sch\u00f6ner Urlaub bedeutet, eine sch\u00f6ne Zeit mit seinen Liebsten zu verbringen, und ein Urlaub ohne unsere treuen Freunde ist nat\u00fcrlich unm\u00f6glich!<\/p>\n\n\n\n<p>Reservieren Sie und informieren Sie uns \u00fcber Ihren vierbeinigen Begleiter. Das ist alles. Wir sorgen daf\u00fcr, dass Sie in speziell daf\u00fcr vorgesehenen Bereichen f\u00fcr Vierbeiner und andere Haustiere untergebracht werden!<\/p>\n\n\n\n<p>Unsere geliebten Freunde m\u00fcssen jedoch w\u00e4hrend ihres gesamten Aufenthalts auf Simos Camping stets an der Leine und unter Ihrer Aufsicht sein. Und vergessen Sie nicht, das Gesundheitsbuch Ihres Haustieres mitzuf\u00fchren, darauf zu achten, dass andere Bewohner nicht gest\u00f6rt werden, und den Kot Ihres Haustieres einzusammeln (was Sie ja sowieso tun).<\/p>\n<\/div>\n<\/div>\n\n\n\n<div class=\"wp-block-group\" style=\"margin-top:110px\"><div class=\"wp-block-group__inner-container is-layout-constrained wp-block-group-is-layout-constrained\"><div id=\"acf-block_aa6ac64f4c39afb761d5b89bedef6f7a\" class=\"wide-style gradient-banner-block fade-in\">\n\n\t<div class=\"bkg-gradient\" style=\"background-color: #8ac6d0;\">\n\t\t<h2 class=\"title\">Kleiner Hinweis: Der Strand ist direkt vor dir, nur 50 Meter entfernt!<\/h2>\n\t<\/div>\n\n\t<style>\n\t\t#acf-block_aa6ac64f4c39afb761d5b89bedef6f7a {\n\t\t\t--blockColor1:#8ac6d0;\n\t\t\t\t\t}\n\t<\/style>\n\n<\/div>\n<\/div><\/div>\n\n\n\n<div class=\"wp-block-group ticss-f4d5717e\" style=\"margin-top:10px\"><div class=\"wp-block-group__inner-container is-layout-constrained wp-block-group-is-layout-constrained\"><div id=\"acf-block_4b034901c9171164ac48910a8982109d\" class=\"header-block fw-text-banner-block ticss-3e66d6fc\">\n\n\t<div class=\"wrapper\">\n\n\t\t\n\n\t\t<div class=\"img\" >\n\t\t\t<div class=\"text-wrapper fade-up\">\n\t\t\t\t<div class=\"title\">Orientieren Sie sich und genie\u00dfen Sie jeden Moment!<\/div>\n\t\t\t\t\t\t\t\t<div class=\"text\"><p>Der Plan von Simos Camping gibt Ihnen einen ersten \u00dcberblick dar\u00fcber, wo sich was befindet, aber auch, was Sie zuerst tun sollten (gute Frage \u2026). Auf einen Blick erkennen Sie die Bereiche f\u00fcr Zelte, Wohnmobile und Bungalows, die Sanit\u00e4ranlagen, die Unterhaltungsbereiche, den Minimarkt, das Caf\u00e9 und Restaurant sowie den Ausgang zum Strand von Simos!<\/p>\n<\/div>\n\t\t\t\t\t\t\t\t\t\t\t<\/div>\n\t\t<\/div>\n\n\t\t\n\n\t\t\t<\/div>\n\n<\/div>\n\n<script>\njQuery(document).ready(function($) {\n  \/\/ so it doesn't load in the dashboard\n  if(typeof sc_ajax_object !== 'undefined') {\n    var banner = jQuery(\"#acf-block_4b034901c9171164ac48910a8982109d.header-block\");\n    if(banner.length > 0) {\n\t    var arrowDown = jQuery(\"<span>\", {\n\t    \tclass: \"arrow-down\"\n\t    })\n    \tbanner.append(arrowDown);\n    }\n\n\t\t\/\/ MOTION.dev\n\t\tconst { animate, scroll, inView } = Motion\n\t\tanimate(\n\t\t\tarrowDown.get(),\n\t\t\t{ y: [0, 5, 0] },\n\t\t\t{ repeat: Infinity, duration: 3 });\n\n  }\n});\n<\/script>\n<\/div><\/div>\n\n\n<div id=\"acf-block_81dd054395083fd66c914cfb56c1edd1\" class=\"sc-map \">\n\t<a href=\"#popup-camping-map\">\n\t\t<img loading=\"lazy\" decoding=\"async\" width=\"1920\" height=\"1358\" src=\"https:\/\/simoscamping.gr\/wp-content\/uploads\/2026\/05\/Simos-Map-German.webp\" class=\"attachment-full size-full\" alt=\"\" srcset=\"https:\/\/simoscamping.gr\/wp-content\/uploads\/2026\/05\/Simos-Map-German.webp 1920w, https:\/\/simoscamping.gr\/wp-content\/uploads\/2026\/05\/Simos-Map-German-300x212.webp 300w, https:\/\/simoscamping.gr\/wp-content\/uploads\/2026\/05\/Simos-Map-German-1024x724.webp 1024w, https:\/\/simoscamping.gr\/wp-content\/uploads\/2026\/05\/Simos-Map-German-768x543.webp 768w, https:\/\/simoscamping.gr\/wp-content\/uploads\/2026\/05\/Simos-Map-German-1536x1086.webp 1536w\" sizes=\"auto, (max-width: 1920px) 100vw, 1920px\" \/>\t<\/a>\n<\/div>\n\n<div id=\"acf-block_17a9b96039a57457fe1fa503530cd37b\" class=\"sc-parallax \">\n\n\t<div class=\"wrapper\">\n\t\t<div class=\"text-wrapper fade-up small-width-row\">\n\t\t\t<div class=\"title\">Hier funktioniert alles, um Ihre Tr\u00e4ume zu verwirklichen!<\/div>\n\t\t\t\t\t<\/div>\n\t<\/div>\n\n<\/div>\n\n<script>\n\njQuery(document).ready(function($) {\n\tif(typeof sc_ajax_object !== 'undefined') {\n\t\tconst { animate, scroll, inView } = Motion\n\n\t\tconst block = jQuery(\".sc-parallax\");\n\t\tconst waves = [];\n\n\t\tfor (let i = 0; i < 3; i++) {\n\t\t\twaves[i] = $(\"<div>\", {\n\t\t\t\tclass: \"wave wave-\"+i\n\t\t\t});\n\t\t\tblock.append(waves[i]);\n\t\t}\n\n\n\t\tscroll(animate(0, 1000, {\n\t\t\t\tonUpdate: latest => {\n\t\t\t\t\twaves[0].css(\"background-position\", latest + \"px 0px\");\n\t\t\t\t\twaves[1].css(\"background-position\", -latest + \"px 0px\");\n\t\t\t\t\twaves[2].css(\"background-position\", latest + \"px 0px\");\n\t\t\t\t}\n\t\t\t}\n\t\t))\n\n\n\n\t}\n});\n\n<\/script>","protected":false},"excerpt":{"rendered":"<p>Camping f\u00fcr Haustiere Bei Simos Camping ist Ihr Haustier auch unser Haustier! Ein sch\u00f6ner Urlaub bedeutet, eine sch\u00f6ne Zeit mit seinen Liebsten zu verbringen, und ein Urlaub ohne unsere treuen Freunde ist nat\u00fcrlich unm\u00f6glich! Reservieren Sie und informieren Sie uns \u00fcber Ihren vierbeinigen Begleiter. Das ist alles. Wir sorgen daf\u00fcr, dass Sie in speziell daf\u00fcr [&hellip;]<\/p>\n","protected":false},"author":1,"featured_media":0,"parent":0,"menu_order":0,"comment_status":"closed","ping_status":"closed","template":"page-no-title","meta":{"_acf_changed":false,"footnotes":""},"class_list":["post-2228","page","type-page","status-publish","hentry"],"acf":[],"_links":{"self":[{"href":"https:\/\/simoscamping.gr\/de\/wp-json\/wp\/v2\/pages\/2228","targetHints":{"allow":["GET"]}}],"collection":[{"href":"https:\/\/simoscamping.gr\/de\/wp-json\/wp\/v2\/pages"}],"about":[{"href":"https:\/\/simoscamping.gr\/de\/wp-json\/wp\/v2\/types\/page"}],"author":[{"embeddable":true,"href":"https:\/\/simoscamping.gr\/de\/wp-json\/wp\/v2\/users\/1"}],"replies":[{"embeddable":true,"href":"https:\/\/simoscamping.gr\/de\/wp-json\/wp\/v2\/comments?post=2228"}],"version-history":[{"count":12,"href":"https:\/\/simoscamping.gr\/de\/wp-json\/wp\/v2\/pages\/2228\/revisions"}],"predecessor-version":[{"id":2519,"href":"https:\/\/simoscamping.gr\/de\/wp-json\/wp\/v2\/pages\/2228\/revisions\/2519"}],"wp:attachment":[{"href":"https:\/\/simoscamping.gr\/de\/wp-json\/wp\/v2\/media?parent=2228"}],"curies":[{"name":"wp","href":"https:\/\/api.w.org\/{rel}","templated":true}]}}