{"id":2347,"date":"2025-11-27T14:37:30","date_gmt":"2025-11-27T11:37:30","guid":{"rendered":"https:\/\/simoscamping.gr\/paralia-simos\/"},"modified":"2026-05-04T21:10:57","modified_gmt":"2026-05-04T18:10:57","slug":"simos-strand","status":"publish","type":"page","link":"https:\/\/simoscamping.gr\/de\/simos-strand\/","title":{"rendered":"Simos Strand"},"content":{"rendered":"<div id=\"acf-block_9ed79ee1cecc5d24d7a104124520c6e1\" class=\"default page-image-block \">\n\n\t<div class=\"bkg-image\" style=\"background-image: url('https:\/\/simoscamping.gr\/wp-content\/uploads\/2026\/02\/simos-beach-header.webp');\">\n\t\t\t\t<div class=\"content-wrapper\">\n\t\t\t<div class=\"title\"><h1>Simos Strand<\/h1>\n<\/div>\n\t\t\t<div class=\"sub-title\">\n\t\t\t\t\t\t\t    <p>\u0397 \u03bc\u03b1\u03b3\u03b5\u03af\u03b1 \u03c4\u03b7\u03c2 \u03c0\u03b1\u03c1\u03b1\u03bb\u03af\u03b1\u03c2,<br \/>\n\u03bc\u03c0\u03c1\u03bf\u03c3\u03c4\u03ac \u03c3\u03b1\u03c2<\/p>\n\t\t\t\t\t\t\t\t\t\t\t    <span class=\"simos-button\">\n\t\t\t    \t<a href=\"https:\/\/simos.campsaround.com\/\" target=_blank>BUCHEN<\/a>\n\t\t\t\t<\/span>\n\t\t\t\t\t\t\t<\/div>\n\t\t<\/div>\n\t<\/div>\n\n<\/div>\n\n\n\n<div class=\"wp-block-group content-width-row ticss-a70dba75 fade-left\" style=\"margin-top:48px\"><div class=\"wp-block-group__inner-container is-layout-constrained wp-block-group-is-layout-constrained\">\n<div class=\"wp-block-group ticss-8b43be22\"><div class=\"wp-block-group__inner-container is-layout-constrained wp-block-group-is-layout-constrained\">\n<p><strong>Schlie\u00dfen Sie die Augen\u2026<\/strong><br>Stellen Sie sich den ultimativen Strand vor. Den, von dem Sie getr\u00e4umt haben\u2026<br>Zedern spenden Schatten, weiche Sandd\u00fcnen, wei\u00dfgoldener Sand, der im endlosen blaugr\u00fcnen Wasser verschwindet. Das ist der Strand von Simos \u2013 eine Landschaft, die alle Vorstellungen und Erwartungen \u00fcbertrifft.<\/p>\n\n\n\n<p>Das ultimative Bild von Elafonisos: nat\u00fcrliche Sandd\u00fcnen von bis zu 10 Metern H\u00f6he, wundersch\u00f6ne Seelilien, die aus dem Sand ragen, und ein Landstreifen, der scheinbar bis zum Horizont reicht.<\/p>\n\n\n\n<p><strong>Und jetzt \u00f6ffnen Sie die Augen\u2026<\/strong><br>Ja, Sie sind hier! Am traumhaftesten Strand, in der nat\u00fcrlichen Verl\u00e4ngerung des Simos Camping. Jetzt bleibt nur noch, den Moment zu genie\u00dfen.<\/p>\n<\/div><\/div>\n<\/div><\/div>\n\n\n\n<div class=\"wp-block-group content-width-row fade-left\" style=\"margin-top:48px\"><div class=\"wp-block-group__inner-container is-layout-constrained wp-block-group-is-layout-constrained\">\n<p><strong>Der Strand, der wie aus einem M\u00e4rchen aussieht \u2026<\/strong><\/p>\n\n\n\n<p><strong>Der Simos-Strand auf Elafonisos ist nicht nur ein Naturwunder \u2013 er ist auch ein Ort voller Geschichten, Ger\u00fcchte und Fantasie.<\/strong><\/p>\n\n\n\n<p><strong>Es mag keine offiziellen antiken Mythen dar\u00fcber geben, aber die Einheimischen hatten schon immer etwas \u00fcber diesen Strand mit goldenem Sand und blauem Wasser zu erz\u00e4hlen.<\/strong><\/p>\n<\/div><\/div>\n\n\n\n<div class=\"wp-block-group dark-bkg-block\"><div class=\"wp-block-group__inner-container is-layout-constrained wp-block-group-is-layout-constrained\">\n<div class=\"wp-block-group content-width-row\" style=\"padding-top:31px;padding-bottom:31px\"><div class=\"wp-block-group__inner-container is-layout-constrained wp-block-group-is-layout-constrained\">\n<p class=\"fade-left\"><strong>Wer war Simos?<\/strong><br>Niemand wei\u00df es genau. Aber einige Geschichten stechen hervor:<br><strong>Pirat oder Seefahrer Simos<\/strong><br>Eine alte lokale \u00dcberlieferung besagt, dass der Strand nach einem Kapit\u00e4n oder Piraten benannt wurde, der hier Schiffbruch erlitt oder die Doppelbucht nutzte, um sein Schiff zu verstecken. Die Sandd\u00fcnen boten perfekten Schutz \u2013 und manche sagen, sein Schatz sei noch immer irgendwo hier vergraben \u2026 aber das haben Sie nicht von uns geh\u00f6rt.<br><strong>Mykenisches Simos<\/strong><br>Der Name \u201eSimos\u201c existiert seit dem antiken Griechenland, vielleicht sogar seit der mykenischen Zeit. Andere sagen, der Strand sei zu Ehren eines Landbesitzers oder einer wichtigen Person benannt worden, die vor Tausenden von Jahren hier lebte. Nur wenige Meter entfernt, in Pavlopetri, liegt eine der \u00e4ltesten versunkenen St\u00e4dte der Welt. Viele glauben, dass die Gegend um Simos auch f\u00fcr die Minoer oder Mykener eine spirituelle Bedeutung hatte. Vielleicht sind diese D\u00fcnen \u00e4lter, als wir uns vorstellen\u2026<br><strong>Die Fee und der Fischer<\/strong><br>Der beliebteste Mythos ist jedoch romantischer\u2026 Simos, so erz\u00e4hlt man sich, war ein einfacher Fischer, der sich in eine Meeresfee verliebte. Sie erschien nur bei Vollmond, und die beiden trafen sich heimlich in den D\u00fcnen. Bis Simos eines Nachts nie zur\u00fcckkehrte. Seitdem kann man, wenn der Mond durch die Zedern weht, ihren Gesang h\u00f6ren \u2013 und manche sagen, sie sucht immer noch nach ihrem Geliebten. S\u00fc\u00df? Vielleicht. Romantisch? Absolut.<\/p>\n<\/div><\/div>\n<\/div><\/div>\n\n\n\n<div class=\"wp-block-group content-width-row fade-up\" style=\"margin-top:48px\"><div class=\"wp-block-group__inner-container is-layout-constrained wp-block-group-is-layout-constrained\">\n<div class=\"wp-block-group ticss-72466175\"><div class=\"wp-block-group__inner-container is-layout-constrained wp-block-group-is-layout-constrained\">\n<p><strong><strong>Wenn Sie das n\u00e4chste Mal in den D\u00fcnen spazieren gehen oder unter den Zedern sitzen, h\u00f6ren Sie genau hin\u2026 Man wei\u00df nie, welche Geheimnisse Simos Ihnen zufl\u00fcstern wird.<\/strong><\/strong><\/p>\n<\/div><\/div>\n<\/div><\/div>\n\n\n\n<div class=\"wp-block-group content-medium-width-row ticss-105f26c2\" style=\"margin-top:70px\"><div class=\"wp-block-group__inner-container is-layout-constrained wp-block-group-is-layout-constrained\">\n<h2 class=\"wp-block-heading gradient-text\" style=\"margin-bottom:30px\">Gallery<\/h2>\n\n\n<div id=\"acf-block_2e3e3ee1fd66efb47742d36a9caa4a7e\" class=\"sc-mosaic \" aria-hidden='true'>\n\n\n\n\t    <a href=\"https:\/\/simoscamping.gr\/wp-content\/uploads\/2026\/02\/simos-beach-1.webp\"><img decoding=\"async\" src=\"https:\/\/simoscamping.gr\/wp-content\/uploads\/2026\/02\/simos-beach-1-1024x683.webp\" alt=\"\u0393\u03b1\u03bb\u03b1\u03be\u03af\u03b1\u03c2 \u0395\u03bb\u03b1\u03c6\u03cc\u03bd\u03b7\u03c3\u03bf\u03c2\" class=\"fade-in\" \/><\/a>\n\t    <a href=\"https:\/\/simoscamping.gr\/wp-content\/uploads\/2026\/02\/simos-beach-17.webp\"><img decoding=\"async\" src=\"https:\/\/simoscamping.gr\/wp-content\/uploads\/2026\/02\/simos-beach-17-1024x683.webp\" alt=\"\u03a0\u03b1\u03c1\u03b1\u03bb\u03af\u03b1 \u03a3\u03af\u03bc\u03bf\u03c2 \u03b1\u03bc\u03bc\u03cc\u03bb\u03bf\u03c6\u03bf\u03b9\" class=\"fade-in\" \/><\/a>\n\t    <a href=\"https:\/\/simoscamping.gr\/wp-content\/uploads\/2026\/02\/simos-beach-16.webp\"><img decoding=\"async\" src=\"https:\/\/simoscamping.gr\/wp-content\/uploads\/2026\/02\/simos-beach-16.webp\" alt=\"\u03a0\u03b1\u03c1\u03b1\u03bb\u03af\u03b1 \u0395\u03bb\u03b1\u03c6\u03cc\u03bd\u03b7\u03c3\u03bf\u03c2\" class=\"fade-in\" \/><\/a>\n\t    <a href=\"https:\/\/simoscamping.gr\/wp-content\/uploads\/2026\/02\/simos-beach-14.webp\"><img decoding=\"async\" src=\"https:\/\/simoscamping.gr\/wp-content\/uploads\/2026\/02\/simos-beach-14-1024x683.webp\" alt=\"\u03a0\u03b1\u03c1\u03b1\u03bb\u03af\u03b1 \u03a3\u03af\u03bc\u03bf\u03c2 \u03b4\u03b9\u03ac\u03b4\u03c1\u03bf\u03bc\u03bf\u03c2\" class=\"fade-in\" \/><\/a>\n\t    <a href=\"https:\/\/simoscamping.gr\/wp-content\/uploads\/2026\/02\/simos-beach-15.webp\"><img decoding=\"async\" src=\"https:\/\/simoscamping.gr\/wp-content\/uploads\/2026\/02\/simos-beach-15-689x1024.webp\" alt=\"\u039a\u03b1\u03c4\u03b1\u03bc\u03b1\u03c1\u03ac\u03bd\" class=\"fade-in\" \/><\/a>\n\t    <a href=\"https:\/\/simoscamping.gr\/wp-content\/uploads\/2026\/02\/simos-beach-13.webp\"><img decoding=\"async\" src=\"https:\/\/simoscamping.gr\/wp-content\/uploads\/2026\/02\/simos-beach-13-1024x683.webp\" alt=\"\u039f\u03bc\u03c0\u03c1\u03ad\u03bb\u03b1 \u03c0\u03b1\u03c1\u03b1\u03bb\u03af\u03b1\u03c2\" class=\"fade-in\" \/><\/a>\n\t    <a href=\"https:\/\/simoscamping.gr\/wp-content\/uploads\/2026\/02\/simos-beach-12.webp\"><img decoding=\"async\" src=\"https:\/\/simoscamping.gr\/wp-content\/uploads\/2026\/02\/simos-beach-12-1024x683.webp\" alt=\"Watersports\" class=\"fade-in\" \/><\/a>\n\t    <a href=\"https:\/\/simoscamping.gr\/wp-content\/uploads\/2026\/02\/simos-beach-11.webp\"><img decoding=\"async\" src=\"https:\/\/simoscamping.gr\/wp-content\/uploads\/2026\/02\/simos-beach-11-1024x566.webp\" alt=\"\u03a0\u03b1\u03c1\u03b1\u03bb\u03af\u03b1 \u03a3\u03af\u03bc\u03bf\u03c2 \u03ba\u03cd\u03bc\u03b1\" class=\"fade-in\" \/><\/a>\n\t    <a href=\"https:\/\/simoscamping.gr\/wp-content\/uploads\/2026\/02\/simos-beach-10.webp\"><img decoding=\"async\" src=\"https:\/\/simoscamping.gr\/wp-content\/uploads\/2026\/02\/simos-beach-10-682x1024.webp\" alt=\"\u03a0\u03b1\u03c1\u03b1\u03bb\u03af\u03b1 \u03ba\u03b1\u03c1\u03ac\u03b2\u03b9\" class=\"fade-in\" \/><\/a>\n\t    <a href=\"https:\/\/simoscamping.gr\/wp-content\/uploads\/2026\/02\/hp-header.webp\"><img decoding=\"async\" src=\"https:\/\/simoscamping.gr\/wp-content\/uploads\/2026\/02\/hp-header-1024x768.webp\" alt=\"\u03a0\u03b1\u03c1\u03b1\u03bb\u03af\u03b1 \u03a3\u03af\u03bc\u03bf\u03c2 \u03b1\u03b5\u03c1\u03bf\u03c6\u03c9\u03c4\u03bf\u03b3\u03c1\u03b1\u03c6\u03af\u03b1\" class=\"fade-in\" \/><\/a>\n\t    <a href=\"https:\/\/simoscamping.gr\/wp-content\/uploads\/2026\/02\/simos-beach-7.webp\"><img decoding=\"async\" src=\"https:\/\/simoscamping.gr\/wp-content\/uploads\/2026\/02\/simos-beach-7-1024x683.webp\" alt=\"\u03a0\u03b1\u03c1\u03b1\u03bb\u03af\u03b1 \u03b1\u03bc\u03bc\u03bf\u03b8\u03af\u03bd\u03b5\u03c2\" class=\"fade-in\" \/><\/a>\n\t    <a href=\"https:\/\/simoscamping.gr\/wp-content\/uploads\/2026\/02\/simos-beach-8.webp\"><img decoding=\"async\" src=\"https:\/\/simoscamping.gr\/wp-content\/uploads\/2026\/02\/simos-beach-8-768x1024.webp\" alt=\"\u03a0\u03b1\u03c1\u03b1\u03bb\u03af\u03b1 \u03a3\u03af\u03bc\u03bf\u03c2 \u03ba\u03c1\u03af\u03bd\u03bf\u03c2\" class=\"fade-in\" \/><\/a>\n\t    <a href=\"https:\/\/simoscamping.gr\/wp-content\/uploads\/2026\/02\/simos-beach-6-hor.webp\"><img decoding=\"async\" src=\"https:\/\/simoscamping.gr\/wp-content\/uploads\/2026\/02\/simos-beach-6-hor.webp\" alt=\"\u0398\u03ac\u03bb\u03b1\u03c3\u03c3\u03b1 \u03b1\u03b5\u03c1\u03bf\u03c6\u03c9\u03c4\u03bf\u03b3\u03c1\u03b1\u03c6\u03af\u03b1\" class=\"fade-in\" \/><\/a>\n\t    <a href=\"https:\/\/simoscamping.gr\/wp-content\/uploads\/2026\/02\/simos-beach-5-1.webp\"><img decoding=\"async\" src=\"https:\/\/simoscamping.gr\/wp-content\/uploads\/2026\/02\/simos-beach-5-1-1024x683.webp\" alt=\"\u03a0\u03b1\u03c1\u03b1\u03bb\u03af\u03b1 \u03ba\u03b1\u03c1\u03b1\u03b2\u03ac\u03ba\u03b9\" class=\"fade-in\" \/><\/a>\n\t    <a href=\"https:\/\/simoscamping.gr\/wp-content\/uploads\/2026\/02\/simos-beach-4-1.webp\"><img decoding=\"async\" src=\"https:\/\/simoscamping.gr\/wp-content\/uploads\/2026\/02\/simos-beach-4-1-1024x768.webp\" alt=\"\u0391\u03bc\u03bc\u03bf\u03b8\u03af\u03bd\u03b5\u03c2 \u0395\u03bb\u03b1\u03c6\u03cc\u03bd\u03b7\u03c3\u03bf\u03c2\" class=\"fade-in\" \/><\/a>\n\t    <a href=\"https:\/\/simoscamping.gr\/wp-content\/uploads\/2026\/02\/simos-beach-3-1.webp\"><img decoding=\"async\" src=\"https:\/\/simoscamping.gr\/wp-content\/uploads\/2026\/02\/simos-beach-3-1-1024x683.webp\" alt=\"\u0395\u03bb\u03b1\u03c6\u03cc\u03bd\u03b7\u03c3\u03bf\u03c2 \u03c0\u03b1\u03c1\u03b1\u03bb\u03af\u03b1\" class=\"fade-in\" \/><\/a>\n\t    <a href=\"https:\/\/simoscamping.gr\/wp-content\/uploads\/2026\/02\/simos-beach-2.webp\"><img decoding=\"async\" src=\"https:\/\/simoscamping.gr\/wp-content\/uploads\/2026\/02\/simos-beach-2-1024x683.webp\" alt=\"\u0391\u03bc\u03bc\u03bf\u03b8\u03af\u03bd\u03b5\u03c2\" class=\"fade-in\" \/><\/a>\n\t    <a href=\"https:\/\/simoscamping.gr\/wp-content\/uploads\/2026\/02\/simos-beach-9.webp\"><img decoding=\"async\" src=\"https:\/\/simoscamping.gr\/wp-content\/uploads\/2026\/02\/simos-beach-9-682x1024.webp\" alt=\"\u0394\u03b9\u03ac\u03b4\u03c1\u03bf\u03bc\u03bf\u03c2 \u03c0\u03b1\u03c1\u03b1\u03bb\u03af\u03b1\u03c2\" class=\"fade-in\" \/><\/a>\n\t\n\n\n\n<\/div>\n<script>\njQuery(document).ready(function($) {\n  \/\/ so it doesn't load in the dashboard\n  if(typeof sc_ajax_object !== 'undefined') {\n\n\n    lightGallery(document.getElementById(\"acf-block_2e3e3ee1fd66efb47742d36a9caa4a7e\"), {\n      thumbnail: false,\n    });\n\n    \/\/ lightGallery(document.getElementById('static-thumbnails'), {\n    \/\/     animateThumb: false,\n    \/\/     zoomFromOrigin: false,\n    \/\/     allowMediaOverlap: true,\n    \/\/     toggleThumb: true,\n    \/\/ });\n\n  }\n});\n<\/script>\n\n\n\n<\/div><\/div>\n\n\n\n<div class=\"wp-block-group fade-in\" style=\"margin-top:160px;margin-bottom:54px\"><div class=\"wp-block-group__inner-container is-layout-constrained wp-block-group-is-layout-constrained\"><div id=\"acf-block_9c10e04a7d397b3a97b59afa8409b524\" class=\"wide-style gradient-banner-block \">\n\n\t<div class=\"bkg-gradient\" style=\"background-color: #25beda;\">\n\t\t<h2 class=\"title\">Erleben Sie den ultimativen Strand!<\/h2>\n\t<\/div>\n\n\t<style>\n\t\t#acf-block_9c10e04a7d397b3a97b59afa8409b524 {\n\t\t\t--blockColor1:#25beda;\n\t\t\t\t\t}\n\t<\/style>\n\n<\/div>\n<\/div><\/div>\n\n\n<div id=\"acf-block_77fc804e765218dca763384d5a7550f7\" class=\"sc-parallax \">\n\n\t<div class=\"wrapper\">\n\t\t<div class=\"text-wrapper fade-up small-width-row\">\n\t\t\t<div class=\"title\">Hier funktioniert alles, um Ihre Tr\u00e4ume zu verwirklichen!<\/div>\n\t\t\t\t\t    <span class=\"simos-button\">\n\t\t    \t<a href=\"https:\/\/simos.campsaround.com\/\" target=_blank>BUCHEN<\/a>\n\t\t\t<\/span>\n\t\t\t\t\t<\/div>\n\t<\/div>\n\n<\/div>\n\n<script>\n\njQuery(document).ready(function($) {\n\tif(typeof sc_ajax_object !== 'undefined') {\n\t\tconst { animate, scroll, inView } = Motion\n\n\t\tconst block = jQuery(\".sc-parallax\");\n\t\tconst waves = [];\n\n\t\tfor (let i = 0; i < 3; i++) {\n\t\t\twaves[i] = $(\"<div>\", {\n\t\t\t\tclass: \"wave wave-\"+i\n\t\t\t});\n\t\t\tblock.append(waves[i]);\n\t\t}\n\n\n\t\tscroll(animate(0, 1000, {\n\t\t\t\tonUpdate: latest => {\n\t\t\t\t\twaves[0].css(\"background-position\", latest + \"px 0px\");\n\t\t\t\t\twaves[1].css(\"background-position\", -latest + \"px 0px\");\n\t\t\t\t\twaves[2].css(\"background-position\", latest + \"px 0px\");\n\t\t\t\t}\n\t\t\t}\n\t\t))\n\n\n\n\t}\n});\n\n<\/script>","protected":false},"excerpt":{"rendered":"<p>Schlie\u00dfen Sie die Augen\u2026Stellen Sie sich den ultimativen Strand vor. Den, von dem Sie getr\u00e4umt haben\u2026Zedern spenden Schatten, weiche Sandd\u00fcnen, wei\u00dfgoldener Sand, der im endlosen blaugr\u00fcnen Wasser verschwindet. Das ist der Strand von Simos \u2013 eine Landschaft, die alle Vorstellungen und Erwartungen \u00fcbertrifft. Das ultimative Bild von Elafonisos: nat\u00fcrliche Sandd\u00fcnen von bis zu 10 Metern [&hellip;]<\/p>\n","protected":false},"author":1,"featured_media":0,"parent":0,"menu_order":0,"comment_status":"closed","ping_status":"closed","template":"page-no-title","meta":{"_acf_changed":false,"footnotes":""},"class_list":["post-2347","page","type-page","status-publish","hentry"],"acf":[],"_links":{"self":[{"href":"https:\/\/simoscamping.gr\/de\/wp-json\/wp\/v2\/pages\/2347","targetHints":{"allow":["GET"]}}],"collection":[{"href":"https:\/\/simoscamping.gr\/de\/wp-json\/wp\/v2\/pages"}],"about":[{"href":"https:\/\/simoscamping.gr\/de\/wp-json\/wp\/v2\/types\/page"}],"author":[{"embeddable":true,"href":"https:\/\/simoscamping.gr\/de\/wp-json\/wp\/v2\/users\/1"}],"replies":[{"embeddable":true,"href":"https:\/\/simoscamping.gr\/de\/wp-json\/wp\/v2\/comments?post=2347"}],"version-history":[{"count":5,"href":"https:\/\/simoscamping.gr\/de\/wp-json\/wp\/v2\/pages\/2347\/revisions"}],"predecessor-version":[{"id":2374,"href":"https:\/\/simoscamping.gr\/de\/wp-json\/wp\/v2\/pages\/2347\/revisions\/2374"}],"wp:attachment":[{"href":"https:\/\/simoscamping.gr\/de\/wp-json\/wp\/v2\/media?parent=2347"}],"curies":[{"name":"wp","href":"https:\/\/api.w.org\/{rel}","templated":true}]}}