{"id":2395,"date":"2025-11-27T14:37:57","date_gmt":"2025-11-27T11:37:57","guid":{"rendered":"https:\/\/simoscamping.gr\/epikoinonia\/"},"modified":"2026-05-05T16:38:38","modified_gmt":"2026-05-05T13:38:38","slug":"kontakt","status":"publish","type":"page","link":"https:\/\/simoscamping.gr\/de\/kontakt\/","title":{"rendered":"Kontakt"},"content":{"rendered":"<div id=\"acf-block_1ffb1dc1a7cf779af60c19f52733b851\" class=\"default page-image-block \">\n\n\t<div class=\"bkg-image\" style=\"background-image: url('https:\/\/simoscamping.gr\/wp-content\/uploads\/2026\/02\/simos-contact-header.webp');\">\n\t\t\t\t<div class=\"content-wrapper\">\n\t\t\t<div class=\"title\"><h1>Kontakt<\/h1>\n<\/div>\n\t\t\t<div class=\"sub-title\">\n\t\t\t\t\t\t\t    <p>Besuchen Sie uns und erleben<br \/>\nSie die ultimative Sommerentspannung<\/p>\n\t\t\t\t\t\t\t\t\t\t\t    <span class=\"simos-button\">\n\t\t\t    \t<a href=\"https:\/\/simos.campsaround.com\/\" target=_blank>BUCHUNG<\/a>\n\t\t\t\t<\/span>\n\t\t\t\t\t\t\t<\/div>\n\t\t<\/div>\n\t<\/div>\n\n<\/div>\n\n\n\n<div class=\"wp-block-group content-width-row ticss-3d784351\" style=\"margin-top:85px\"><div class=\"wp-block-group__inner-container is-layout-constrained wp-block-group-is-layout-constrained\">\n<div class=\"wp-block-columns ticss-c5047c90 flexwrap-on-mobile is-layout-flex wp-container-core-columns-is-layout-28f84493 wp-block-columns-is-layout-flex\">\n<div class=\"wp-block-column ticss-0cfa3019 fade-left is-layout-flow wp-block-column-is-layout-flow\" style=\"padding-top:85px;flex-basis:60%\">\n<h2 class=\"wp-block-heading\"><strong>Der ultimative Strand erwartet Sie!<\/strong><\/h2>\n\n\n\n<p>Kontaktieren Sie uns jetzt und kommen Sie Ihrem ultimativen Urlaubserlebnis einen Schritt n\u00e4her. Am magischen Strand von Simos auf Elafonisos!<\/p>\n\n\n\n<p>Wir sind gerne f\u00fcr Sie da und beantworten gerne alle Ihre Fragen. F\u00fcllen Sie einfach das Formular aus oder rufen Sie uns an.<\/p>\n\n\n\n<p><strong>Wir stehen Ihnen vom 10. Januar bis Ende Oktober jederzeit zur Verf\u00fcgung.<\/strong><\/p>\n\n\n\n<p><strong>Ge\u00f6ffnet vom 20. April bis 31. Oktober<\/strong><\/p>\n\n\n\n<p class=\"ticss-284a9d18\" style=\"margin-bottom:160px\"><strong>Werden Sie Teil unserer Gemeinschaft aus Sonne und Meer. Wir freuen uns darauf, Sie pers\u00f6nlich auf dem Simos Camping begr\u00fc\u00dfen zu d\u00fcrfen!<\/strong><\/p>\n\n\n\n<ul style=\"margin-bottom:160px\" class=\"wp-block-list icon-list ticss-1140266b\">\n<li class=\"address-icon\" style=\"margin-bottom:41px\"><strong>Simos Beach, Elafonisos, 23053 Peloponnes<\/strong><\/li>\n\n\n\n<li class=\"telephone-icon\" style=\"margin-bottom:40px\"><strong><a href=\"tel:00302734022672\">+30 273 4022 672<\/a><br><a href=\"tel:00302734022057\">+30 273 4022 057<\/a><br><a href=\"tel:00306940994994\">+30 694 0994 994<\/a><\/strong><\/li>\n\n\n\n<li class=\"email-icon\"><a href=\"mailto:info@simoscamping.gr\">info@simoscamping.gr<\/a><\/li>\n<\/ul>\n<\/div>\n\n\n\n<div class=\"wp-block-column ticss-af0c85b2 fade-right is-layout-flow wp-block-column-is-layout-flow\" style=\"flex-basis:40%\">\n<div class=\"wp-block-contact-form-7-contact-form-selector\">\n<div class=\"wpcf7 no-js\" id=\"wpcf7-f2482-o1\" lang=\"de-DE\" dir=\"ltr\" data-wpcf7-id=\"2482\">\n<div class=\"screen-reader-response\"><p role=\"status\" aria-live=\"polite\" aria-atomic=\"true\"><\/p> <ul><\/ul><\/div>\n<form action=\"\/de\/wp-json\/wp\/v2\/pages\/2395#wpcf7-f2482-o1\" method=\"post\" class=\"wpcf7-form init wpcf7-acceptance-as-validation\" aria-label=\"Kontaktformular\" novalidate=\"novalidate\" data-status=\"init\">\n<fieldset class=\"hidden-fields-container\"><input type=\"hidden\" name=\"_wpcf7\" value=\"2482\" \/><input type=\"hidden\" name=\"_wpcf7_version\" value=\"6.1.5\" \/><input type=\"hidden\" name=\"_wpcf7_locale\" value=\"de_DE\" \/><input type=\"hidden\" name=\"_wpcf7_unit_tag\" value=\"wpcf7-f2482-o1\" \/><input type=\"hidden\" name=\"_wpcf7_container_post\" value=\"0\" \/><input type=\"hidden\" name=\"_wpcf7_posted_data_hash\" value=\"\" \/><input type=\"hidden\" name=\"_wpcf7_recaptcha_response\" value=\"\" \/>\n<\/fieldset>\n<h2>Kontaktieren Sie uns\n<\/h2>\n<h3>Get in touch\n<\/h3>\n<p>F\u00fcllen Sie das Formular aus, wir beantworten Ihre Anfrage gerne!\n<\/p>\n<div class=\"sc-table\">\n\t<div class=\"row\">\n\t\t<div class=\"col\">\n\t\t\t<p><label> Vorname<br \/>\n<span class=\"wpcf7-form-control-wrap\" data-name=\"first-name\"><input size=\"20\" maxlength=\"400\" class=\"wpcf7-form-control wpcf7-text wpcf7-validates-as-required\" autocomplete=\"name\" aria-required=\"true\" aria-invalid=\"false\" placeholder=\"Vorname\" value=\"\" type=\"text\" name=\"first-name\" \/><\/span> <\/label>\n\t\t\t<\/p>\n\t\t<\/div>\n\t\t<div class=\"col\">\n\t\t\t<p><label> Nachname<br \/>\n<span class=\"wpcf7-form-control-wrap\" data-name=\"last-name\"><input size=\"20\" maxlength=\"400\" class=\"wpcf7-form-control wpcf7-text wpcf7-validates-as-required\" autocomplete=\"name\" aria-required=\"true\" aria-invalid=\"false\" placeholder=\"Nachname\" value=\"\" type=\"text\" name=\"last-name\" \/><\/span> <\/label>\n\t\t\t<\/p>\n\t\t<\/div>\n\t<\/div>\n\t<div class=\"row\">\n\t\t<div class=\"col\">\n\t\t\t<p><label> Email<br \/>\n<span class=\"wpcf7-form-control-wrap\" data-name=\"your-email\"><input size=\"40\" maxlength=\"400\" class=\"wpcf7-form-control wpcf7-email wpcf7-validates-as-required wpcf7-text wpcf7-validates-as-email\" autocomplete=\"email\" aria-required=\"true\" aria-invalid=\"false\" placeholder=\"you@company.com\" value=\"\" type=\"email\" name=\"your-email\" \/><\/span> <\/label>\n\t\t\t<\/p>\n\t\t<\/div>\n\t<\/div>\n\t<div class=\"row\">\n\t\t<div class=\"col\">\n\t\t\t<p><label> Telefon<br \/>\n<span class=\"wpcf7-form-control-wrap\" data-name=\"your-tel\"><input size=\"40\" maxlength=\"400\" class=\"wpcf7-form-control wpcf7-tel wpcf7-text wpcf7-validates-as-tel\" list=\"listo-telephone-country-codes\" autocomplete=\"tel\" aria-invalid=\"false\" value=\"\" type=\"tel\" name=\"your-tel\" \/><\/span> <\/label>\n\t\t\t<\/p>\n\t\t<\/div>\n\t<\/div>\n\t<div class=\"row\">\n\t\t<div class=\"col\">\n\t\t\t<p><label> Nachricht<br \/>\n<span class=\"wpcf7-form-control-wrap\" data-name=\"your-message\"><textarea cols=\"40\" rows=\"10\" maxlength=\"2000\" class=\"wpcf7-form-control wpcf7-textarea wpcf7-validates-as-required\" aria-required=\"true\" aria-invalid=\"false\" name=\"your-message\"><\/textarea><\/span> <\/label>\n\t\t\t<\/p>\n\t\t<\/div>\n\t<\/div>\n\t<div class=\"row\">\n\t\t<div class=\"col\">\n\t\t\t<p><span class=\"wpcf7-form-control-wrap\" data-name=\"acceptance\"><span class=\"wpcf7-form-control wpcf7-acceptance\"><span class=\"wpcf7-list-item\"><label><input type=\"checkbox\" name=\"acceptance\" value=\"1\" aria-invalid=\"false\" \/><span class=\"wpcf7-list-item-label\">Ich stimme der Datenschutzrichtlinie und den Allgemeinen <a href=\"https:\/\/simoscamping.gr\/de\/datenschutzerklarung\/\" target=\"_blank\">Gesch\u00e4ftsbedingungen<\/a> zu.<\/span><\/label><\/span><\/span><\/span>\n\t\t\t<\/p>\n\t\t<\/div>\n\t<\/div>\n\t<div class=\"row\">\n\t\t<div class=\"col\">\n\t\t\t<p><input class=\"wpcf7-form-control wpcf7-submit has-spinner\" type=\"submit\" value=\"Senden\" \/>\n\t\t\t<\/p>\n\t\t<\/div>\n\t<\/div>\n<\/div><div class=\"wpcf7-response-output\" aria-hidden=\"true\"><\/div>\n<\/form>\n<\/div>\n<\/div>\n\n\n\n<datalist id=\"listo-telephone-country-codes\"><option value=\"+297 \">&#x1F1E6;&#x1F1FC; Aruba (+297)<\/option><option value=\"+93 \">&#x1F1E6;&#x1F1EB; Afghanistan (+93)<\/option><option value=\"+244 \">&#x1F1E6;&#x1F1F4; Angola (+244)<\/option><option value=\"+1 \">&#x1F1E6;&#x1F1EE; Anguilla (+1)<\/option><option value=\"+355 \">&#x1F1E6;&#x1F1F1; Albanien (+355)<\/option><option value=\"+376 \">&#x1F1E6;&#x1F1E9; Andorra (+376)<\/option><option value=\"+971 \">&#x1F1E6;&#x1F1EA; Vereinigte Arabische Emirate (+971)<\/option><option value=\"+54 \">&#x1F1E6;&#x1F1F7; Argentinien (+54)<\/option><option value=\"+374 \">&#x1F1E6;&#x1F1F2; Armenien (+374)<\/option><option value=\"+1 \">&#x1F1E6;&#x1F1F8; Amerikanisch-Samoa (+1)<\/option><option value=\"+1 \">&#x1F1E6;&#x1F1EC; Antigua und Barbuda (+1)<\/option><option value=\"+61 \">&#x1F1E6;&#x1F1FA; Australien (+61)<\/option><option value=\"+43 \">&#x1F1E6;&#x1F1F9; \u00d6sterreich (+43)<\/option><option value=\"+994 \">&#x1F1E6;&#x1F1FF; Aserbaidschan (+994)<\/option><option value=\"+257 \">&#x1F1E7;&#x1F1EE; Burundi (+257)<\/option><option value=\"+32 \">&#x1F1E7;&#x1F1EA; Belgien (+32)<\/option><option value=\"+229 \">&#x1F1E7;&#x1F1EF; Benin (+229)<\/option><option value=\"+599 \">&#x1F1E7;&#x1F1F6; Karibische Niederlande (+599)<\/option><option value=\"+226 \">&#x1F1E7;&#x1F1EB; Burkina Faso (+226)<\/option><option value=\"+880 \">&#x1F1E7;&#x1F1E9; Bangladesch (+880)<\/option><option value=\"+359 \">&#x1F1E7;&#x1F1EC; Bulgarien (+359)<\/option><option value=\"+973 \">&#x1F1E7;&#x1F1ED; Bahrain (+973)<\/option><option value=\"+1 \">&#x1F1E7;&#x1F1F8; Bahamas (+1)<\/option><option value=\"+387 \">&#x1F1E7;&#x1F1E6; Bosnien und Herzegowina (+387)<\/option><option value=\"+375 \">&#x1F1E7;&#x1F1FE; Belarus (+375)<\/option><option value=\"+501 \">&#x1F1E7;&#x1F1FF; Belize (+501)<\/option><option value=\"+1 \">&#x1F1E7;&#x1F1F2; Bermuda (+1)<\/option><option value=\"+591 \">&#x1F1E7;&#x1F1F4; Bolivien (+591)<\/option><option value=\"+55 \">&#x1F1E7;&#x1F1F7; Brasilien (+55)<\/option><option value=\"+1 \">&#x1F1E7;&#x1F1E7; Barbados (+1)<\/option><option value=\"+673 \">&#x1F1E7;&#x1F1F3; Brunei (+673)<\/option><option value=\"+975 \">&#x1F1E7;&#x1F1F9; Bhutan (+975)<\/option><option value=\"+267 \">&#x1F1E7;&#x1F1FC; Botswana (+267)<\/option><option value=\"+236 \">&#x1F1E8;&#x1F1EB; Zentralafrikanische Republik (+236)<\/option><option value=\"+1 \">&#x1F1E8;&#x1F1E6; Kanada (+1)<\/option><option value=\"+41 \">&#x1F1E8;&#x1F1ED; Schweiz (+41)<\/option><option value=\"+56 \">&#x1F1E8;&#x1F1F1; Chile (+56)<\/option><option value=\"+86 \">&#x1F1E8;&#x1F1F3; China (+86)<\/option><option value=\"+225 \">&#x1F1E8;&#x1F1EE; Elfenbeink\u00fcste (+225)<\/option><option value=\"+237 \">&#x1F1E8;&#x1F1F2; Kamerun (+237)<\/option><option value=\"+243 \">&#x1F1E8;&#x1F1E9; Demokratische Republik Kongo (+243)<\/option><option value=\"+242 \">&#x1F1E8;&#x1F1EC; Kongo (+242)<\/option><option value=\"+682 \">&#x1F1E8;&#x1F1F0; Cookinseln (+682)<\/option><option value=\"+57 \">&#x1F1E8;&#x1F1F4; Kolumbien (+57)<\/option><option value=\"+269 \">&#x1F1F0;&#x1F1F2; Komoren (+269)<\/option><option value=\"+238 \">&#x1F1E8;&#x1F1FB; Kap Verde (+238)<\/option><option value=\"+506 \">&#x1F1E8;&#x1F1F7; Costa Rica (+506)<\/option><option value=\"+53 \">&#x1F1E8;&#x1F1FA; Kuba (+53)<\/option><option value=\"+599 \">&#x1F1E8;&#x1F1FC; Cura\u00e7ao (+599)<\/option><option value=\"+1 \">&#x1F1F0;&#x1F1FE; Kaimaninseln (+1)<\/option><option value=\"+357 \">&#x1F1E8;&#x1F1FE; Zypern (+357)<\/option><option value=\"+420 \">&#x1F1E8;&#x1F1FF; Tschechien (+420)<\/option><option value=\"+49 \">&#x1F1E9;&#x1F1EA; Deutschland (+49)<\/option><option value=\"+253 \">&#x1F1E9;&#x1F1EF; Dschibuti (+253)<\/option><option value=\"+1 \">&#x1F1E9;&#x1F1F2; Dominica (+1)<\/option><option value=\"+45 \">&#x1F1E9;&#x1F1F0; D\u00e4nemark (+45)<\/option><option value=\"+1 \">&#x1F1E9;&#x1F1F4; Dominikanische Republik (+1)<\/option><option value=\"+213 \">&#x1F1E9;&#x1F1FF; Algerien (+213)<\/option><option value=\"+593 \">&#x1F1EA;&#x1F1E8; Ecuador (+593)<\/option><option value=\"+20 \">&#x1F1EA;&#x1F1EC; \u00c4gypten (+20)<\/option><option value=\"+291 \">&#x1F1EA;&#x1F1F7; Eritrea (+291)<\/option><option value=\"+34 \">&#x1F1EA;&#x1F1F8; Spanien (+34)<\/option><option value=\"+372 \">&#x1F1EA;&#x1F1EA; Estland (+372)<\/option><option value=\"+251 \">&#x1F1EA;&#x1F1F9; \u00c4thiopien (+251)<\/option><option value=\"+358 \">&#x1F1EB;&#x1F1EE; Finnland (+358)<\/option><option value=\"+679 \">&#x1F1EB;&#x1F1EF; Fidschi (+679)<\/option><option value=\"+500 \">&#x1F1EB;&#x1F1F0; Falklandinseln (+500)<\/option><option value=\"+33 \">&#x1F1EB;&#x1F1F7; Frankreich (+33)<\/option><option value=\"+298 \">&#x1F1EB;&#x1F1F4; F\u00e4r\u00f6er (+298)<\/option><option value=\"+691 \">&#x1F1EB;&#x1F1F2; Mikronesien, F\u00f6derierte Staaten von (+691)<\/option><option value=\"+241 \">&#x1F1EC;&#x1F1E6; Gabun (+241)<\/option><option value=\"+44 \">&#x1F1EC;&#x1F1E7; Vereinigtes K\u00f6nigreich von Gro\u00dfbritannien und Nordirland (+44)<\/option><option value=\"+995 \">&#x1F1EC;&#x1F1EA; Georgien (+995)<\/option><option value=\"+233 \">&#x1F1EC;&#x1F1ED; Ghana (+233)<\/option><option value=\"+350 \">&#x1F1EC;&#x1F1EE; Gibraltar (+350)<\/option><option value=\"+224 \">&#x1F1EC;&#x1F1F3; Guinea (+224)<\/option><option value=\"+590 \">&#x1F1EC;&#x1F1F5; Guadeloupe (+590)<\/option><option value=\"+220 \">&#x1F1EC;&#x1F1F2; Gambia (+220)<\/option><option value=\"+245 \">&#x1F1EC;&#x1F1FC; Guinea-Bissau (+245)<\/option><option value=\"+240 \">&#x1F1EC;&#x1F1F6; \u00c4quatorialguinea (+240)<\/option><option value=\"+30 \">&#x1F1EC;&#x1F1F7; Griechenland (+30)<\/option><option value=\"+1 \">&#x1F1EC;&#x1F1E9; Grenada (+1)<\/option><option value=\"+299 \">&#x1F1EC;&#x1F1F1; Gr\u00f6nland (+299)<\/option><option value=\"+502 \">&#x1F1EC;&#x1F1F9; Guatemala (+502)<\/option><option value=\"+594 \">&#x1F1EC;&#x1F1EB; Franz\u00f6sisch-Guayana (+594)<\/option><option value=\"+1 \">&#x1F1EC;&#x1F1FA; Guam (+1)<\/option><option value=\"+592 \">&#x1F1EC;&#x1F1FE; Guyana (+592)<\/option><option value=\"+852 \">&#x1F1ED;&#x1F1F0; Hongkong (+852)<\/option><option value=\"+504 \">&#x1F1ED;&#x1F1F3; Honduras (+504)<\/option><option value=\"+385 \">&#x1F1ED;&#x1F1F7; Kroatien (+385)<\/option><option value=\"+509 \">&#x1F1ED;&#x1F1F9; Haiti (+509)<\/option><option value=\"+36 \">&#x1F1ED;&#x1F1FA; Ungarn (+36)<\/option><option value=\"+62 \">&#x1F1EE;&#x1F1E9; Indonesien (+62)<\/option><option value=\"+91 \">&#x1F1EE;&#x1F1F3; Indien (+91)<\/option><option value=\"+246 \">&#x1F1EE;&#x1F1F4; Britisches Territorium im Indischen Ozean (+246)<\/option><option value=\"+353 \">&#x1F1EE;&#x1F1EA; Irland (+353)<\/option><option value=\"+98 \">&#x1F1EE;&#x1F1F7; Iran (+98)<\/option><option value=\"+964 \">&#x1F1EE;&#x1F1F6; Irak (+964)<\/option><option value=\"+354 \">&#x1F1EE;&#x1F1F8; Island (+354)<\/option><option value=\"+972 \">&#x1F1EE;&#x1F1F1; Israel (+972)<\/option><option value=\"+39 \">&#x1F1EE;&#x1F1F9; Italien (+39)<\/option><option value=\"+1 \">&#x1F1EF;&#x1F1F2; Jamaika (+1)<\/option><option value=\"+962 \">&#x1F1EF;&#x1F1F4; Jordanien (+962)<\/option><option value=\"+81 \">&#x1F1EF;&#x1F1F5; Japan (+81)<\/option><option value=\"+7 \">&#x1F1F0;&#x1F1FF; Kasachstan (+7)<\/option><option value=\"+254 \">&#x1F1F0;&#x1F1EA; Kenia (+254)<\/option><option value=\"+996 \">&#x1F1F0;&#x1F1EC; Kirgisistan (+996)<\/option><option value=\"+855 \">&#x1F1F0;&#x1F1ED; Kambodscha (+855)<\/option><option value=\"+686 \">&#x1F1F0;&#x1F1EE; Kiribati (+686)<\/option><option value=\"+1 \">&#x1F1F0;&#x1F1F3; St. Kitts und Nevis (+1)<\/option><option value=\"+82 \">&#x1F1F0;&#x1F1F7; S\u00fcdkorea (+82)<\/option><option value=\"+965 \">&#x1F1F0;&#x1F1FC; Kuwait (+965)<\/option><option value=\"+856 \">&#x1F1F1;&#x1F1E6; Laos (+856)<\/option><option value=\"+961 \">&#x1F1F1;&#x1F1E7; Libanon (+961)<\/option><option value=\"+231 \">&#x1F1F1;&#x1F1F7; Liberia (+231)<\/option><option value=\"+218 \">&#x1F1F1;&#x1F1FE; Libyen (+218)<\/option><option value=\"+1 \">&#x1F1F1;&#x1F1E8; St. Lucia (+1)<\/option><option value=\"+423 \">&#x1F1F1;&#x1F1EE; Liechtenstein (+423)<\/option><option value=\"+94 \">&#x1F1F1;&#x1F1F0; Sri Lanka (+94)<\/option><option value=\"+266 \">&#x1F1F1;&#x1F1F8; Lesotho (+266)<\/option><option value=\"+370 \">&#x1F1F1;&#x1F1F9; Litauen (+370)<\/option><option value=\"+352 \">&#x1F1F1;&#x1F1FA; Luxemburg (+352)<\/option><option value=\"+371 \">&#x1F1F1;&#x1F1FB; Lettland (+371)<\/option><option value=\"+853 \">&#x1F1F2;&#x1F1F4; Macau (+853)<\/option><option value=\"+212 \">&#x1F1F2;&#x1F1E6; Marokko (+212)<\/option><option value=\"+377 \">&#x1F1F2;&#x1F1E8; Monaco (+377)<\/option><option value=\"+373 \">&#x1F1F2;&#x1F1E9; Moldawien (+373)<\/option><option value=\"+261 \">&#x1F1F2;&#x1F1EC; Madagaskar (+261)<\/option><option value=\"+960 \">&#x1F1F2;&#x1F1FB; Malediven (+960)<\/option><option value=\"+52 \">&#x1F1F2;&#x1F1FD; Mexiko (+52)<\/option><option value=\"+692 \">&#x1F1F2;&#x1F1ED; Marshallinseln (+692)<\/option><option value=\"+389 \">&#x1F1F2;&#x1F1F0; Nordmazedonien (+389)<\/option><option value=\"+223 \">&#x1F1F2;&#x1F1F1; Mali (+223)<\/option><option value=\"+356 \">&#x1F1F2;&#x1F1F9; Malta (+356)<\/option><option value=\"+95 \">&#x1F1F2;&#x1F1F2; Myanmar (+95)<\/option><option value=\"+382 \">&#x1F1F2;&#x1F1EA; Montenegro (+382)<\/option><option value=\"+976 \">&#x1F1F2;&#x1F1F3; Mongolei (+976)<\/option><option value=\"+1 \">&#x1F1F2;&#x1F1F5; N\u00f6rdliche Marianen (+1)<\/option><option value=\"+258 \">&#x1F1F2;&#x1F1FF; Mosambik (+258)<\/option><option value=\"+222 \">&#x1F1F2;&#x1F1F7; Mauretanien (+222)<\/option><option value=\"+1 \">&#x1F1F2;&#x1F1F8; Montserrat (+1)<\/option><option value=\"+596 \">&#x1F1F2;&#x1F1F6; Martinique (+596)<\/option><option value=\"+230 \">&#x1F1F2;&#x1F1FA; Mauritius (+230)<\/option><option value=\"+265 \">&#x1F1F2;&#x1F1FC; Malawi (+265)<\/option><option value=\"+60 \">&#x1F1F2;&#x1F1FE; Malaysia (+60)<\/option><option value=\"+264 \">&#x1F1F3;&#x1F1E6; Namibia (+264)<\/option><option value=\"+687 \">&#x1F1F3;&#x1F1E8; Neukaledonien (+687)<\/option><option value=\"+227 \">&#x1F1F3;&#x1F1EA; Niger (+227)<\/option><option value=\"+672 \">&#x1F1F3;&#x1F1EB; Norfolkinsel (+672)<\/option><option value=\"+234 \">&#x1F1F3;&#x1F1EC; Nigeria (+234)<\/option><option value=\"+505 \">&#x1F1F3;&#x1F1EE; Nicaragua (+505)<\/option><option value=\"+683 \">&#x1F1F3;&#x1F1FA; Niue (+683)<\/option><option value=\"+31 \">&#x1F1F3;&#x1F1F1; K\u00f6nigreich der Niederlande (+31)<\/option><option value=\"+47 \">&#x1F1F3;&#x1F1F4; Norwegen (+47)<\/option><option value=\"+977 \">&#x1F1F3;&#x1F1F5; Nepal (+977)<\/option><option value=\"+674 \">&#x1F1F3;&#x1F1F7; Nauru (+674)<\/option><option value=\"+64 \">&#x1F1F3;&#x1F1FF; Neuseeland (+64)<\/option><option value=\"+968 \">&#x1F1F4;&#x1F1F2; Oman (+968)<\/option><option value=\"+92 \">&#x1F1F5;&#x1F1F0; Pakistan (+92)<\/option><option value=\"+507 \">&#x1F1F5;&#x1F1E6; Panama (+507)<\/option><option value=\"+51 \">&#x1F1F5;&#x1F1EA; Peru (+51)<\/option><option value=\"+63 \">&#x1F1F5;&#x1F1ED; Philippinen (+63)<\/option><option value=\"+680 \">&#x1F1F5;&#x1F1FC; Palau (+680)<\/option><option value=\"+675 \">&#x1F1F5;&#x1F1EC; Papua-Neuguinea (+675)<\/option><option value=\"+48 \">&#x1F1F5;&#x1F1F1; Polen (+48)<\/option><option value=\"+1 \">&#x1F1F5;&#x1F1F7; Puerto Rico (+1)<\/option><option value=\"+850 \">&#x1F1F0;&#x1F1F5; Nordkorea (+850)<\/option><option value=\"+351 \">&#x1F1F5;&#x1F1F9; Portugal (+351)<\/option><option value=\"+595 \">&#x1F1F5;&#x1F1FE; Paraguay (+595)<\/option><option value=\"+689 \">&#x1F1F5;&#x1F1EB; Franz\u00f6sisch-Polynesien (+689)<\/option><option value=\"+974 \">&#x1F1F6;&#x1F1E6; Katar (+974)<\/option><option value=\"+40 \">&#x1F1F7;&#x1F1F4; Rum\u00e4nien (+40)<\/option><option value=\"+7 \">&#x1F1F7;&#x1F1FA; Russland (+7)<\/option><option value=\"+250 \">&#x1F1F7;&#x1F1FC; Ruanda (+250)<\/option><option value=\"+966 \">&#x1F1F8;&#x1F1E6; Saudi-Arabien (+966)<\/option><option value=\"+249 \">&#x1F1F8;&#x1F1E9; Sudan (+249)<\/option><option value=\"+221 \">&#x1F1F8;&#x1F1F3; Senegal (+221)<\/option><option value=\"+65 \">&#x1F1F8;&#x1F1EC; Singapur (+65)<\/option><option value=\"+677 \">&#x1F1F8;&#x1F1E7; Salomonen (+677)<\/option><option value=\"+232 \">&#x1F1F8;&#x1F1F1; Sierra Leone (+232)<\/option><option value=\"+503 \">&#x1F1F8;&#x1F1FB; El Salvador (+503)<\/option><option value=\"+378 \">&#x1F1F8;&#x1F1F2; San Marino (+378)<\/option><option value=\"+252 \">&#x1F1F8;&#x1F1F4; Somalia (+252)<\/option><option value=\"+508 \">&#x1F1F5;&#x1F1F2; Saint-Pierre und Miquelon (+508)<\/option><option value=\"+381 \">&#x1F1F7;&#x1F1F8; Serbien (+381)<\/option><option value=\"+211 \">&#x1F1F8;&#x1F1F8; S\u00fcdsudan (+211)<\/option><option value=\"+239 \">&#x1F1F8;&#x1F1F9; S\u00e3o Tom\u00e9 und Pr\u00edncipe (+239)<\/option><option value=\"+597 \">&#x1F1F8;&#x1F1F7; Surinam (+597)<\/option><option value=\"+421 \">&#x1F1F8;&#x1F1F0; Slowakei (+421)<\/option><option value=\"+386 \">&#x1F1F8;&#x1F1EE; Slowenien (+386)<\/option><option value=\"+46 \">&#x1F1F8;&#x1F1EA; Schweden (+46)<\/option><option value=\"+268 \">&#x1F1F8;&#x1F1FF; Eswatini (+268)<\/option><option value=\"+1 \">&#x1F1F8;&#x1F1FD; Sint Maarten (niederl\u00e4ndischer Teil) (+1)<\/option><option value=\"+248 \">&#x1F1F8;&#x1F1E8; Seychellen (+248)<\/option><option value=\"+963 \">&#x1F1F8;&#x1F1FE; Syrien (+963)<\/option><option value=\"+1 \">&#x1F1F9;&#x1F1E8; Turks- und Caicosinseln (+1)<\/option><option value=\"+235 \">&#x1F1F9;&#x1F1E9; Tschad (+235)<\/option><option value=\"+228 \">&#x1F1F9;&#x1F1EC; Togo (+228)<\/option><option value=\"+66 \">&#x1F1F9;&#x1F1ED; Thailand (+66)<\/option><option value=\"+992 \">&#x1F1F9;&#x1F1EF; Tadschikistan (+992)<\/option><option value=\"+690 \">&#x1F1F9;&#x1F1F0; Tokelau (+690)<\/option><option value=\"+993 \">&#x1F1F9;&#x1F1F2; Turkmenistan (+993)<\/option><option value=\"+670 \">&#x1F1F9;&#x1F1F1; Osttimor (+670)<\/option><option value=\"+676 \">&#x1F1F9;&#x1F1F4; Tonga (+676)<\/option><option value=\"+1 \">&#x1F1F9;&#x1F1F9; Trinidad und Tobago (+1)<\/option><option value=\"+216 \">&#x1F1F9;&#x1F1F3; Tunesien (+216)<\/option><option value=\"+90 \">&#x1F1F9;&#x1F1F7; T\u00fcrkei (+90)<\/option><option value=\"+688 \">&#x1F1F9;&#x1F1FB; Tuvalu (+688)<\/option><option value=\"+886 \">&#x1F1F9;&#x1F1FC; Taiwan (+886)<\/option><option value=\"+255 \">&#x1F1F9;&#x1F1FF; Tansania (+255)<\/option><option value=\"+256 \">&#x1F1FA;&#x1F1EC; Uganda (+256)<\/option><option value=\"+380 \">&#x1F1FA;&#x1F1E6; Ukraine (+380)<\/option><option value=\"+598 \">&#x1F1FA;&#x1F1FE; Uruguay (+598)<\/option><option value=\"+1 \">&#x1F1FA;&#x1F1F8; Vereinigte Staaten von Amerika (+1)<\/option><option value=\"+998 \">&#x1F1FA;&#x1F1FF; Usbekistan (+998)<\/option><option value=\"+1 \">&#x1F1FB;&#x1F1E8; St. Vincent und die Grenadinen (+1)<\/option><option value=\"+58 \">&#x1F1FB;&#x1F1EA; Venezuela (+58)<\/option><option value=\"+1 \">&#x1F1FB;&#x1F1EC; Britische Jungferninseln (+1)<\/option><option value=\"+1 \">&#x1F1FB;&#x1F1EE; Amerikanische Jungferninseln (+1)<\/option><option value=\"+84 \">&#x1F1FB;&#x1F1F3; Vietnam (+84)<\/option><option value=\"+678 \">&#x1F1FB;&#x1F1FA; Vanuatu (+678)<\/option><option value=\"+681 \">&#x1F1FC;&#x1F1EB; Wallis und Futuna (+681)<\/option><option value=\"+685 \">&#x1F1FC;&#x1F1F8; Samoa (+685)<\/option><option value=\"+967 \">&#x1F1FE;&#x1F1EA; Jemen (+967)<\/option><option value=\"+27 \">&#x1F1FF;&#x1F1E6; S\u00fcdafrika (+27)<\/option><option value=\"+260 \">&#x1F1FF;&#x1F1F2; Sambia (+260)<\/option><option value=\"+263 \">&#x1F1FF;&#x1F1FC; Simbabwe (+263)<\/option><\/datalist>\n<\/div>\n<\/div>\n<\/div><\/div>\n\n\n\n<div class=\"wp-block-group ticss-397fec76\" style=\"margin-top:68px\"><div class=\"wp-block-group__inner-container is-layout-constrained wp-block-group-is-layout-constrained\"><div id=\"acf-block_00c5a2cd852dfb87e6f06f0057e4b521\" class=\"maps-block ticss-dfe63a17\">\n\n\n\n\n\n<\/div>\n\n\n\n<script>\njQuery(document).ready(function($) {\n\tif(typeof sc_ajax_object !== 'undefined') {\n\t\tloadMap(\"acf-block_00c5a2cd852dfb87e6f06f0057e4b521\");\n\t}\n});\n<\/script><\/div><\/div>\n\n\n<div id=\"acf-block_f9353450a949648765ccfc8e270e3982\" class=\"sc-parallax \">\n\n\t<div class=\"wrapper\">\n\t\t<div class=\"text-wrapper fade-up small-width-row\">\n\t\t\t<div class=\"title\">Hier funktioniert alles, um Ihre Tr\u00e4ume zu verwirklichen!<\/div>\n\t\t\t\t\t    <span class=\"simos-button\">\n\t\t    \t<a href=\"https:\/\/simos.campsaround.com\/\" target=_blank>BUCHEN<\/a>\n\t\t\t<\/span>\n\t\t\t\t\t<\/div>\n\t<\/div>\n\n<\/div>\n\n<script>\n\njQuery(document).ready(function($) {\n\tif(typeof sc_ajax_object !== 'undefined') {\n\t\tconst { animate, scroll, inView } = Motion\n\n\t\tconst block = jQuery(\".sc-parallax\");\n\t\tconst waves = [];\n\n\t\tfor (let i = 0; i < 3; i++) {\n\t\t\twaves[i] = $(\"<div>\", {\n\t\t\t\tclass: \"wave wave-\"+i\n\t\t\t});\n\t\t\tblock.append(waves[i]);\n\t\t}\n\n\n\t\tscroll(animate(0, 1000, {\n\t\t\t\tonUpdate: latest => {\n\t\t\t\t\twaves[0].css(\"background-position\", latest + \"px 0px\");\n\t\t\t\t\twaves[1].css(\"background-position\", -latest + \"px 0px\");\n\t\t\t\t\twaves[2].css(\"background-position\", latest + \"px 0px\");\n\t\t\t\t}\n\t\t\t}\n\t\t))\n\n\n\n\t}\n});\n\n<\/script>","protected":false},"excerpt":{"rendered":"<p>Der ultimative Strand erwartet Sie! Kontaktieren Sie uns jetzt und kommen Sie Ihrem ultimativen Urlaubserlebnis einen Schritt n\u00e4her. Am magischen Strand von Simos auf Elafonisos! Wir sind gerne f\u00fcr Sie da und beantworten gerne alle Ihre Fragen. F\u00fcllen Sie einfach das Formular aus oder rufen Sie uns an. Wir stehen Ihnen vom 10. Januar bis [&hellip;]<\/p>\n","protected":false},"author":1,"featured_media":0,"parent":0,"menu_order":0,"comment_status":"closed","ping_status":"closed","template":"page-no-title","meta":{"_acf_changed":false,"footnotes":""},"class_list":["post-2395","page","type-page","status-publish","hentry"],"acf":[],"_links":{"self":[{"href":"https:\/\/simoscamping.gr\/de\/wp-json\/wp\/v2\/pages\/2395","targetHints":{"allow":["GET"]}}],"collection":[{"href":"https:\/\/simoscamping.gr\/de\/wp-json\/wp\/v2\/pages"}],"about":[{"href":"https:\/\/simoscamping.gr\/de\/wp-json\/wp\/v2\/types\/page"}],"author":[{"embeddable":true,"href":"https:\/\/simoscamping.gr\/de\/wp-json\/wp\/v2\/users\/1"}],"replies":[{"embeddable":true,"href":"https:\/\/simoscamping.gr\/de\/wp-json\/wp\/v2\/comments?post=2395"}],"version-history":[{"count":6,"href":"https:\/\/simoscamping.gr\/de\/wp-json\/wp\/v2\/pages\/2395\/revisions"}],"predecessor-version":[{"id":2483,"href":"https:\/\/simoscamping.gr\/de\/wp-json\/wp\/v2\/pages\/2395\/revisions\/2483"}],"wp:attachment":[{"href":"https:\/\/simoscamping.gr\/de\/wp-json\/wp\/v2\/media?parent=2395"}],"curies":[{"name":"wp","href":"https:\/\/api.w.org\/{rel}","templated":true}]}}