{"id":2403,"date":"2026-01-26T19:12:25","date_gmt":"2026-01-26T16:12:25","guid":{"rendered":"https:\/\/simoscamping.gr\/oroi-kratisis\/"},"modified":"2026-05-05T12:45:04","modified_gmt":"2026-05-05T09:45:04","slug":"buchungsbedingungen","status":"publish","type":"page","link":"https:\/\/simoscamping.gr\/de\/buchungsbedingungen\/","title":{"rendered":"Buchungsbedingungen"},"content":{"rendered":"\n<div class=\"wp-block-group content-medium-width-row\" style=\"margin-top:100px;margin-bottom:100px\"><div class=\"wp-block-group__inner-container is-layout-constrained wp-block-group-is-layout-constrained\">\n<h1 class=\"wp-block-heading gradient-text\" style=\"margin-top:0px;margin-bottom:20px\"><strong>Buchungsbedingungen<\/strong><\/h1>\n\n\n\n<ol class=\"wp-block-list\">\n<li>F\u00fcllen Sie die Felder des Formulars aus.<\/li>\n\n\n\n<li>Das Buchungsformular stellt eine unverbindliche Reservierungsanfrage dar. Sie und der Campingplatz gehen damit <strong>keinerlei Verpflichtungen ein<\/strong>.<\/li>\n\n\n\n<li>Nach Best\u00e4tigung der Verf\u00fcgbarkeit durch den Campingplatz erhalten Sie die entsprechende Bankverbindung\/BankkontoNr. &nbsp;f\u00fcr die Anzahlung.<\/li>\n\n\n\n<li>Ihre Reservierung ist erst nach der Anzahlung von 30 % des Gesamtbetrags oder einem anderen mit der Reservierungsabteilung vereinbarten Betrag g\u00fcltig. Alle Bankgeb\u00fchren gehen zu Ihren Lasten. Die Anzahlung muss mindestens den Preis einer \u00dcbernachtung betragen.<\/li>\n\n\n\n<li>Die Anzahlung muss per E-Mail zus\u00e4tzlich nachgewiesen werden.<\/li>\n\n\n\n<li>Camper ohne Reservierung werden bei ihrer Ankunft von der Rezeption je nach t\u00e4glicher Verf\u00fcgbarkeit bedient.<\/li>\n\n\n\n<li><strong>Reservierungen f\u00fcr bestimmte oder benachbarte Stellpl\u00e4tze sowie f\u00fcr bestimmte oder benachbarte Mietunterk\u00fcnfte werden nicht vorgenommen.<\/strong><\/li>\n\n\n\n<li>Der Stellplatz ist ab 14:00 Uhr und die Mietunterkunft ab 15:00 Uhr verf\u00fcgbar. Bei fr\u00fcherer Ankunft bleibt das Auto auf dem Au\u00dfenparkplatz des Campingplatzes.<\/li>\n\n\n\n<li>Die Rechnung muss bis sp\u00e4testens 12:00 Uhr f\u00fcr den Stellplatz und bis 11:00 Uhr f\u00fcr die Mietunterkunft ausgeh\u00e4ndigt und bezahlt werden. Andernfalls wird Ihnen eine zus\u00e4tzliche Nacht berechnet. Nach \u00dcbergabe des Stellplatzes\/der Unterkunft und Bezahlung der Rechnung k\u00f6nnen Sie auf dem Campingplatz bleiben, w\u00e4hrend das Auto auf dem Au\u00dfenparkplatz des Campingplatzes verbleibt.<\/li>\n\n\n\n<li>Haustiere sind unter bestimmten Bedingungen erlaubt. Sollten sie Probleme verursachen (l\u00e4stiges Bellen, Verschmutzung, Eindringen ins Meer oder freilaufende Tiere), ist dies ein Grund zur Stornierung der Reservierung. <strong>Haustiere sind in Glockenzelten nicht erlaubt<\/strong>.<\/li>\n\n\n\n<li>Bitte beachten Sie die allgemeinen Betriebsvorschriften des Campingplatzes. Das Unternehmen beh\u00e4lt sich das Recht vor, Ihren Aufenthalt bei Verst\u00f6\u00dfen gegen die Vorschriften vorzeitig zu beenden.<\/li>\n\n\n\n<li>Die Stromversorgung auf den Stellpl\u00e4tzen betr\u00e4gt <strong>16 Ampere<\/strong>. Stellen Sie sicher, dass Sie ein Kabel und ein Verl\u00e4ngerungskabel von mindestens 15 m L\u00e4nge mitbringen.<\/li>\n\n\n\n<li>Eine Verl\u00e4ngerung Ihres Aufenthalts ist nicht immer m\u00f6glich. Der Campingplatz kann trotz aller Bem\u00fchungen nicht garantieren, dass G\u00e4ste in derselben Unterkunft bleiben k\u00f6nnen.<\/li>\n\n\n\n<li>Es werden nur Personen \u00fcber 18 Jahren untergebracht. Besucher unter 18 Jahren werden w\u00e4hrend des gesamten Aufenthalts nur in Anwesenheit von Erziehungsberechtigten untergebracht.<\/li>\n<\/ol>\n\n\n\n<h3 class=\"wp-block-heading\" style=\"margin-bottom:20px\"><strong>Stornierungsbedingungen<\/strong><\/h3>\n\n\n\n<ol class=\"wp-block-list\">\n<li>Im Falle einer Stornierung Ihrer Reservierung wird die Anzahlung nur bis 30 Tage vor dem geplanten Ankunftsdatum zur\u00fcckerstattet. Eventuelle Bankgeb\u00fchren werden Ihnen in Rechnung gestellt.<\/li>\n\n\n\n<li>Bei einer Stornierung weniger als 30 Tage vor dem geplanten Ankunftsdatum werden Ihnen 100 % der Anzahlung in Rechnung gestellt.<\/li>\n\n\n\n<li>Die Zahlung des Gesamtbetrags des Aufenthalts erfolgt bei der Ankunft. Bei vorzeitiger Abreise vor dem bei der Reservierung festgelegten Datum erfolgt keine R\u00fcckerstattung, und der Gast ist verpflichtet, den Gesamtbetrag des reservierten Aufenthalts zu zahlen, unabh\u00e4ngig von der realen Anzahl der \u00dcbernachtungen.<\/li>\n\n\n\n<li>Eine Reduzierung der \u00dcbernachtungsanzahl ist bis 30 Tage vor Anreise kostenfrei m\u00f6glich. Andernfalls gelten die Stornierungsbedingungen f\u00fcr die Anzahl der stornierten Tage.<\/li>\n\n\n\n<li>Bei Nichterscheinen und ohne schriftliche Benachrichtigung gilt die Unterkunft als am n\u00e4chsten Tag wieder frei.<\/li>\n<\/ol>\n<\/div><\/div>\n\n\n<div id=\"acf-block_7cd4a7bccdfcc1b158dfc6a5483b2063\" class=\"sc-parallax \">\n\n\t<div class=\"wrapper\">\n\t\t<div class=\"text-wrapper fade-up small-width-row\">\n\t\t\t<div class=\"title\">Hier funktioniert alles, um Ihre Tr\u00e4ume zu verwirklichen!<\/div>\n\t\t\t\t\t    <span class=\"simos-button\">\n\t\t    \t<a href=\"https:\/\/simos.campsaround.com\/\" target=_blank>BUCHEN<\/a>\n\t\t\t<\/span>\n\t\t\t\t\t<\/div>\n\t<\/div>\n\n<\/div>\n\n<script>\n\njQuery(document).ready(function($) {\n\tif(typeof sc_ajax_object !== 'undefined') {\n\t\tconst { animate, scroll, inView } = Motion\n\n\t\tconst block = jQuery(\".sc-parallax\");\n\t\tconst waves = [];\n\n\t\tfor (let i = 0; i < 3; i++) {\n\t\t\twaves[i] = $(\"<div>\", {\n\t\t\t\tclass: \"wave wave-\"+i\n\t\t\t});\n\t\t\tblock.append(waves[i]);\n\t\t}\n\n\n\t\tscroll(animate(0, 1000, {\n\t\t\t\tonUpdate: latest => {\n\t\t\t\t\twaves[0].css(\"background-position\", latest + \"px 0px\");\n\t\t\t\t\twaves[1].css(\"background-position\", -latest + \"px 0px\");\n\t\t\t\t\twaves[2].css(\"background-position\", latest + \"px 0px\");\n\t\t\t\t}\n\t\t\t}\n\t\t))\n\n\n\n\t}\n});\n\n<\/script>","protected":false},"excerpt":{"rendered":"<p>Buchungsbedingungen Stornierungsbedingungen<\/p>\n","protected":false},"author":1,"featured_media":0,"parent":0,"menu_order":0,"comment_status":"closed","ping_status":"closed","template":"page-no-title","meta":{"_acf_changed":false,"footnotes":""},"class_list":["post-2403","page","type-page","status-publish","hentry"],"acf":[],"_links":{"self":[{"href":"https:\/\/simoscamping.gr\/de\/wp-json\/wp\/v2\/pages\/2403","targetHints":{"allow":["GET"]}}],"collection":[{"href":"https:\/\/simoscamping.gr\/de\/wp-json\/wp\/v2\/pages"}],"about":[{"href":"https:\/\/simoscamping.gr\/de\/wp-json\/wp\/v2\/types\/page"}],"author":[{"embeddable":true,"href":"https:\/\/simoscamping.gr\/de\/wp-json\/wp\/v2\/users\/1"}],"replies":[{"embeddable":true,"href":"https:\/\/simoscamping.gr\/de\/wp-json\/wp\/v2\/comments?post=2403"}],"version-history":[{"count":7,"href":"https:\/\/simoscamping.gr\/de\/wp-json\/wp\/v2\/pages\/2403\/revisions"}],"predecessor-version":[{"id":2416,"href":"https:\/\/simoscamping.gr\/de\/wp-json\/wp\/v2\/pages\/2403\/revisions\/2416"}],"wp:attachment":[{"href":"https:\/\/simoscamping.gr\/de\/wp-json\/wp\/v2\/media?parent=2403"}],"curies":[{"name":"wp","href":"https:\/\/api.w.org\/{rel}","templated":true}]}}