{"id":2417,"date":"2026-01-26T19:14:08","date_gmt":"2026-01-26T16:14:08","guid":{"rendered":"https:\/\/simoscamping.gr\/sychnes-erotiseis\/"},"modified":"2026-05-05T13:01:11","modified_gmt":"2026-05-05T10:01:11","slug":"haufig-gestellte-fragen","status":"publish","type":"page","link":"https:\/\/simoscamping.gr\/de\/haufig-gestellte-fragen\/","title":{"rendered":"H\u00e4ufig gestellte Fragen"},"content":{"rendered":"\n<div class=\"wp-block-group content-medium-width-row\" style=\"margin-top:100px;margin-bottom:100px\"><div class=\"wp-block-group__inner-container is-layout-constrained wp-block-group-is-layout-constrained\">\n<div class=\"wp-block-group ticss-5b82a0b9\"><div class=\"wp-block-group__inner-container is-layout-constrained wp-block-group-is-layout-constrained\">\n<h1 class=\"wp-block-heading gradient-text\" style=\"margin-top:0px;margin-bottom:20px\"><strong>H\u00e4ufig gestellte Fragen<\/strong><\/h1>\n<\/div><\/div>\n\n\n\n<h2 class=\"wp-block-heading has-text-align-center\" style=\"margin-bottom:20px\"><strong>Haben Sie Fragen zu Simos Camping? Hier finden Sie Antworten auf die h\u00e4ufigsten Fragen und alle wichtigen Informationen!<\/strong><\/h2>\n<\/div><\/div>\n\n\n\n<div class=\"wp-block-group small-width-row\" style=\"margin-bottom:100px\"><div class=\"wp-block-group__inner-container is-layout-constrained wp-block-group-is-layout-constrained\"><div id=\"acf-block_fb83abe4c0b4ac73ca38dc0a47fb59b2\" class=\"sc-accordion \">\n\n<div class=\"accordion light\">\n    <div class=\"accordion-entry\">\n    <div class=\"accordion-title\">Ben\u00f6tige ich eine Reservierung, um mit meinem eigenen Zelt anzureisen?<\/div>\n\n    <div class=\"accordion-panel\">\n      <p>Der Campingplatz verf\u00fcgt \u00fcber ausgewiesene Stellpl\u00e4tze, die Sie hier \u00fcber unsere Online-Plattform reservieren k\u00f6nnen. Wenn Sie in der Hoch- oder Zwischensaison anreisen, ben\u00f6tigen Sie eine Reservierung, da wir Ihnen sonst m\u00f6glicherweise keinen Platz Ihrer Wahl anbieten k\u00f6nnen. In der Nebensaison sind auch Pl\u00e4tze ohne Reservierung m\u00f6glich.<\/p>\n    <\/div>\n  <\/div>\n    <div class=\"accordion-entry\">\n    <div class=\"accordion-title\">Kann ich auf dem Campingplatz ein Zelt mieten?<\/div>\n\n    <div class=\"accordion-panel\">\n      <p>Selbstverst\u00e4ndlich ist das gegen einen Aufpreis m\u00f6glich, der in der Preisliste auf unserer Website aufgef\u00fchrt ist.<\/p>\n    <\/div>\n  <\/div>\n    <div class=\"accordion-entry\">\n    <div class=\"accordion-title\">Was ist im Zelt enthalten?<\/div>\n\n    <div class=\"accordion-panel\">\n      <p>Nur das Zelt wird gestellt. Matratze und Bettw\u00e4sche m\u00fcssen Sie selbst mitbringen oder gegen eine zus\u00e4tzliche Geb\u00fchr mieten.<\/p>\n    <\/div>\n  <\/div>\n    <div class=\"accordion-entry\">\n    <div class=\"accordion-title\">Wie kann ich reservieren?<\/div>\n\n    <div class=\"accordion-panel\">\n      <p>Reservierungen erfolgen entweder \u00fcber unsere Online-Plattform, telefonisch oder per E-Mail.<\/p>\n    <\/div>\n  <\/div>\n    <div class=\"accordion-entry\">\n    <div class=\"accordion-title\">Sind alle Stellpl\u00e4tze schattig?<\/div>\n\n    <div class=\"accordion-panel\">\n      <p>Die meisten Stellpl\u00e4tze befinden sich unter einem Holzvordach oder einem k\u00fcnstlichen Schattentuch und bieten meist ausreichend Schatten, jedoch nicht den ganzen Tag.<\/p>\n    <\/div>\n  <\/div>\n    <div class=\"accordion-entry\">\n    <div class=\"accordion-title\">Kann ich bei meiner Ankunft einen Stellplatz ohne Schatten haben?<\/div>\n\n    <div class=\"accordion-panel\">\n      <p>Wenn Sie in der Hochsaison, insbesondere um den 15. August, ohne Reservierung anreisen, besteht die M\u00f6glichkeit, dass nur ein Stellplatz mit eingeschr\u00e4nktem oder keinem Schatten verf\u00fcgbar ist. An der Rezeption bem\u00fchen wir uns, Sie bestm\u00f6glich zu bedienen.<\/p>\n    <\/div>\n  <\/div>\n    <div class=\"accordion-entry\">\n    <div class=\"accordion-title\">Verf\u00fcgt jeder Stellplatz \u00fcber Stromanschluss?<\/div>\n\n    <div class=\"accordion-panel\">\n      <p>Kann auf allen Stellpl\u00e4tzen Strom genutzt werden? Etwa zwei Stellpl\u00e4tze verf\u00fcgen \u00fcber einen Stromanschluss. F\u00fcr einen optimalen Service empfehlen wir Ihnen, ein mindestens 10 Meter langes Verl\u00e4ngerungskabel und eine Mehrfachsteckdose mitzubringen.<\/p>\n    <\/div>\n  <\/div>\n    <div class=\"accordion-entry\">\n    <div class=\"accordion-title\">Kann ich mein Zelt\/meinen Wohnwagen\/mein Wohnmobil am Strand aufstellen?<\/div>\n\n    <div class=\"accordion-panel\">\n      <p>Der Strand ist \u00f6ffentlich zug\u00e4nglich und gem\u00e4\u00df den Vorschriften der K\u00fcstenwache ist das Campen auf dem Sand verboten.<\/p>\n    <\/div>\n  <\/div>\n    <div class=\"accordion-entry\">\n    <div class=\"accordion-title\">Wo kann ich die Chemietoilette in meinem Wohnwagen\/mein Wohnmobil entleeren?<\/div>\n\n    <div class=\"accordion-panel\">\n      <p>Gibt es auf dem Campingplatz eine M\u00f6glichkeit, die Chemietoilette und das Abwasser zu entleeren?<\/p>\n    <\/div>\n  <\/div>\n    <div class=\"accordion-entry\">\n    <div class=\"accordion-title\">Sind Haustiere auf dem Campingplatz erlaubt?<\/div>\n\n    <div class=\"accordion-panel\">\n      <p>Sie sind willkommen, solange einige Grundregeln beachtet werden. Haustiere d\u00fcrfen sich auf dem Campingplatz aufhalten. Sie m\u00fcssen stets an der Leine gef\u00fchrt werden, und ihr Kot ist umgehend zu beseitigen. Haustiere sind in Zelten, Wohnmobilen, Wohnwagen und Bungalows erlaubt, nicht jedoch in Rundzelten.<\/p>\n    <\/div>\n  <\/div>\n    <div class=\"accordion-entry\">\n    <div class=\"accordion-title\">Fallen f\u00fcr Haustiere Geb\u00fchren an?<\/div>\n\n    <div class=\"accordion-panel\">\n      <p>Nein, Haustiere sind kostenlos untergebracht.<\/p>\n    <\/div>\n  <\/div>\n    <div class=\"accordion-entry\">\n    <div class=\"accordion-title\">An wen k\u00f6nnen wir uns wenden, wenn wir sp\u00e4t abends etwas brauchen?<\/div>\n\n    <div class=\"accordion-panel\">\n      <p>F\u00fcr alles andere gibt es die ganze Nacht Wachen.<\/p>\n    <\/div>\n  <\/div>\n    <div class=\"accordion-entry\">\n    <div class=\"accordion-title\">Sind Sonnenliegen am Strand kostenpflichtig?<\/div>\n\n    <div class=\"accordion-panel\">\n      <p>Sonnenliegen und Sonnenschirme am Strand sind kostenpflichtig.<\/p>\n    <\/div>\n  <\/div>\n    <div class=\"accordion-entry\">\n    <div class=\"accordion-title\">Gibt es Ruhezeiten? Wann schlie\u00dft die Bar?<\/div>\n\n    <div class=\"accordion-panel\">\n      <p>Wir halten uns so gut wie m\u00f6glich an Ruhezeiten, die Bar schlie\u00dft um 1 Uhr morgens.<\/p>\n    <\/div>\n  <\/div>\n    <div class=\"accordion-entry\">\n    <div class=\"accordion-title\">Ist das Leitungswasser trinkbar?<\/div>\n\n    <div class=\"accordion-panel\">\n      <p>Das Wasser auf dem Campingplatz und auf der gesamten Insel ist nicht trinkbar.<\/p>\n    <\/div>\n  <\/div>\n    <div class=\"accordion-entry\">\n    <div class=\"accordion-title\">Wo kann ich kochen?<\/div>\n\n    <div class=\"accordion-panel\">\n      <p>Unseren Campern stehen zwei Gemeinschaftsk\u00fcchen mit Theken, Sp\u00fclbecken mit flie\u00dfendem Wasser, Strom, K\u00fchl- und Gefrierschr\u00e4nken sowie Elektroherden zur Verf\u00fcgung, die ihr mit eurem eigenen Kochgeschirr nutzen k\u00f6nnt. Alternativ k\u00f6nnt ihr leckere Mahlzeiten im Restaurant des Campingplatzes genie\u00dfen oder euch im Minimarkt mit Snacks und Lebensmitteln versorgen.<\/p>\n    <\/div>\n  <\/div>\n    <div class=\"accordion-entry\">\n    <div class=\"accordion-title\">Sind Koch- und Servierutensilien f\u00fcr die Gemeinschaftsk\u00fcche vorhanden?<\/div>\n\n    <div class=\"accordion-panel\">\n      <p>Nein, Sie m\u00fcssen Ihr eigenes Geschirr mitbringen.<\/p>\n    <\/div>\n  <\/div>\n    <div class=\"accordion-entry\">\n    <div class=\"accordion-title\">Ist Grillen erlaubt?<\/div>\n\n    <div class=\"accordion-panel\">\n      <p>Grillen ist unter folgenden Bedingungen erlaubt: Es weht kein starker Wind, Wasser ist in der N\u00e4he des Grills vorhanden, die Nachbarn werden nicht gest\u00f6rt und die Feuerwehr hat die Genehmigung erteilt. Feuer auf dem Boden ist nicht gestattet. Es gibt jedoch einen speziellen Bereich mit einem Grill, den Sie kostenlos nutzen k\u00f6nnen.<\/p>\n    <\/div>\n  <\/div>\n    <div class=\"accordion-entry\">\n    <div class=\"accordion-title\">Gibt es Gemeinschaftsgrills?<\/div>\n\n    <div class=\"accordion-panel\">\n      <p>Es gibt einen speziell eingerichteten Grillplatz.<\/p>\n    <\/div>\n  <\/div>\n    <div class=\"accordion-entry\">\n    <div class=\"accordion-title\">Gibt es Waschmaschinen und Trockner?<\/div>\n\n    <div class=\"accordion-panel\">\n      <p>Es gibt einen speziellen Bereich mit zwei gro\u00dfen Waschmaschinen. Um diese zu benutzen, ben\u00f6tigen Sie an der Rezeption eine M\u00fcnze, die Sie in den M\u00fcnzautomaten werfen, um die Waschmaschine zu starten. Waschmittel m\u00fcssen Sie selbst mitbringen oder im Minimarkt oder an der Rezeption kaufen. Es gibt keinen Trockner.<\/p>\n    <\/div>\n  <\/div>\n    <div class=\"accordion-entry\">\n    <div class=\"accordion-title\">Welche gastronomischen Einrichtungen bietet der Campingplatz?<\/div>\n\n    <div class=\"accordion-panel\">\n      <p><strong>Restaurant<\/strong>: Das Restaurant verf\u00fcgt \u00fcber einen Holzofen f\u00fcr Pizza. Das Restaurant bietet auch Selbstbedienung, wo Sie st\u00fcndlich Fr\u00fchst\u00fcck, Mittag- und Abendessen sowie Snacks genie\u00dfen k\u00f6nnen. Omeletts, Cr\u00eapes, Sandwiches, Souvlaki und warme Speisen stehen zur Auswahl. Sie k\u00f6nnen alle Speisen im Restaurantbereich genie\u00dfen oder auch zum Mitnehmen bestellen.<br \/>\n<strong>Bar<\/strong>: Auf dem Campingplatz Simos finden Sie in der Bar \u201eSimos\u201c Cocktails, kaltes Bier, Wein sowie Kaffee, S\u00e4fte und Granitas.<\/p>\n    <\/div>\n  <\/div>\n    <div class=\"accordion-entry\">\n    <div class=\"accordion-title\">Wie sind die Preise im Restaurant und in der Bar?<\/div>\n\n    <div class=\"accordion-panel\">\n      <p>Die Preise sind erschwinglich und vergleichbar oder niedriger als in den Gesch\u00e4ften in der Umgebung.<\/p>\n    <\/div>\n  <\/div>\n    <div class=\"accordion-entry\">\n    <div class=\"accordion-title\">Gibt es einen Supermarkt in der N\u00e4he?<\/div>\n\n    <div class=\"accordion-panel\">\n      <p>Der Minimarket auf dem Campingplatz bietet alles von frischem Brot, Milch, Obst, M\u00fcsli und Bl\u00e4tterteig bis hin zu Bedarfsartikeln, Schreibwaren, Zigaretten, Waschmitteln, Spielzeug und Kinderb\u00fcchern sowie saisonalen Artikeln.<\/p>\n    <\/div>\n  <\/div>\n    <div class=\"accordion-entry\">\n    <div class=\"accordion-title\">Welche kostenlosen Annehmlichkeiten bietet der Campingplatz den G\u00e4sten?<\/div>\n\n    <div class=\"accordion-panel\">\n      <p>F\u00fcr alle unsere Camper ist die Nutzung einer Gemeinschaftsk\u00fcche mit Elektroherden, K\u00fchlschr\u00e4nken, Gefrierschr\u00e4nken, Toilettenpapier und Handseife in den Sanit\u00e4tseinrichtungen, Warmwasser in den Waschbecken und Duschen, Spielplatz, Grill, Outdoor-Fitnessger\u00e4te, Beachvolleyball und Beachsoccer sowie WiFi kostenlos.<\/p>\n    <\/div>\n  <\/div>\n    <div class=\"accordion-entry\">\n    <div class=\"accordion-title\">Wie komme ich dorthin?<\/div>\n\n    <div class=\"accordion-panel\">\n      <p>Sie erreichen Elafonisos mit dem <a href=\"https:\/\/simoscamping.gr\/de\/anreise-zum-simos-camping\/\">Auto, Bus oder Taxi.<\/a><\/p>\n    <\/div>\n  <\/div>\n    <div class=\"accordion-entry\">\n    <div class=\"accordion-title\">Wie lange dauert die Busfahrt von Athen zum Campingplatz?<\/div>\n\n    <div class=\"accordion-panel\">\n      <p>Die Busfahrt von Athen dauert mit Zwischenstopps etwa 5,5\u20136 Stunden.<\/p>\n    <\/div>\n  <\/div>\n    <div class=\"accordion-entry\">\n    <div class=\"accordion-title\">Wie lange dauert die Fahrt mit der F\u00e4hre?<\/div>\n\n    <div class=\"accordion-panel\">\n      <p>Die Fahrt mit der F\u00e4hre dauert etwa 8 Minuten.<\/p>\n    <\/div>\n  <\/div>\n    <div class=\"accordion-entry\">\n    <div class=\"accordion-title\">Ben\u00f6tige ich eine Reservierung f\u00fcr die F\u00e4hre?<\/div>\n\n    <div class=\"accordion-panel\">\n      <p>Nein, aufgrund der H\u00e4ufigkeit der Verbindungen sind keine Reservierungen f\u00fcr die F\u00e4hre m\u00f6glich. Die Verbindungen <a href=\"https:\/\/simoscamping.gr\/de\/fahrfahrplan\/\">finden Sie hier.<\/a><\/p>\n    <\/div>\n  <\/div>\n    <div class=\"accordion-entry\">\n    <div class=\"accordion-title\">Wie kann ich mich ohne Auto auf der Insel fortbewegen?<\/div>\n\n    <div class=\"accordion-panel\">\n      <p>F\u00fcr Ihren Transport steht Ihnen ein Bus des Busunternehmens zur Verf\u00fcgung, der in den Monaten Juli und August etwa achtmal t\u00e4glich vor dem Campingplatz zum und vom Hafen, in dem die Stadt liegt, h\u00e4lt. Sie k\u00f6nnen auch ein Motorrad mieten (bitte an der Rezeption), jedoch kein Auto. Im Sommer gibt es auch ein Taxi (bitte an der Rezeption).<\/p>\n    <\/div>\n  <\/div>\n    <div class=\"accordion-entry\">\n    <div class=\"accordion-title\">Ist der Strand in der N\u00e4he? Ist er organisiert?<\/div>\n\n    <div class=\"accordion-panel\">\n      <p>Der Campingplatz liegt direkt am Strand. Die Stellpl\u00e4tze sind 50\u2013300 m vom Sandstrand entfernt. Der Strand von Simos mit seiner unendlichen Sch\u00f6nheit und den D\u00fcnen beginnt genau dort, wo der Campingplatz endet. Er ist komplett mit Liegest\u00fchlen und Sonnenschirmen ausgestattet. Dank der gro\u00dfen Fl\u00e4che gibt es auch gen\u00fcgend Platz f\u00fcr eigene Sonnenschirme oder St\u00fchle. Falls Sie keine eigenen Sachen mitbringen m\u00f6chten, bietet Ihnen unser Minimarkt preiswerten Sonnenschutz und Sitzgelegenheiten. Es ist wichtig, den Strand sauber zu halten, da er ein Naturschutzgebiet von unvergleichlicher Sch\u00f6nheit ist und die Unechten Karettschildkr\u00f6ten beherbergt.<\/p>\n    <\/div>\n  <\/div>\n    <div class=\"accordion-entry\">\n    <div class=\"accordion-title\">Ist das Meer f\u00fcr Kinder geeignet?<\/div>\n\n    <div class=\"accordion-panel\">\n      <p>Das Meer ist sandig und flach, ideal f\u00fcr Kinder.<\/p>\n    <\/div>\n  <\/div>\n    <div class=\"accordion-entry\">\n    <div class=\"accordion-title\">Ist der Strand sandig oder felsig?<\/div>\n\n    <div class=\"accordion-panel\">\n      <p>Der Strand ist sandig.<\/p>\n    <\/div>\n  <\/div>\n    <div class=\"accordion-entry\">\n    <div class=\"accordion-title\">Gibt es einen Rettungsschwimmer am Strand?<\/div>\n\n    <div class=\"accordion-panel\">\n      <p>Der Strand vor dem Campingplatz wird im Juni, Juli und August bewacht.<\/p>\n    <\/div>\n  <\/div>\n    <div class=\"accordion-entry\">\n    <div class=\"accordion-title\">Welche Aktivit\u00e4ten gibt es f\u00fcr Kinder?<\/div>\n\n    <div class=\"accordion-panel\">\n      <p>F\u00fcr \u00e4ltere Kinder bietet der Campingplatz einen Spielplatz, Beachvolleyball, Beachsoccer und Leihfahrr\u00e4der.<\/p>\n    <\/div>\n  <\/div>\n    <div class=\"accordion-entry\">\n    <div class=\"accordion-title\">Bis wann kann ich mit dem Auto auf den Campingplatz fahren?<\/div>\n\n    <div class=\"accordion-panel\">\n      <p>Das Tor schlie\u00dft um 01:00 Uhr morgens und \u00f6ffnet um 7:00 Uhr morgens. Nach dem Schlie\u00dfen des Fahrzeugtors k\u00f6nnen nur noch Fu\u00dfg\u00e4nger den Campingplatz betreten.<\/p>\n    <\/div>\n  <\/div>\n    <div class=\"accordion-entry\">\n    <div class=\"accordion-title\">Wo kann ich parken?<\/div>\n\n    <div class=\"accordion-panel\">\n      <p>Wenn Sie Ihr Auto nicht auf dem Campingplatz lassen m\u00f6chten, k\u00f6nnen Sie es kostenlos auf dem umz\u00e4unten Au\u00dfenparkplatz abstellen.<\/p>\n    <\/div>\n  <\/div>\n    <div class=\"accordion-entry\">\n    <div class=\"accordion-title\">Gibt es Parkpl\u00e4tze f\u00fcr Auto oder Motorrad?<\/div>\n\n    <div class=\"accordion-panel\">\n      <p>Selbstverst\u00e4ndlich! Wir haben speziell f\u00fcr Autos und Motorr\u00e4der vorgesehene Parkpl\u00e4tze auf dem Campingplatz, sodass Sie Ihre Unterkunft bequem erreichen k\u00f6nnen, ohne sich um Ihr Fahrzeug sorgen zu m\u00fcssen. Wenn Sie keine Geb\u00fchren zahlen m\u00f6chten, k\u00f6nnen Sie kostenlos auf dem umz\u00e4unten Au\u00dfenparkplatz parken.<\/p>\n    <\/div>\n  <\/div>\n    <div class=\"accordion-entry\">\n    <div class=\"accordion-title\">Wie sind die \u00d6ffnungszeiten der Rezeption?<\/div>\n\n    <div class=\"accordion-panel\">\n      <p>Die Rezeption des Campingplatzes ist in der Hochsaison ganzt\u00e4gig von 8:00 bis 24:00 Uhr ge\u00f6ffnet.<\/p>\n    <\/div>\n  <\/div>\n    <div class=\"accordion-entry\">\n    <div class=\"accordion-title\">Kann ich mit Kredit-\/Debitkarte bezahlen?<\/div>\n\n    <div class=\"accordion-panel\">\n      <p>Sie k\u00f6nnen Ihre Kredit-\/Debitkarte \u00fcberall auf dem Campingplatz verwenden.<\/p>\n    <\/div>\n  <\/div>\n    <div class=\"accordion-entry\">\n    <div class=\"accordion-title\">Wo befindet sich der n\u00e4chste Geldautomat?<\/div>\n\n    <div class=\"accordion-panel\">\n      <p>Auf dem Campingplatz befindet sich ein Euronet-Geldautomat.<\/p>\n    <\/div>\n  <\/div>\n    <div class=\"accordion-entry\">\n    <div class=\"accordion-title\">Wo befindet sich das n\u00e4chste Gesundheitszentrum?<\/div>\n\n    <div class=\"accordion-panel\">\n      <p>F\u00fcr medizinische Notf\u00e4lle gibt es eine st\u00e4dtische Klinik 4 km vom Campingplatz entfernt. Ein Gesundheitszentrum befindet sich in Neapoli (15 km), ein Krankenhaus in Molao (50 km).<\/p>\n    <\/div>\n  <\/div>\n    <div class=\"accordion-entry\">\n    <div class=\"accordion-title\">Kann ich mein Fahrrad mitbringen?<\/div>\n\n    <div class=\"accordion-panel\">\n      <p>Unsere Gegend eignet sich ideal f\u00fcr sicheres Radfahren und Fortbewegung auf dem Campingplatz. Falls Sie kein eigenes Fahrrad mitbringen m\u00f6chten, k\u00f6nnen Sie an der Rezeption Fahrr\u00e4der ausleihen.<\/p>\n    <\/div>\n  <\/div>\n    <div class=\"accordion-entry\">\n    <div class=\"accordion-title\">Was sollte ich mitbringen?<\/div>\n\n    <div class=\"accordion-panel\">\n      <p>Sie ben\u00f6tigen m\u00f6glicherweise eine Taschenlampe, ein Ladeger\u00e4t, eine Laterne, ein Seil, W\u00e4scheklammern, Kissen und Bettw\u00e4sche, Insektenschutzmittel, einen Schlafsack, eine Matratze, ein Verl\u00e4ngerungskabel, eine Steckdosenleiste, Kochutensilien und K\u00fcchengeschirr. Viele der oben genannten Artikel sind auch im Minimarkt des Campingplatzes erh\u00e4ltlich.<\/p>\n    <\/div>\n  <\/div>\n    <div class=\"accordion-entry\">\n    <div class=\"accordion-title\">Kann ich Tisch und St\u00fchle mieten\/ausleihen?<\/div>\n\n    <div class=\"accordion-panel\">\n      <p>F\u00fcr Campingg\u00e4ste mit eigenem Zelt stehen Gemeinschaftsbereiche mit Tischen und St\u00fchlen zur kostenlosen Nutzung zur Verf\u00fcgung. Diese k\u00f6nnen nicht gemietet werden.<\/p>\n    <\/div>\n  <\/div>\n    <div class=\"accordion-entry\">\n    <div class=\"accordion-title\">Wo kann ich baden und gibt es warmes Wasser?<\/div>\n\n    <div class=\"accordion-panel\">\n      <p>Es gibt saubere Duschen und Toiletten mit hei\u00dfem Wasser rund um die Uhr, sodass Sie nach dem Meer oder Ihren Aktivit\u00e4ten ein entspannendes Bad genie\u00dfen k\u00f6nnen. Die Einrichtungen werden regelm\u00e4\u00dfig gereinigt, um maximalen Komfort und Hygiene zu gew\u00e4hrleisten.<\/p>\n    <\/div>\n  <\/div>\n  <\/div>\n\n<\/div>\n<script>\njQuery(document).ready(function($) {\n    \/\/const accordion_id = \n    if(typeof sc_ajax_object !== 'undefined') {\n      var accordion = $( \"#acf-block_fb83abe4c0b4ac73ca38dc0a47fb59b2 .accordion\" ).accordion({\n        heightStyle: \"content\",\n        collapsible: true,\n        active: false,\n        heightStyle: \"auto\",\n        animate: 0.5,\n      });\n    \n\n\n      \/\/ accordion.find('.accordion-title').each(function() {\n      \/\/   $(this).append($('<span>', {\n      \/\/     \"class\": \"open-close\"\n      \/\/   }));\n      \/\/ })\n    }\n} );\n<\/script><\/div><\/div>\n\n\n<div id=\"acf-block_8669d741badfacb6051afac5b3f6abfe\" class=\"sc-parallax \">\n\n\t<div class=\"wrapper\">\n\t\t<div class=\"text-wrapper fade-up small-width-row\">\n\t\t\t<div class=\"title\">Hier funktioniert alles, um Ihre Tr\u00e4ume zu verwirklichen!<\/div>\n\t\t\t\t\t    <span class=\"simos-button\">\n\t\t    \t<a href=\"https:\/\/simos.campsaround.com\/\" target=_blank>BUCHEN<\/a>\n\t\t\t<\/span>\n\t\t\t\t\t<\/div>\n\t<\/div>\n\n<\/div>\n\n<script>\n\njQuery(document).ready(function($) {\n\tif(typeof sc_ajax_object !== 'undefined') {\n\t\tconst { animate, scroll, inView } = Motion\n\n\t\tconst block = jQuery(\".sc-parallax\");\n\t\tconst waves = [];\n\n\t\tfor (let i = 0; i < 3; i++) {\n\t\t\twaves[i] = $(\"<div>\", {\n\t\t\t\tclass: \"wave wave-\"+i\n\t\t\t});\n\t\t\tblock.append(waves[i]);\n\t\t}\n\n\n\t\tscroll(animate(0, 1000, {\n\t\t\t\tonUpdate: latest => {\n\t\t\t\t\twaves[0].css(\"background-position\", latest + \"px 0px\");\n\t\t\t\t\twaves[1].css(\"background-position\", -latest + \"px 0px\");\n\t\t\t\t\twaves[2].css(\"background-position\", latest + \"px 0px\");\n\t\t\t\t}\n\t\t\t}\n\t\t))\n\n\n\n\t}\n});\n\n<\/script>","protected":false},"excerpt":{"rendered":"<p>H\u00e4ufig gestellte Fragen Haben Sie Fragen zu Simos Camping? Hier finden Sie Antworten auf die h\u00e4ufigsten Fragen und alle wichtigen Informationen!<\/p>\n","protected":false},"author":1,"featured_media":0,"parent":0,"menu_order":0,"comment_status":"closed","ping_status":"closed","template":"page-no-title","meta":{"_acf_changed":false,"footnotes":""},"class_list":["post-2417","page","type-page","status-publish","hentry"],"acf":[],"_links":{"self":[{"href":"https:\/\/simoscamping.gr\/de\/wp-json\/wp\/v2\/pages\/2417","targetHints":{"allow":["GET"]}}],"collection":[{"href":"https:\/\/simoscamping.gr\/de\/wp-json\/wp\/v2\/pages"}],"about":[{"href":"https:\/\/simoscamping.gr\/de\/wp-json\/wp\/v2\/types\/page"}],"author":[{"embeddable":true,"href":"https:\/\/simoscamping.gr\/de\/wp-json\/wp\/v2\/users\/1"}],"replies":[{"embeddable":true,"href":"https:\/\/simoscamping.gr\/de\/wp-json\/wp\/v2\/comments?post=2417"}],"version-history":[{"count":4,"href":"https:\/\/simoscamping.gr\/de\/wp-json\/wp\/v2\/pages\/2417\/revisions"}],"predecessor-version":[{"id":2428,"href":"https:\/\/simoscamping.gr\/de\/wp-json\/wp\/v2\/pages\/2417\/revisions\/2428"}],"wp:attachment":[{"href":"https:\/\/simoscamping.gr\/de\/wp-json\/wp\/v2\/media?parent=2417"}],"curies":[{"name":"wp","href":"https:\/\/api.w.org\/{rel}","templated":true}]}}