{"id":2443,"date":"2026-02-03T14:33:29","date_gmt":"2026-02-03T11:33:29","guid":{"rendered":"https:\/\/simoscamping.gr\/elafonisos\/"},"modified":"2026-05-05T18:05:36","modified_gmt":"2026-05-05T15:05:36","slug":"elafonisos","status":"publish","type":"page","link":"https:\/\/simoscamping.gr\/de\/elafonisos\/","title":{"rendered":"Elafonisos"},"content":{"rendered":"\n<div class=\"wp-block-group medium-width-row\" style=\"margin-top:84px\"><div class=\"wp-block-group__inner-container is-layout-constrained wp-block-group-is-layout-constrained\"><div id=\"acf-block_65fc508ff9d3c29efd4d2a2e47f1129c\" class=\"services-block large\">\n\n\t\t\t<div class=\"services-header\">\n\t\t\t\t<h2 class=\"services-title gradient-text\">Entdecken Sie Elafonisos!<\/h2>\n\t\t\t\t\t\t<div class=\"services-text\"><p>Elafonisos, eine malerische Insel im s\u00fcdlichen Peloponnes, bietet einzigartige M\u00f6glichkeiten zum Wandern und Erkunden ihrer Natursch\u00f6nheiten. Obwohl es auf der Insel keine offiziell markierten Wanderwege gibt, k\u00f6nnen Besucher Spazierg\u00e4nge auf K\u00fcstenpfaden genie\u00dfen und versteckte Str\u00e4nde und Landschaften entdecken.<\/p>\n<\/div>\n\t\t\t<\/div>\n\t\n\t<div class=\"services\">\n\t\t\t\t        <div class=\"service fade-up\">\n\t\t        \t<h3 class=\"service-title\">Stranderkundung<\/h3>\n\t\t        \t\t\t        \t<div class=\"service-sub-title\"><p>Elafonisos ist ber\u00fchmt f\u00fcr seine beeindruckenden Str\u00e4nde und idealen Bedingungen f\u00fcr Wassersport. <\/p>\n<\/div>\n\t\t\t        \t\t\t        <div class=\"service-img\" style=\"background-image: url(https:\/\/simoscamping.gr\/wp-content\/uploads\/2026\/02\/simos-beach-593x730.jpg);\">\n\t\t\t        \t<div class=\"service-text\"><p>Der international bekannte Strand von Simos besticht durch seinen feinen, goldenen Sand und das kristallklare Wasser. Der gro\u00dfe Sandstrand ist von D\u00fcnen und Zedern umgeben und bildet eine einzigartige Naturlandschaft. Auch der Strand von Panagia bietet feinen Sand und tiefes, klares blaues Wasser und ist somit ein ebenso reizvolles Ziel zum Entspannen und Schwimmen.<br \/>\nNeben seinen idyllischen Str\u00e4nden ist Elafonisos ideal f\u00fcr Wassersport. Die vorherrschenden Bedingungen machen die Insel zu einer ausgezeichneten Wahl f\u00fcr Aktivit\u00e4ten wie Surfen, Windsurfen und Kitesurfen und bieten Abenteuerlustigen unvergessliche Erlebnisse auf See.<\/p>\n<\/div>\n\t\t\t        <\/div>\n\t\t\t    <\/div>\n\t\t        \t\t        <div class=\"service fade-up\">\n\t\t        \t<h3 class=\"service-title\">Aktivit\u00e4ten in Elafonisos<\/h3>\n\t\t        \t\t\t\t        <div class=\"service-img\" style=\"background-image: url(https:\/\/simoscamping.gr\/wp-content\/uploads\/2026\/02\/simos-dunes-593x576.jpg);\">\n\t\t\t        \t<div class=\"service-text\"><p>Elafonisos ist nicht nur ein Reiseziel zum Entspannen an den Str\u00e4nden, sondern auch ein idealer Ort f\u00fcr Erkundungen auf Wander- und Radwegen, zum Besichtigen von Sehensw\u00fcrdigkeiten und zum Wandern durch einzigartige Naturlandschaften.<\/p>\n<\/div>\n\t\t\t        <\/div>\n\t\t\t    <\/div>\n\t\t        \t\t        <div class=\"service fade-up\">\n\t\t        \t<h3 class=\"service-title\">Wandern und Radfahren<\/h3>\n\t\t        \t\t\t        \t<div class=\"service-sub-title\"><p>Elafonisos bietet sechs Wander- und drei Radwege, auf denen Sie die Sch\u00f6nheit der Natur entdecken k\u00f6nnen. Zu den Wanderrouten geh\u00f6rt die Route von Elafonisos nach Vigla und Vardia, die den h\u00f6chsten Punkt der Insel auf 276 Metern erreicht und einen Panoramablick auf den Hafen und die umliegenden Buchten bietet. Eine anspruchsvollere Option ist die drei Kilometer lange Route Katonisi\u2013Aglyftis, die an einem abgelegenen Strand mit kristallklarem Wasser endet \u2013 ideal f\u00fcr alle, die eine abenteuerlichere Wanderung suchen.<\/p>\n<\/div>\n\t\t\t        \t\t\t        <div class=\"service-img\" style=\"background-image: url(https:\/\/simoscamping.gr\/wp-content\/uploads\/2026\/02\/kournospila-593x471.jpg);\">\n\t\t\t        \t<div class=\"service-text\"><p>F\u00fcr Radsportbegeisterte ist die Route Elafonisos\u2013Panagia (4 km) eine wundersch\u00f6ne Strecke mit zahlreichen Sehensw\u00fcrdigkeiten. Ebenso interessant ist die Route Elafonisos\u2013Simos, die zu den ber\u00fchmten Str\u00e4nden der Insel f\u00fchrt, w\u00e4hrend die drei Kilometer lange Route Simos\u2013Katonisi mit der neuen Ringstra\u00dfe eine ausgezeichnete Wahl zum Radfahren ist.<\/p>\n<\/div>\n\t\t\t        <\/div>\n\t\t\t    <\/div>\n\t\t        \t\t        <div class=\"service fade-up\">\n\t\t        \t<h3 class=\"service-title\">Sehensw\u00fcrdigkeiten<\/h3>\n\t\t        \t\t\t        \t<div class=\"service-sub-title\"><p>Die Insel bietet zahlreiche Sehensw\u00fcrdigkeiten, die es zu entdecken gilt. Die Kirche Agios Spyridon, erbaut auf einer kleinen Felseninsel im Hafen von Elafonisos, ist ein charakteristischer Punkt der Insel und eng mit ihrer Geschichte und Identit\u00e4t verbunden.<\/p>\n<\/div>\n\t\t\t        \t\t\t        <div class=\"service-img\" style=\"background-image: url(https:\/\/simoscamping.gr\/wp-content\/uploads\/2026\/02\/spiridonas-593x624.jpg);\">\n\t\t\t        \t<div class=\"service-text\"><p>Besonders interessant ist auch die versunkene Stadt Pavlopetri, eine der \u00e4ltesten versunkenen St\u00e4dte der Welt, die zum Tauchen und Schnorcheln zug\u00e4nglich ist. Die arch\u00e4ologische St\u00e4tte bietet ein faszinierendes Erlebnis, da Taucher die Ruinen dieser pr\u00e4historischen Stadt unter t\u00fcrkisfarbenem Wasser bestaunen k\u00f6nnen.<\/p>\n<\/div>\n\t\t\t        <\/div>\n\t\t\t    <\/div>\n\t\t        \t\t        <div class=\"service fade-up\">\n\t\t        \t<h3 class=\"service-title\">Naturlandschaften erkunden<\/h3>\n\t\t        \t\t\t        \t<div class=\"service-sub-title\"><p>Um die Insel leichter zu erkunden, empfehlen wir Ihnen die App <a href=\"https:\/\/www.topoguide.gr\/islands\/southern_aegeo\/hiking_on_elafonisos.php\" target=\"_blank\" rel=\"noopener\">Elafonisos topoGuide<\/a>, die f\u00fcr Android und iOS verf\u00fcgbar ist und detaillierte Karten und n\u00fctzliche Informationen zu jeder Route bietet.<\/p>\n<\/div>\n\t\t\t        \t\t\t        <div class=\"service-img\" style=\"background-image: url(https:\/\/simoscamping.gr\/wp-content\/uploads\/2026\/02\/spilia-593x730.jpg);\">\n\t\t\t        \t<div class=\"service-text\"><p>Die Simos-H\u00f6hle oberhalb des gleichnamigen Strandes ist eine weitere sehenswerte Naturattraktion. Nur 200 Meter vom Eingang des Campingplatzes entfernt bietet sie einen Panoramablick auf das Meer und ist ein einzigartiger Ort zum Erkunden.<\/p>\n<\/div>\n\t\t\t        <\/div>\n\t\t\t    <\/div>\n\t\t        \t<\/div>\n\t\n<\/div>\n\n<script>\njQuery(document).ready(function($) {\n\tif(typeof sc_ajax_object !== 'undefined') {\n\n\t\tvar service = jQuery(\"#acf-block_65fc508ff9d3c29efd4d2a2e47f1129c .service\");\n\n\n\t\tservice.on( \"click\", function() {\n\n\t\t\t$(this).toggleClass(\"active\");\n\t\t});\n\n\t\tservice.each(function() {\n\t\t\tvar animText = $(\"<div>\", {\n\t\t\t\tclass: \"animText\",\n\n\t\t\t});\n\n\t\t\tfor( i=0; i < 3; i++ ) {\n\t\t\t\tanimText.append($(\"<span>\", {\n\t\t\t\t\tclass: \"bar bar-\" + i\n\t\t\t\t}))\n\t\t\t}\n\n\t\t\t$(this).find(\".service-img\").append(animText);\n\t\t});\n\n\t\t\n\t\t\/\/ MOTION.dev\n\t\tconst { animate, stagger } = Motion\n\n\t\tanimate([\n\t\t\t[\"#acf-block_65fc508ff9d3c29efd4d2a2e47f1129c .bar-0\", {width: [\"0%\", \"100%\"]}],\n\t\t\t[\"#acf-block_65fc508ff9d3c29efd4d2a2e47f1129c .bar-1\", {width: [\"0%\", \"100%\"]}],\n\t\t\t[\"#acf-block_65fc508ff9d3c29efd4d2a2e47f1129c .bar-2\", {width: [\"0%\", \"100%\"]}],\n\t\t], {repeat: Infinity, duration: 3 });\n\n\n\t}\n});\n<\/script><\/div><\/div>\n\n\n\n<div class=\"wp-block-group fade-in\" style=\"margin-top:71px;margin-bottom:54px\"><div class=\"wp-block-group__inner-container is-layout-constrained wp-block-group-is-layout-constrained\"><div id=\"acf-block_0ab2aa19e30566dfa1a0668deb8478d0\" class=\"wide-style gradient-banner-block \">\n\n\t<div class=\"bkg-gradient\" style=\"background-color: #25beda;\">\n\t\t<h2 class=\"title\">Erleben Sie das einzigartige Erlebnis des Simos Campings am exotischen Strand von Simos und entdecken Sie Elafonisos auf authentische Weise!<\/h2>\n\t<\/div>\n\n\t<style>\n\t\t#acf-block_0ab2aa19e30566dfa1a0668deb8478d0 {\n\t\t\t--blockColor1:#25beda;\n\t\t\t\t\t}\n\t<\/style>\n\n<\/div>\n<\/div><\/div>\n\n\n\n<div class=\"wp-block-group fade-up\" style=\"margin-top:var(--wp--preset--spacing--80);margin-bottom:var(--wp--preset--spacing--80)\"><div class=\"wp-block-group__inner-container is-layout-constrained wp-block-group-is-layout-constrained\"><div id=\"acf-block_079e05a629c0f48388e5709ba96859cd\" class=\"depth-style fw-gallery-block \" aria-hidden='true'>\n\n\t<div class=\"wrapper\">\n    \t\t<div class=\"gallery\">\n\t\t\t<div class=\"royalSlider rsDefault visibleNearby\" id=\"ddd\"><img decoding=\"async\" class=\"rsImg\" src=\"https:\/\/simoscamping.gr\/wp-content\/uploads\/2026\/02\/simos-beach-5-385x637.webp\" data-rsBigImg=\"https:\/\/simoscamping.gr\/wp-content\/uploads\/2026\/02\/simos-beach-5.webp\" data-rsw=\"385\" data-rsh=\"637\" alt=\"\u0395\u03bb\u03b1\u03c6\u03cc\u03bd\u03b7\u03c3\u03bf\u03c2 \u03bf\u03c1\u03b3\u03b1\u03bd\u03c9\u03bc\u03ad\u03bd\u03b7 \u03c0\u03b1\u03c1\u03b1\u03bb\u03af\u03b1\" \/><img decoding=\"async\" class=\"rsImg\" src=\"https:\/\/simoscamping.gr\/wp-content\/uploads\/2026\/02\/elafonisos-1-385x624.webp\" data-rsBigImg=\"https:\/\/simoscamping.gr\/wp-content\/uploads\/2026\/02\/elafonisos-1.webp\" data-rsw=\"385\" data-rsh=\"624\" alt=\"\u0395\u03bb\u03b1\u03c6\u03cc\u03bd\u03b7\u03c3\u03bf\u03c2 \u03b5\u03ba\u03ba\u03bb\u03b7\u03c3\u03af\u03b1\" \/><img decoding=\"async\" class=\"rsImg\" src=\"https:\/\/simoscamping.gr\/wp-content\/uploads\/2026\/02\/elafonisos-2-385x637.webp\" data-rsBigImg=\"https:\/\/simoscamping.gr\/wp-content\/uploads\/2026\/02\/elafonisos-2.webp\" data-rsw=\"385\" data-rsh=\"637\" alt=\"\u0395\u03bb\u03b1\u03c6\u03cc\u03bd\u03b7\u03c3\u03bf\u03c2 \u0386\u03b3\u03b9\u03bf\u03c2 \u03a3\u03c0\u03c5\u03c1\u03af\u03b4\u03c9\u03bd\u03b1\u03c2\" \/><img decoding=\"async\" class=\"rsImg\" src=\"https:\/\/simoscamping.gr\/wp-content\/uploads\/2026\/02\/elafonisos-3-385x637.webp\" data-rsBigImg=\"https:\/\/simoscamping.gr\/wp-content\/uploads\/2026\/02\/elafonisos-3.webp\" data-rsw=\"385\" data-rsh=\"637\" alt=\"\u03a0\u03b1\u03c1\u03b1\u03bb\u03af\u03b1 \u0395\u03bb\u03b1\u03c6\u03cc\u03bd\u03b7\u03c3\u03bf\u03c2\" \/><img decoding=\"async\" class=\"rsImg\" src=\"https:\/\/simoscamping.gr\/wp-content\/uploads\/2026\/02\/elafonisos-4-385x637.webp\" data-rsBigImg=\"https:\/\/simoscamping.gr\/wp-content\/uploads\/2026\/02\/elafonisos-4.webp\" data-rsw=\"385\" data-rsh=\"637\" alt=\"\u03a0\u03b1\u03c1\u03b1\u03bb\u03af\u03b1 \u03a3\u03af\u03bc\u03bf\u03c2 \u03bf\u03bc\u03c0\u03c1\u03ad\u03bb\u03b5\u03c2\" \/><img decoding=\"async\" class=\"rsImg\" src=\"https:\/\/simoscamping.gr\/wp-content\/uploads\/2026\/02\/elafonisos-5-385x637.webp\" data-rsBigImg=\"https:\/\/simoscamping.gr\/wp-content\/uploads\/2026\/02\/elafonisos-5.webp\" data-rsw=\"385\" data-rsh=\"637\" alt=\"\u03a3\u03af\u03bc\u03bf\u03c2 \u03b7\u03bb\u03b9\u03bf\u03b2\u03b1\u03c3\u03af\u03bb\u03b5\u03bc\u03b1\" \/><img decoding=\"async\" class=\"rsImg\" src=\"https:\/\/simoscamping.gr\/wp-content\/uploads\/2026\/02\/elafonisos-6-385x637.webp\" data-rsBigImg=\"https:\/\/simoscamping.gr\/wp-content\/uploads\/2026\/02\/elafonisos-6.webp\" data-rsw=\"385\" data-rsh=\"637\" alt=\"\u0395\u03bb\u03b1\u03c6\u03cc\u03bd\u03b7\u03c3\u03bf\u03c2 \u03b1\u03bc\u03bc\u03bf\u03b8\u03af\u03bd\u03b5\u03c2\" \/><img decoding=\"async\" class=\"rsImg\" src=\"https:\/\/simoscamping.gr\/wp-content\/uploads\/2026\/02\/elafonisos-7-385x637.webp\" data-rsBigImg=\"https:\/\/simoscamping.gr\/wp-content\/uploads\/2026\/02\/elafonisos-7.webp\" data-rsw=\"385\" data-rsh=\"637\" alt=\"\u03a0\u03b1\u03c1\u03b1\u03bb\u03af\u03b1 \u0395\u03bb\u03b1\u03c6\u03cc\u03bd\u03b7\u03c3\u03bf\u03c2 \u03b1\u03b5\u03c1\u03bf\u03c6\u03c9\u03c4\u03bf\u03b3\u03c1\u03b1\u03c6\u03af\u03b1\" \/><\/div>\t\t<\/div>\n    \t<\/div>\n\n<\/div>\n<script>\njQuery(document).ready(function($) {\n  if(typeof sc_ajax_object !== 'undefined') {\n\n    \/\/ LIGHTBOX\n    var gallery = $(\"#acf-block_079e05a629c0f48388e5709ba96859cd .gallery\");\n    var lightboxID = \"acf-block_079e05a629c0f48388e5709ba96859cd\" + \"-lightbox\";\n\n        var gallery_button = $(\"<div class='button-wrapper'><div class='simos-button' id='\" + lightboxID + \"'><span>\" + \"GALERIE ANSEHEN\" + \"<\/span><\/div><\/div>\");\n    \/\/ gallery_button.click(function() {si.enterFullscreen();}); \n    gallery.append(gallery_button);\n    \n    const $dynamicGallery = document.getElementById(lightboxID);\n    const dynamicGallery = lightGallery($dynamicGallery, {\n        dynamic: true,\n        dynamicEl: [\n                              {\n              src: 'https:\/\/simoscamping.gr\/wp-content\/uploads\/2026\/02\/simos-beach-5.webp',\n              subHtml: '<h4>\u0395\u03bb\u03b1\u03c6\u03cc\u03bd\u03b7\u03c3\u03bf\u03c2 \u03bf\u03c1\u03b3\u03b1\u03bd\u03c9\u03bc\u03ad\u03bd\u03b7 \u03c0\u03b1\u03c1\u03b1\u03bb\u03af\u03b1<\/h4>',\n          },\n                    {\n              src: 'https:\/\/simoscamping.gr\/wp-content\/uploads\/2026\/02\/elafonisos-1.webp',\n              subHtml: '<h4>\u0395\u03bb\u03b1\u03c6\u03cc\u03bd\u03b7\u03c3\u03bf\u03c2 \u03b5\u03ba\u03ba\u03bb\u03b7\u03c3\u03af\u03b1<\/h4>',\n          },\n                    {\n              src: 'https:\/\/simoscamping.gr\/wp-content\/uploads\/2026\/02\/elafonisos-2.webp',\n              subHtml: '<h4>\u0395\u03bb\u03b1\u03c6\u03cc\u03bd\u03b7\u03c3\u03bf\u03c2 \u0386\u03b3\u03b9\u03bf\u03c2 \u03a3\u03c0\u03c5\u03c1\u03af\u03b4\u03c9\u03bd\u03b1\u03c2<\/h4>',\n          },\n                    {\n              src: 'https:\/\/simoscamping.gr\/wp-content\/uploads\/2026\/02\/elafonisos-3.webp',\n              subHtml: '<h4>\u03a0\u03b1\u03c1\u03b1\u03bb\u03af\u03b1 \u0395\u03bb\u03b1\u03c6\u03cc\u03bd\u03b7\u03c3\u03bf\u03c2<\/h4>',\n          },\n                    {\n              src: 'https:\/\/simoscamping.gr\/wp-content\/uploads\/2026\/02\/elafonisos-4.webp',\n              subHtml: '<h4>\u03a0\u03b1\u03c1\u03b1\u03bb\u03af\u03b1 \u03a3\u03af\u03bc\u03bf\u03c2 \u03bf\u03bc\u03c0\u03c1\u03ad\u03bb\u03b5\u03c2<\/h4>',\n          },\n                    {\n              src: 'https:\/\/simoscamping.gr\/wp-content\/uploads\/2026\/02\/elafonisos-5.webp',\n              subHtml: '<h4>\u03a3\u03af\u03bc\u03bf\u03c2 \u03b7\u03bb\u03b9\u03bf\u03b2\u03b1\u03c3\u03af\u03bb\u03b5\u03bc\u03b1<\/h4>',\n          },\n                    {\n              src: 'https:\/\/simoscamping.gr\/wp-content\/uploads\/2026\/02\/elafonisos-6.webp',\n              subHtml: '<h4>\u0395\u03bb\u03b1\u03c6\u03cc\u03bd\u03b7\u03c3\u03bf\u03c2 \u03b1\u03bc\u03bc\u03bf\u03b8\u03af\u03bd\u03b5\u03c2<\/h4>',\n          },\n                    {\n              src: 'https:\/\/simoscamping.gr\/wp-content\/uploads\/2026\/02\/elafonisos-7.webp',\n              subHtml: '<h4>\u03a0\u03b1\u03c1\u03b1\u03bb\u03af\u03b1 \u0395\u03bb\u03b1\u03c6\u03cc\u03bd\u03b7\u03c3\u03bf\u03c2 \u03b1\u03b5\u03c1\u03bf\u03c6\u03c9\u03c4\u03bf\u03b3\u03c1\u03b1\u03c6\u03af\u03b1<\/h4>',\n          },\n                            ],\n    });\n    $dynamicGallery.addEventListener('click', function () {\n        \/\/ Starts with third item.(Optional).\n        \/\/ This is useful if you want use dynamic mode with\n        \/\/ custom thumbnails (thumbnails outside gallery),\n        dynamicGallery.openGallery(0);\n    });\n\n    \/\/ ROYALSLIDER\n    var si = $('#acf-block_079e05a629c0f48388e5709ba96859cd .royalSlider').royalSlider({\n      addActiveClass: true,\n      \/\/ controlInside: false,\n      \/\/ usePreloader: false,\n      \/\/ loop: true,\n      arrowsNav: false,\n      controlNavigation: 'none',\n      controlsInside: false,\n      autoScaleSlider: false, \n      \/\/ autoScaleSliderWidth: 960,     \n      \/\/ autoScaleSliderHeight: 340,\n      loop: true,\n      fadeinLoadedSlide: false,\n      globalCaption: false,\n      keyboardNavEnabled: true,\n      globalCaptionInside: false,\n\n      \/\/slidesSpacing: 1,\n      \/\/autoHeight: true,\n      imageScaleMode: 'fit',\n\n      visibleNearby: {\n        enabled: true,\n        centerArea: 0.25,\n        center: true,\n        breakpoint: 601,\n        breakpointCenterArea: 0.64,\n        navigateByCenterClick: true\n      },\n      autoPlay: {\n        \/\/ autoplay options go gere\n        enabled: true,\n        pauseOnHover: true,\n        delay: 3000,\n        stopAtAction: true\n      },\n  \t\t\/\/ fullscreen: {\n  \t\t\/\/ \t\/\/ fullscreen options go gere\n  \t\t\/\/ \tenabled: true,\n  \t\t\/\/ \tnativeFS: false\n\n  \t\t\/\/ }\n    }).data('royalSlider');\n\n    \/*\n    link to fifth slide from slider description.\n    $('.slide4link').click(function(e) {\n      si.goTo(4);\n      return false;\n    });\n    *\/\n\n    \/* Internationalization (i18n) *\/\n    \/\/ const { __, _x, _n, sprintf } = wp.i18n;\n    \/*  \n    var fullscreenbtn = $('#acf-block_079e05a629c0f48388e5709ba96859cd .rsFullscreenBtn');\n    fullscreenbtn.addClass(\"simos-button\");\n    fullscreenbtn.find('.rsFullscreenIcn').text(__( 'VIEW IMAGES', 'simoscamping' ))\n    *\/\n    \/\/ si.ev.on('rsEnterFullscreen', function() {\n    \/\/   \/\/ si.st.imageScaleMode = 'none'; \/\/ or 'fill', 'none', etc.\n    \/\/  si.st.visibleNearby.centerArea = 0.50;\n    \/\/   si.updateSliderSize(true);\n    \/\/ });\n\n    \/\/ si.ev.on('rsExitFullscreen', function() {\n    \/\/   \/\/ si.st.imageScaleMode = 'fit'; \/\/ Revert to original or desired default\n    \/\/   si.st.visibleNearby.centerArea = 0.25;\n    \/\/   si.updateSliderSize(true);\n    \/\/ });\n\n\n  }\n});\n<\/script><\/div><\/div>\n\n\n<div id=\"acf-block_d9de9a141374f48e8ef3d1ae7e343aea\" class=\"sc-parallax \">\n\n\t<div class=\"wrapper\">\n\t\t<div class=\"text-wrapper fade-up small-width-row\">\n\t\t\t<div class=\"title\">Hier funktioniert alles, um Ihre Tr\u00e4ume zu verwirklichen!<\/div>\n\t\t\t\t\t    <span class=\"simos-button\">\n\t\t    \t<a href=\"https:\/\/simos.campsaround.com\/\" target=_blank>BUCHEN<\/a>\n\t\t\t<\/span>\n\t\t\t\t\t<\/div>\n\t<\/div>\n\n<\/div>\n\n<script>\n\njQuery(document).ready(function($) {\n\tif(typeof sc_ajax_object !== 'undefined') {\n\t\tconst { animate, scroll, inView } = Motion\n\n\t\tconst block = jQuery(\".sc-parallax\");\n\t\tconst waves = [];\n\n\t\tfor (let i = 0; i < 3; i++) {\n\t\t\twaves[i] = $(\"<div>\", {\n\t\t\t\tclass: \"wave wave-\"+i\n\t\t\t});\n\t\t\tblock.append(waves[i]);\n\t\t}\n\n\n\t\tscroll(animate(0, 1000, {\n\t\t\t\tonUpdate: latest => {\n\t\t\t\t\twaves[0].css(\"background-position\", latest + \"px 0px\");\n\t\t\t\t\twaves[1].css(\"background-position\", -latest + \"px 0px\");\n\t\t\t\t\twaves[2].css(\"background-position\", latest + \"px 0px\");\n\t\t\t\t}\n\t\t\t}\n\t\t))\n\n\n\n\t}\n});\n\n<\/script>","protected":false},"excerpt":{"rendered":"","protected":false},"author":1,"featured_media":0,"parent":0,"menu_order":0,"comment_status":"closed","ping_status":"closed","template":"page-no-title","meta":{"_acf_changed":false,"footnotes":""},"class_list":["post-2443","page","type-page","status-publish","hentry"],"acf":[],"_links":{"self":[{"href":"https:\/\/simoscamping.gr\/de\/wp-json\/wp\/v2\/pages\/2443","targetHints":{"allow":["GET"]}}],"collection":[{"href":"https:\/\/simoscamping.gr\/de\/wp-json\/wp\/v2\/pages"}],"about":[{"href":"https:\/\/simoscamping.gr\/de\/wp-json\/wp\/v2\/types\/page"}],"author":[{"embeddable":true,"href":"https:\/\/simoscamping.gr\/de\/wp-json\/wp\/v2\/users\/1"}],"replies":[{"embeddable":true,"href":"https:\/\/simoscamping.gr\/de\/wp-json\/wp\/v2\/comments?post=2443"}],"version-history":[{"count":3,"href":"https:\/\/simoscamping.gr\/de\/wp-json\/wp\/v2\/pages\/2443\/revisions"}],"predecessor-version":[{"id":2485,"href":"https:\/\/simoscamping.gr\/de\/wp-json\/wp\/v2\/pages\/2443\/revisions\/2485"}],"wp:attachment":[{"href":"https:\/\/simoscamping.gr\/de\/wp-json\/wp\/v2\/media?parent=2443"}],"curies":[{"name":"wp","href":"https:\/\/api.w.org\/{rel}","templated":true}]}}