{"id":2461,"date":"2026-01-26T14:40:06","date_gmt":"2026-01-26T11:40:06","guid":{"rendered":"https:\/\/simoscamping.gr\/elafonisos-natura-2000\/"},"modified":"2026-05-05T13:28:26","modified_gmt":"2026-05-05T10:28:26","slug":"elafonisos-natura-2000","status":"publish","type":"page","link":"https:\/\/simoscamping.gr\/de\/elafonisos-natura-2000\/","title":{"rendered":"Elafonisos NATURA 2000"},"content":{"rendered":"\n<div class=\"wp-block-group parallax-wl\"><div class=\"wp-block-group__inner-container is-layout-constrained wp-block-group-is-layout-constrained\">\n<div class=\"wp-block-group content-medium-width-row\" style=\"margin-top:0px;margin-bottom:0px;padding-top:120px;padding-bottom:50px\"><div class=\"wp-block-group__inner-container is-layout-constrained wp-block-group-is-layout-constrained\">\n<h1 class=\"wp-block-heading\"><strong>Elafonisos NATURA 2000<\/strong><\/h1>\n\n\n\n<h3 class=\"wp-block-heading\"><strong>Simos geh\u00f6rt zu den NATURA 2000-Gebieten<\/strong>.<\/h3>\n\n\n\n<p>Ein weiterer Vorteil von Elafonisos, der einen Besuch und eine Erkundung wert ist, ist die Pracht der nat\u00fcrlichen Vielfalt und Flora des Gebiets. Dies veranlasste das zust\u00e4ndige europ\u00e4ische Netzwerk gesch\u00fctzter Gebiete dazu, Elafonisos in die NATURA 2000-Gebiete aufzunehmen.<\/p>\n\n\n\n<p>Nach einer Bewertung des nat\u00fcrlichen Reichtums des Gebiets durch die zust\u00e4ndigen Umweltsch\u00fctzer wurden das Strongyli-Feuchtgebiet, die Sandd\u00fcnen und die dort vorkommenden endemischen Arten nur auf Elafonisos und am Strand von Simos gefunden, wo sich der Campingplatz Simos befindet.<\/p>\n\n\n\n<p>Die nat\u00fcrliche Pracht des Gebiets besteht insbesondere aus dynamischen und empfindlichen \u00d6kosystemen, wie beispielsweise den Sandd\u00fcnen. Ihr Merkmal ist, dass sich unmittelbar nach der vom klaren blauen Wasser benetzten Zone niedrige Wanderd\u00fcnen mit lockerem Sandboden und sp\u00e4rlicher Vegetation entwickeln.<br>Eine weitere charakteristische Pflanze von Elafonisos ist die Ammophilia oder Agathia sowie die vom Aussterben bedrohte Seelilie. Diese au\u00dfergew\u00f6hnlich sch\u00f6ne Vegetation w\u00e4chst im Landesinneren und erreicht am Strand von Simos eine H\u00f6he von bis zu 10 Metern. Dadurch entstehen sandige H\u00fcgel, auf denen die Ammophilia an der Spitze steht, w\u00e4hrend die Seelilie eine unterirdische Zwiebel hat und vereinzelt in Gruppen erscheint. All dies stellt den ersten und wichtigsten Schritt im Stabilisierungsprozess dar.<\/p>\n\n\n\n<p>Dann folgen auf die wei\u00dfen D\u00fcnen die grauen. Diese stabilisierten D\u00fcnen sind zum Festland ausgerichtet. Die Stabilisierung dieser D\u00fcnen wird durch die Anpflanzung einer dauerhaften Vegetationsdecke aus krautigen und holzigen Pflanzen erreicht, die den Sandboden mit organischen Substanzen anreichern und ihn dunkler und fester machen. Ein weiterer Blickfang mit herrlicher Aussicht auf Elafonisos befindet sich vor Strongyli. Hier befinden sich die Wacholder-K\u00fcstenklippen (Zeder). Eine charakteristische Art der Region ist der Juniperus Oxycedrus Subsp. Macrocarpa. Diese Vegetation ist im Mittelmeerraum selten und schwer zu finden.<\/p>\n\n\n\n<p>Die Bedeutung dieser Vegetation f\u00fcr die Stabilit\u00e4t der Kette zeigt sich darin, dass der Wind, wenn die Vegetation durch menschliche Eingriffe lokal zerst\u00f6rt wird, den Sand wegtr\u00e4gt und so Felder, Wiesen oder Feuchtgebiete bedeckt.<\/p>\n\n\n\n<p>Ein weiterer bemerkenswerter Punkt auf dem bezaubernden Elafonisos sind die Falken und Turmfalken. Mediterrane Dickichte mit immergr\u00fcnen Laubb\u00e4umen und der Phrygana beherbergen viele Arten, die in B\u00fcschen nisten. Dornb\u00fcsche, deren besondere Form einen hervorragenden Platz zum Nestbau bietet, ern\u00e4hren sich vom Boden aus von kleinen S\u00e4ugetieren und Reptilien.<\/p>\n\n\n\n<h3 class=\"wp-block-heading\">Umweltschutz \u2013 \u00d6kologisches Bewusstsein<\/h3>\n\n\n\n<p>Das Team von Simos Camping Elafonisos respektiert die \u00f6kologischen Besonderheiten der Region und betreibt eine vorbildliche biologische Kl\u00e4ranlage. Gleichzeitig gibt es in unseren Anlagen spezielle Recyclingbeh\u00e4lter f\u00fcr Materialien wie Kunststoff, Aluminium, Papier und Glas. Solarmodule erzeugen Warmwasser und Solarleuchten sorgen f\u00fcr die Abendbeleuchtung. Gleichzeitig produzieren wir durch die Pflege und Versch\u00f6nerung der Umgebung dank unserer speziellen Verarbeitungsanlagen aus den geschnittenen \u00c4sten und Abf\u00e4llen organischen D\u00fcnger, der unseren Grundbedarf deckt.<\/p>\n\n\n\n<p>Auf dem Simos Camping Elafonisos nehmen wir den Umweltschutz und die Nutzung erneuerbarer Energien sehr ernst. Wir investieren in \u00f6kologische Perspektiven und eine gr\u00fcne Entwicklung und verhalten uns dabei genauso wie unsere G\u00e4ste.<\/p>\n\n\n\n<p><strong>Auf dem Simos Camping sind wir stolze Verfechter ewiger Nachhaltigkeit.<\/strong><\/p>\n\n\n\n<p><strong>Wir bekennen uns zu unerm\u00fcdlichen Besch\u00fctzern der \u00f6kologischen Identit\u00e4t unseres Ortes.<\/strong><\/p>\n<\/div><\/div>\n<\/div><\/div>\n\n\n<div id=\"acf-block_cfdc6dcfa6e211abf6bb02c52db72376\" class=\"sc-parallax \">\n\n\t<div class=\"wrapper\">\n\t\t<div class=\"text-wrapper fade-up small-width-row\">\n\t\t\t<div class=\"title\">Hier funktioniert alles, um Ihre Tr\u00e4ume zu verwirklichen!<\/div>\n\t\t\t\t\t    <span class=\"simos-button\">\n\t\t    \t<a href=\"https:\/\/simos.campsaround.com\/\" target=_blank>BUCHEN<\/a>\n\t\t\t<\/span>\n\t\t\t\t\t<\/div>\n\t<\/div>\n\n<\/div>\n\n<script>\n\njQuery(document).ready(function($) {\n\tif(typeof sc_ajax_object !== 'undefined') {\n\t\tconst { animate, scroll, inView } = Motion\n\n\t\tconst block = jQuery(\".sc-parallax\");\n\t\tconst waves = [];\n\n\t\tfor (let i = 0; i < 3; i++) {\n\t\t\twaves[i] = $(\"<div>\", {\n\t\t\t\tclass: \"wave wave-\"+i\n\t\t\t});\n\t\t\tblock.append(waves[i]);\n\t\t}\n\n\n\t\tscroll(animate(0, 1000, {\n\t\t\t\tonUpdate: latest => {\n\t\t\t\t\twaves[0].css(\"background-position\", latest + \"px 0px\");\n\t\t\t\t\twaves[1].css(\"background-position\", -latest + \"px 0px\");\n\t\t\t\t\twaves[2].css(\"background-position\", latest + \"px 0px\");\n\t\t\t\t}\n\t\t\t}\n\t\t))\n\n\n\n\t}\n});\n\n<\/script>","protected":false},"excerpt":{"rendered":"<p>Elafonisos NATURA 2000 Simos geh\u00f6rt zu den NATURA 2000-Gebieten. Ein weiterer Vorteil von Elafonisos, der einen Besuch und eine Erkundung wert ist, ist die Pracht der nat\u00fcrlichen Vielfalt und Flora des Gebiets. Dies veranlasste das zust\u00e4ndige europ\u00e4ische Netzwerk gesch\u00fctzter Gebiete dazu, Elafonisos in die NATURA 2000-Gebiete aufzunehmen. Nach einer Bewertung des nat\u00fcrlichen Reichtums des Gebiets [&hellip;]<\/p>\n","protected":false},"author":1,"featured_media":0,"parent":0,"menu_order":0,"comment_status":"closed","ping_status":"closed","template":"page-parallax","meta":{"_acf_changed":false,"footnotes":""},"class_list":["post-2461","page","type-page","status-publish","hentry"],"acf":[],"_links":{"self":[{"href":"https:\/\/simoscamping.gr\/de\/wp-json\/wp\/v2\/pages\/2461","targetHints":{"allow":["GET"]}}],"collection":[{"href":"https:\/\/simoscamping.gr\/de\/wp-json\/wp\/v2\/pages"}],"about":[{"href":"https:\/\/simoscamping.gr\/de\/wp-json\/wp\/v2\/types\/page"}],"author":[{"embeddable":true,"href":"https:\/\/simoscamping.gr\/de\/wp-json\/wp\/v2\/users\/1"}],"replies":[{"embeddable":true,"href":"https:\/\/simoscamping.gr\/de\/wp-json\/wp\/v2\/comments?post=2461"}],"version-history":[{"count":3,"href":"https:\/\/simoscamping.gr\/de\/wp-json\/wp\/v2\/pages\/2461\/revisions"}],"predecessor-version":[{"id":2465,"href":"https:\/\/simoscamping.gr\/de\/wp-json\/wp\/v2\/pages\/2461\/revisions\/2465"}],"wp:attachment":[{"href":"https:\/\/simoscamping.gr\/de\/wp-json\/wp\/v2\/media?parent=2461"}],"curies":[{"name":"wp","href":"https:\/\/api.w.org\/{rel}","templated":true}]}}