{"id":1853,"date":"2026-02-03T14:33:29","date_gmt":"2026-02-03T11:33:29","guid":{"rendered":"https:\/\/simoscamping.gr\/elafonisos\/"},"modified":"2026-03-06T22:07:11","modified_gmt":"2026-03-06T19:07:11","slug":"elafonisos","status":"publish","type":"page","link":"https:\/\/simoscamping.gr\/it\/elafonisos\/","title":{"rendered":"Scopri Elafonisos!"},"content":{"rendered":"\n<div class=\"wp-block-group medium-width-row\" style=\"margin-top:84px\"><div class=\"wp-block-group__inner-container is-layout-constrained wp-block-group-is-layout-constrained\"><div id=\"acf-block_cfe4c8c574a27cb9634dbb8f027e4f17\" class=\"services-block large\">\n\n\t\t\t<div class=\"services-header\">\n\t\t\t\t<h2 class=\"services-title gradient-text\">Scopri Elafonisos!<\/h2>\n\t\t\t\t\t\t<div class=\"services-text\"><p>Elafonisos, un&#8217;isola pittoresca nel Peloponneso meridionale, offre opportunit\u00e0 uniche per escursioni ed esplorare le sue bellezze naturali. Sebbene l&#8217;isola non abbia sentieri segnalati, i visitatori possono godersi passeggiate lungo i sentieri costieri e scoprire spiagge e paesaggi nascosti.<\/p>\n<\/div>\n\t\t\t<\/div>\n\t\n\t<div class=\"services\">\n\t\t\t\t        <div class=\"service fade-up\">\n\t\t        \t<h3 class=\"service-title\">Esplora le spiagge<\/h3>\n\t\t        \t\t\t        \t<div class=\"service-sub-title\"><p>Elafonisos \u00e8 famosa per le sue spiagge incantevoli e le condizioni ideali per le attivit\u00e0 acquatiche.<\/p>\n<\/div>\n\t\t\t        \t\t\t        <div class=\"service-img\" style=\"background-image: url(https:\/\/simoscamping.gr\/wp-content\/uploads\/2026\/02\/simos-beach-593x730.jpg);\">\n\t\t\t        \t<div class=\"service-text\"><p>La spiaggia di Simos, di fama internazionale, si distingue per la sua sabbia fine e dorata e le acque cristalline. \u00c8 un&#8217;ampia spiaggia sabbiosa, circondata da dune e cedri, che creano un paesaggio naturale unico. Allo stesso modo, la spiaggia di Panagia offre sabbia fine e acque blu profonde e limpide, rendendola una destinazione altrettanto affascinante per il relax e il nuoto. Oltre alle sue coste idilliache, Elafonisos \u00e8 ideale per gli sport acquatici. Le condizioni climatiche la rendono una scelta eccellente per attivit\u00e0 come surf, windsurf e kitesurf, offrendo esperienze indimenticabili agli amanti dell&#8217;avventura in mare.<\/p>\n<\/div>\n\t\t\t        <\/div>\n\t\t\t    <\/div>\n\t\t        \t\t        <div class=\"service fade-up\">\n\t\t        \t<h3 class=\"service-title\">Cosa fare a Elafonisos<\/h3>\n\t\t        \t\t\t\t        <div class=\"service-img\" style=\"background-image: url(https:\/\/simoscamping.gr\/wp-content\/uploads\/2026\/02\/simos-dunes-593x576.jpg);\">\n\t\t\t        \t<div class=\"service-text\"><p>Elafonisos non \u00e8 solo una destinazione per rilassarsi sulle sue spiagge, ma anche un luogo ideale per esplorare attraverso percorsi escursionistici e ciclabili, visitare attrazioni turistiche e passeggiare attraverso paesaggi naturali unici.<\/p>\n<\/div>\n\t\t\t        <\/div>\n\t\t\t    <\/div>\n\t\t        \t\t        <div class=\"service fade-up\">\n\t\t        \t<h3 class=\"service-title\">Escursionismo e ciclismo<\/h3>\n\t\t        \t\t\t        \t<div class=\"service-sub-title\"><p>Elafonisos offre sei percorsi escursionistici e tre ciclabili, che offrono l&#8217;opportunit\u00e0 di scoprire le sue bellezze naturali. I percorsi escursionistici includono il percorso che dall&#8217;abitato di Elafonisos porta a <strong>Vigla e Vardia<\/strong>, che raggiunge il punto pi\u00f9 alto dell&#8217;isola a <strong>276 metri<\/strong>, offrendo viste panoramiche sul porto e sulle baie circostanti.<\/p>\n<\/div>\n\t\t\t        \t\t\t        <div class=\"service-img\" style=\"background-image: url(https:\/\/simoscamping.gr\/wp-content\/uploads\/2026\/02\/kournospila-593x471.jpg);\">\n\t\t\t        \t<div class=\"service-text\"><p>Un&#8217;opzione pi\u00f9 impegnativa \u00e8 il percorso <strong>Katonisi &#8211; Aglyfti<\/strong>s, lungo 3 chilometri, che termina in una spiaggia appartata con acque cristalline, ideale per chi cerca un&#8217;escursione pi\u00f9 avventurosa. Per gli amanti del ciclismo, il percorso <strong>Elafonisos &#8211; Panagia<\/strong> (4 km) \u00e8 un bellissimo itinerario con punti di interesse lungo tutto il suo percorso. Altrettanto interessante \u00e8 il percorso <strong>Elafonisos &#8211; Simos<\/strong>, che conduce alle famose spiagge dell&#8217;isola, mentre il percorso <strong>Simos &#8211; Katonisi<\/strong> di 3 km, con la nuova tangenziale, \u00e8 un&#8217;ottima scelta per il ciclismo.<\/p>\n<\/div>\n\t\t\t        <\/div>\n\t\t\t    <\/div>\n\t\t        \t\t        <div class=\"service fade-up\">\n\t\t        \t<h3 class=\"service-title\">Visite<\/h3>\n\t\t        \t\t\t        \t<div class=\"service-sub-title\"><p>L&#8217;isola ospita attrazioni che meritano di essere scoperte. La <strong>Chiesa di San Spiridione<\/strong>, costruita su un isolotto roccioso nel porto di Elafonisos, \u00e8 un punto caratteristico dell&#8217;isola ed \u00e8 direttamente legata alla sua storia e identit\u00e0.<\/p>\n<\/div>\n\t\t\t        \t\t\t        <div class=\"service-img\" style=\"background-image: url(https:\/\/simoscamping.gr\/wp-content\/uploads\/2026\/02\/spiridonas-593x624.jpg);\">\n\t\t\t        \t<div class=\"service-text\"><p>Anche la <strong>citt\u00e0 sommersa di Pavlopetri<\/strong>, una delle pi\u00f9 antiche citt\u00e0 sommerse del mondo, \u00e8 di interesse unico, accessibile per immersioni e snorkeling. Il sito archeologico offre un&#8217;esperienza affascinante, poich\u00e9 i sub possono ammirare le rovine di questa citt\u00e0 preistorica sotto le acque turchesi.<\/p>\n<\/div>\n\t\t\t        <\/div>\n\t\t\t    <\/div>\n\t\t        \t\t        <div class=\"service fade-up\">\n\t\t        \t<h3 class=\"service-title\">Esplorazione dei paesaggi naturali<\/h3>\n\t\t        \t\t\t        \t<div class=\"service-sub-title\"><p>Per facilitare la vostra visita dell&#8217;isola, vi consigliamo di utilizzare l&#8217;app <a href=\"https:\/\/www.topoguide.gr\/islands\/southern_aegeo\/hiking_on_elafonisos.php\" target=\"_blank\">Elafonisos topoGuide<\/a>, disponibile per Android e iOS, che fornisce mappe dettagliate e informazioni utili per ogni itinerario.<\/p>\n<\/div>\n\t\t\t        \t\t\t        <div class=\"service-img\" style=\"background-image: url(https:\/\/simoscamping.gr\/wp-content\/uploads\/2026\/02\/spilia-593x730.jpg);\">\n\t\t\t        \t<div class=\"service-text\"><p><strong>La Grotta di Simos<\/strong>, situata sopra l&#8217;omonima spiaggia, \u00e8 un&#8217;altra attrazione naturale che merita di essere visitata. A soli 200 metri dall&#8217;ingresso del campeggio, offre viste panoramiche sul mare ed \u00e8 un luogo speciale da esplorare.<\/p>\n<\/div>\n\t\t\t        <\/div>\n\t\t\t    <\/div>\n\t\t        \t<\/div>\n\t\n<\/div>\n\n<script>\njQuery(document).ready(function($) {\n\tif(typeof sc_ajax_object !== 'undefined') {\n\n\t\tvar service = jQuery(\"#acf-block_cfe4c8c574a27cb9634dbb8f027e4f17 .service\");\n\n\n\t\tservice.on( \"click\", function() {\n\n\t\t\t$(this).toggleClass(\"active\");\n\t\t});\n\n\t\tservice.each(function() {\n\t\t\tvar animText = $(\"<div>\", {\n\t\t\t\tclass: \"animText\",\n\n\t\t\t});\n\n\t\t\tfor( i=0; i < 3; i++ ) {\n\t\t\t\tanimText.append($(\"<span>\", {\n\t\t\t\t\tclass: \"bar bar-\" + i\n\t\t\t\t}))\n\t\t\t}\n\n\t\t\t$(this).find(\".service-img\").append(animText);\n\t\t});\n\n\t\t\n\t\t\/\/ MOTION.dev\n\t\tconst { animate, stagger } = Motion\n\n\t\tanimate([\n\t\t\t[\"#acf-block_cfe4c8c574a27cb9634dbb8f027e4f17 .bar-0\", {width: [\"0%\", \"100%\"]}],\n\t\t\t[\"#acf-block_cfe4c8c574a27cb9634dbb8f027e4f17 .bar-1\", {width: [\"0%\", \"100%\"]}],\n\t\t\t[\"#acf-block_cfe4c8c574a27cb9634dbb8f027e4f17 .bar-2\", {width: [\"0%\", \"100%\"]}],\n\t\t], {repeat: Infinity, duration: 3 });\n\n\n\t}\n});\n<\/script><\/div><\/div>\n\n\n\n<div class=\"wp-block-group fade-in\" style=\"margin-top:71px;margin-bottom:54px\"><div class=\"wp-block-group__inner-container is-layout-constrained wp-block-group-is-layout-constrained\"><div id=\"acf-block_999f64f289ceab95c98d2c165b4bf580\" class=\"wide-style gradient-banner-block \">\n\n\t<div class=\"bkg-gradient\" style=\"background-color: #25beda;\">\n\t\t<h2 class=\"title\">Vivi l&#8217;esperienza unica del Simos Camping, vicino all&#8217;esotica spiaggia di Simos, e scopri Elafonisos nel modo pi\u00f9 autentico!<\/h2>\n\t<\/div>\n\n\t<style>\n\t\t#acf-block_999f64f289ceab95c98d2c165b4bf580 {\n\t\t\t--blockColor1:#25beda;\n\t\t\t\t\t}\n\t<\/style>\n\n<\/div>\n<\/div><\/div>\n\n\n\n<div class=\"wp-block-group fade-up\" style=\"margin-top:var(--wp--preset--spacing--80);margin-bottom:var(--wp--preset--spacing--80)\"><div class=\"wp-block-group__inner-container is-layout-constrained wp-block-group-is-layout-constrained\"><div id=\"acf-block_bbd594148329413636f7753775f5c8ab\" class=\"depth-style fw-gallery-block \" aria-hidden='true'>\n\n\t<div class=\"wrapper\">\n    \t\t<div class=\"gallery\">\n\t\t\t<div class=\"royalSlider rsDefault visibleNearby\" id=\"ddd\"><img decoding=\"async\" class=\"rsImg\" src=\"https:\/\/simoscamping.gr\/wp-content\/uploads\/2026\/02\/simos-beach-5-385x637.webp\" data-rsBigImg=\"https:\/\/simoscamping.gr\/wp-content\/uploads\/2026\/02\/simos-beach-5.webp\" data-rsw=\"385\" data-rsh=\"637\" alt=\"\u0395\u03bb\u03b1\u03c6\u03cc\u03bd\u03b7\u03c3\u03bf\u03c2 \u03bf\u03c1\u03b3\u03b1\u03bd\u03c9\u03bc\u03ad\u03bd\u03b7 \u03c0\u03b1\u03c1\u03b1\u03bb\u03af\u03b1\" \/><img decoding=\"async\" class=\"rsImg\" src=\"https:\/\/simoscamping.gr\/wp-content\/uploads\/2026\/02\/elafonisos-1-385x624.webp\" data-rsBigImg=\"https:\/\/simoscamping.gr\/wp-content\/uploads\/2026\/02\/elafonisos-1.webp\" data-rsw=\"385\" data-rsh=\"624\" alt=\"\u0395\u03bb\u03b1\u03c6\u03cc\u03bd\u03b7\u03c3\u03bf\u03c2 \u03b5\u03ba\u03ba\u03bb\u03b7\u03c3\u03af\u03b1\" \/><img decoding=\"async\" class=\"rsImg\" src=\"https:\/\/simoscamping.gr\/wp-content\/uploads\/2026\/02\/elafonisos-2-385x637.webp\" data-rsBigImg=\"https:\/\/simoscamping.gr\/wp-content\/uploads\/2026\/02\/elafonisos-2.webp\" data-rsw=\"385\" data-rsh=\"637\" alt=\"\u0395\u03bb\u03b1\u03c6\u03cc\u03bd\u03b7\u03c3\u03bf\u03c2 \u0386\u03b3\u03b9\u03bf\u03c2 \u03a3\u03c0\u03c5\u03c1\u03af\u03b4\u03c9\u03bd\u03b1\u03c2\" \/><img decoding=\"async\" class=\"rsImg\" src=\"https:\/\/simoscamping.gr\/wp-content\/uploads\/2026\/02\/elafonisos-3-385x637.webp\" data-rsBigImg=\"https:\/\/simoscamping.gr\/wp-content\/uploads\/2026\/02\/elafonisos-3.webp\" data-rsw=\"385\" data-rsh=\"637\" alt=\"\u03a0\u03b1\u03c1\u03b1\u03bb\u03af\u03b1 \u0395\u03bb\u03b1\u03c6\u03cc\u03bd\u03b7\u03c3\u03bf\u03c2\" \/><img decoding=\"async\" class=\"rsImg\" src=\"https:\/\/simoscamping.gr\/wp-content\/uploads\/2026\/02\/elafonisos-4-385x637.webp\" data-rsBigImg=\"https:\/\/simoscamping.gr\/wp-content\/uploads\/2026\/02\/elafonisos-4.webp\" data-rsw=\"385\" data-rsh=\"637\" alt=\"\u03a0\u03b1\u03c1\u03b1\u03bb\u03af\u03b1 \u03a3\u03af\u03bc\u03bf\u03c2 \u03bf\u03bc\u03c0\u03c1\u03ad\u03bb\u03b5\u03c2\" \/><img decoding=\"async\" class=\"rsImg\" src=\"https:\/\/simoscamping.gr\/wp-content\/uploads\/2026\/02\/elafonisos-5-385x637.webp\" data-rsBigImg=\"https:\/\/simoscamping.gr\/wp-content\/uploads\/2026\/02\/elafonisos-5.webp\" data-rsw=\"385\" data-rsh=\"637\" alt=\"\u03a3\u03af\u03bc\u03bf\u03c2 \" \/><img decoding=\"async\" class=\"rsImg\" src=\"https:\/\/simoscamping.gr\/wp-content\/uploads\/2026\/02\/elafonisos-6-385x637.webp\" data-rsBigImg=\"https:\/\/simoscamping.gr\/wp-content\/uploads\/2026\/02\/elafonisos-6.webp\" data-rsw=\"385\" data-rsh=\"637\" alt=\"\u0395\u03bb\u03b1\u03c6\u03cc\u03bd\u03b7\u03c3\u03bf\u03c2 \u03b1\u03bc\u03bc\u03bf\u03b8\u03cd\u03bd\u03b5\u03c2\" \/><img decoding=\"async\" class=\"rsImg\" src=\"https:\/\/simoscamping.gr\/wp-content\/uploads\/2026\/02\/elafonisos-7-385x637.webp\" data-rsBigImg=\"https:\/\/simoscamping.gr\/wp-content\/uploads\/2026\/02\/elafonisos-7.webp\" data-rsw=\"385\" data-rsh=\"637\" alt=\"\u03a0\u03b1\u03c1\u03b1\u03bb\u03af\u03b1 \u0395\u03bb\u03b1\u03c6\u03cc\u03bd\u03b7\u03c3\u03bf\u03c2 \u03b1\u03b5\u03c1\u03bf\u03c6\u03c9\u03c4\u03bf\u03b3\u03c1\u03b1\u03c6\u03af\u03b1\" \/><\/div>\t\t<\/div>\n    \t<\/div>\n\n<\/div>\n<script>\njQuery(document).ready(function($) {\n  if(typeof sc_ajax_object !== 'undefined') {\n\n    \/\/ LIGHTBOX\n    var gallery = $(\"#acf-block_bbd594148329413636f7753775f5c8ab .gallery\");\n    var lightboxID = \"acf-block_bbd594148329413636f7753775f5c8ab\" + \"-lightbox\";\n\n        var gallery_button = $(\"<div class='button-wrapper'><div class='simos-button' id='\" + lightboxID + \"'><span>\" + \"VEDI LA GALLERIA\" + \"<\/span><\/div><\/div>\");\n    \/\/ gallery_button.click(function() {si.enterFullscreen();}); \n    gallery.append(gallery_button);\n    \n    const $dynamicGallery = document.getElementById(lightboxID);\n    const dynamicGallery = lightGallery($dynamicGallery, {\n        dynamic: true,\n        dynamicEl: [\n                              {\n              src: 'https:\/\/simoscamping.gr\/wp-content\/uploads\/2026\/02\/simos-beach-5.webp',\n              subHtml: '<h4>\u0395\u03bb\u03b1\u03c6\u03cc\u03bd\u03b7\u03c3\u03bf\u03c2 \u03bf\u03c1\u03b3\u03b1\u03bd\u03c9\u03bc\u03ad\u03bd\u03b7 \u03c0\u03b1\u03c1\u03b1\u03bb\u03af\u03b1<\/h4>',\n          },\n                    {\n              src: 'https:\/\/simoscamping.gr\/wp-content\/uploads\/2026\/02\/elafonisos-1.webp',\n              subHtml: '<h4>\u0395\u03bb\u03b1\u03c6\u03cc\u03bd\u03b7\u03c3\u03bf\u03c2 \u03b5\u03ba\u03ba\u03bb\u03b7\u03c3\u03af\u03b1<\/h4>',\n          },\n                    {\n              src: 'https:\/\/simoscamping.gr\/wp-content\/uploads\/2026\/02\/elafonisos-2.webp',\n              subHtml: '<h4>\u0395\u03bb\u03b1\u03c6\u03cc\u03bd\u03b7\u03c3\u03bf\u03c2 \u0386\u03b3\u03b9\u03bf\u03c2 \u03a3\u03c0\u03c5\u03c1\u03af\u03b4\u03c9\u03bd\u03b1\u03c2<\/h4>',\n          },\n                    {\n              src: 'https:\/\/simoscamping.gr\/wp-content\/uploads\/2026\/02\/elafonisos-3.webp',\n              subHtml: '<h4>\u03a0\u03b1\u03c1\u03b1\u03bb\u03af\u03b1 \u0395\u03bb\u03b1\u03c6\u03cc\u03bd\u03b7\u03c3\u03bf\u03c2<\/h4>',\n          },\n                    {\n              src: 'https:\/\/simoscamping.gr\/wp-content\/uploads\/2026\/02\/elafonisos-4.webp',\n              subHtml: '<h4>\u03a0\u03b1\u03c1\u03b1\u03bb\u03af\u03b1 \u03a3\u03af\u03bc\u03bf\u03c2 \u03bf\u03bc\u03c0\u03c1\u03ad\u03bb\u03b5\u03c2<\/h4>',\n          },\n                    {\n              src: 'https:\/\/simoscamping.gr\/wp-content\/uploads\/2026\/02\/elafonisos-5.webp',\n              subHtml: '<h4>\u03a3\u03af\u03bc\u03bf\u03c2 <\/h4>',\n          },\n                    {\n              src: 'https:\/\/simoscamping.gr\/wp-content\/uploads\/2026\/02\/elafonisos-6.webp',\n              subHtml: '<h4>\u0395\u03bb\u03b1\u03c6\u03cc\u03bd\u03b7\u03c3\u03bf\u03c2 \u03b1\u03bc\u03bc\u03bf\u03b8\u03cd\u03bd\u03b5\u03c2<\/h4>',\n          },\n                    {\n              src: 'https:\/\/simoscamping.gr\/wp-content\/uploads\/2026\/02\/elafonisos-7.webp',\n              subHtml: '<h4>\u03a0\u03b1\u03c1\u03b1\u03bb\u03af\u03b1 \u0395\u03bb\u03b1\u03c6\u03cc\u03bd\u03b7\u03c3\u03bf\u03c2 \u03b1\u03b5\u03c1\u03bf\u03c6\u03c9\u03c4\u03bf\u03b3\u03c1\u03b1\u03c6\u03af\u03b1<\/h4>',\n          },\n                            ],\n    });\n    $dynamicGallery.addEventListener('click', function () {\n        \/\/ Starts with third item.(Optional).\n        \/\/ This is useful if you want use dynamic mode with\n        \/\/ custom thumbnails (thumbnails outside gallery),\n        dynamicGallery.openGallery(0);\n    });\n\n    \/\/ ROYALSLIDER\n    var si = $('#acf-block_bbd594148329413636f7753775f5c8ab .royalSlider').royalSlider({\n      addActiveClass: true,\n      \/\/ controlInside: false,\n      \/\/ usePreloader: false,\n      \/\/ loop: true,\n      arrowsNav: false,\n      controlNavigation: 'none',\n      controlsInside: false,\n      autoScaleSlider: false, \n      \/\/ autoScaleSliderWidth: 960,     \n      \/\/ autoScaleSliderHeight: 340,\n      loop: true,\n      fadeinLoadedSlide: false,\n      globalCaption: false,\n      keyboardNavEnabled: true,\n      globalCaptionInside: false,\n\n      \/\/slidesSpacing: 1,\n      \/\/autoHeight: true,\n      imageScaleMode: 'fit',\n\n      visibleNearby: {\n        enabled: true,\n        centerArea: 0.25,\n        center: true,\n        breakpoint: 601,\n        breakpointCenterArea: 0.64,\n        navigateByCenterClick: true\n      },\n      autoPlay: {\n        \/\/ autoplay options go gere\n        enabled: true,\n        pauseOnHover: true,\n        delay: 3000,\n        stopAtAction: true\n      },\n  \t\t\/\/ fullscreen: {\n  \t\t\/\/ \t\/\/ fullscreen options go gere\n  \t\t\/\/ \tenabled: true,\n  \t\t\/\/ \tnativeFS: false\n\n  \t\t\/\/ }\n    }).data('royalSlider');\n\n    \/*\n    link to fifth slide from slider description.\n    $('.slide4link').click(function(e) {\n      si.goTo(4);\n      return false;\n    });\n    *\/\n\n    \/* Internationalization (i18n) *\/\n    \/\/ const { __, _x, _n, sprintf } = wp.i18n;\n    \/*  \n    var fullscreenbtn = $('#acf-block_bbd594148329413636f7753775f5c8ab .rsFullscreenBtn');\n    fullscreenbtn.addClass(\"simos-button\");\n    fullscreenbtn.find('.rsFullscreenIcn').text(__( 'VIEW IMAGES', 'simoscamping' ))\n    *\/\n    \/\/ si.ev.on('rsEnterFullscreen', function() {\n    \/\/   \/\/ si.st.imageScaleMode = 'none'; \/\/ or 'fill', 'none', etc.\n    \/\/  si.st.visibleNearby.centerArea = 0.50;\n    \/\/   si.updateSliderSize(true);\n    \/\/ });\n\n    \/\/ si.ev.on('rsExitFullscreen', function() {\n    \/\/   \/\/ si.st.imageScaleMode = 'fit'; \/\/ Revert to original or desired default\n    \/\/   si.st.visibleNearby.centerArea = 0.25;\n    \/\/   si.updateSliderSize(true);\n    \/\/ });\n\n\n  }\n});\n<\/script><\/div><\/div>\n\n\n<div id=\"acf-block_90d32c232187314266ab9dda109d6b65\" class=\"sc-parallax \">\n\n\t<div class=\"wrapper\">\n\t\t<div class=\"text-wrapper fade-up small-width-row\">\n\t\t\t<div class=\"title\">Qui tutto funziona per garantirti ci\u00f2 che sogni!<\/div>\n\t\t\t\t\t    <span class=\"simos-button\">\n\t\t    \t<a href=\"https:\/\/simos.campsaround.com\" target=_blank>PRENOTA<\/a>\n\t\t\t<\/span>\n\t\t\t\t\t<\/div>\n\t<\/div>\n\n<\/div>\n\n<script>\n\njQuery(document).ready(function($) {\n\tif(typeof sc_ajax_object !== 'undefined') {\n\t\tconst { animate, scroll, inView } = Motion\n\n\t\tconst block = jQuery(\".sc-parallax\");\n\t\tconst waves = [];\n\n\t\tfor (let i = 0; i < 3; i++) {\n\t\t\twaves[i] = $(\"<div>\", {\n\t\t\t\tclass: \"wave wave-\"+i\n\t\t\t});\n\t\t\tblock.append(waves[i]);\n\t\t}\n\n\n\t\tscroll(animate(0, 1000, {\n\t\t\t\tonUpdate: latest => {\n\t\t\t\t\twaves[0].css(\"background-position\", latest + \"px 0px\");\n\t\t\t\t\twaves[1].css(\"background-position\", -latest + \"px 0px\");\n\t\t\t\t\twaves[2].css(\"background-position\", latest + \"px 0px\");\n\t\t\t\t}\n\t\t\t}\n\t\t))\n\n\n\n\t}\n});\n\n<\/script>","protected":false},"excerpt":{"rendered":"","protected":false},"author":1,"featured_media":0,"parent":0,"menu_order":0,"comment_status":"closed","ping_status":"closed","template":"page-no-title","meta":{"_acf_changed":false,"footnotes":""},"class_list":["post-1853","page","type-page","status-publish","hentry"],"acf":[],"_links":{"self":[{"href":"https:\/\/simoscamping.gr\/it\/wp-json\/wp\/v2\/pages\/1853","targetHints":{"allow":["GET"]}}],"collection":[{"href":"https:\/\/simoscamping.gr\/it\/wp-json\/wp\/v2\/pages"}],"about":[{"href":"https:\/\/simoscamping.gr\/it\/wp-json\/wp\/v2\/types\/page"}],"author":[{"embeddable":true,"href":"https:\/\/simoscamping.gr\/it\/wp-json\/wp\/v2\/users\/1"}],"replies":[{"embeddable":true,"href":"https:\/\/simoscamping.gr\/it\/wp-json\/wp\/v2\/comments?post=1853"}],"version-history":[{"count":5,"href":"https:\/\/simoscamping.gr\/it\/wp-json\/wp\/v2\/pages\/1853\/revisions"}],"predecessor-version":[{"id":2124,"href":"https:\/\/simoscamping.gr\/it\/wp-json\/wp\/v2\/pages\/1853\/revisions\/2124"}],"wp:attachment":[{"href":"https:\/\/simoscamping.gr\/it\/wp-json\/wp\/v2\/media?parent=1853"}],"curies":[{"name":"wp","href":"https:\/\/api.w.org\/{rel}","templated":true}]}}