{"id":1883,"date":"2025-11-27T14:37:30","date_gmt":"2025-11-27T11:37:30","guid":{"rendered":"https:\/\/simoscamping.gr\/simos-beach\/"},"modified":"2026-03-05T23:08:47","modified_gmt":"2026-03-05T20:08:47","slug":"spiaggia-di-simos","status":"publish","type":"page","link":"https:\/\/simoscamping.gr\/it\/spiaggia-di-simos\/","title":{"rendered":"La spiaggia di Simos"},"content":{"rendered":"<div id=\"acf-block_a72f3189b012b9c0cdc452fabd483169\" class=\"default page-image-block \">\n\n\t<div class=\"bkg-image\" style=\"background-image: url('https:\/\/simoscamping.gr\/wp-content\/uploads\/2026\/02\/simos-beach-header.webp');\">\n\t\t\t\t<div class=\"content-wrapper\">\n\t\t\t<div class=\"title\"><h1>Simos beach<\/h1>\n<\/div>\n\t\t\t<div class=\"sub-title\">\n\t\t\t\t\t\t\t    <p>Vivi la<br \/>\nspiaggia perfetta!<\/p>\n\t\t\t\t\t\t\t\t\t\t\t    <span class=\"simos-button\">\n\t\t\t    \t<a href=\"https:\/\/simos.campsaround.com\" target=_blank>PRENOTA<\/a>\n\t\t\t\t<\/span>\n\t\t\t\t\t\t\t<\/div>\n\t\t<\/div>\n\t<\/div>\n\n<\/div>\n\n\n\n<div class=\"wp-block-group content-width-row ticss-a70dba75 fade-left\" style=\"margin-top:48px\"><div class=\"wp-block-group__inner-container is-layout-constrained wp-block-group-is-layout-constrained\">\n<div class=\"wp-block-group ticss-8b43be22\"><div class=\"wp-block-group__inner-container is-layout-constrained wp-block-group-is-layout-constrained\">\n<p><strong>Chiudi gli occhi\u2026<\/strong><br>Immagina la spiaggia perfetta. Quella che hai sempre sognato\u2026<br>Cedri che stendono la loro ombra, soffici dune di sabbia, sabbia bianco-dorata che si perde nelle infinite acque blu-verdi.<br><strong>Questa \u00e8 la spiaggia di Simos:<\/strong> un paesaggio che supera ogni immaginazione, ogni aspettativa.<\/p>\n\n\n\n<p>L&#8217;immagine perfetta di Elafonisos:<br>dune di sabbia naturali alte fino a 10 metri, splendidi gigli di mare che emergono dalla sabbia e una striscia di terra che sembra condurre dritta all&#8217;orizzonte.<\/p>\n\n\n\n<p><strong>Ora, apri gli occhi\u2026<\/strong><br>S\u00ec, sei qui! Sulla spiaggia pi\u00f9 da sogno, nell&#8217;estensione naturale del Simos Camping. Non resta che godersi il momento.<\/p>\n<\/div><\/div>\n<\/div><\/div>\n\n\n\n<div class=\"wp-block-group content-width-row fade-left\" style=\"margin-top:48px\"><div class=\"wp-block-group__inner-container is-layout-constrained wp-block-group-is-layout-constrained\">\n<p><strong>Una spiaggia che sembra uscita da una fiaba&#8230;<\/strong><\/p>\n\n\n\n<p><strong>La spiaggia di Simos a Elafonisos non \u00e8 solo una meraviglia naturale, \u00e8 anche un luogo ricco di storie, sussurri e immaginazione.<\/strong><\/p>\n\n\n\n<p><strong>Non ci sono miti antichi ufficiali ad accompagnarla, ma la gente del posto ha sempre avuto qualcosa da dire su questa spiaggia di sabbia dorata e acque azzurre.<\/strong><\/p>\n<\/div><\/div>\n\n\n\n<div class=\"wp-block-group dark-bkg-block\"><div class=\"wp-block-group__inner-container is-layout-constrained wp-block-group-is-layout-constrained\">\n<div class=\"wp-block-group content-width-row\" style=\"padding-top:31px;padding-bottom:31px\"><div class=\"wp-block-group__inner-container is-layout-constrained wp-block-group-is-layout-constrained\">\n<p class=\"fade-left\"><strong>Chi era Simos?<\/strong><br>Nessuno lo sa con certezza. Ma alcune storie spiccano:<br><strong>Simos, pirata o marinaio<\/strong><br>Un&#8217;antica tradizione locale narra che la spiaggia prese il nome da un capitano o pirata che naufrag\u00f2 qui o che us\u00f2 la doppia baia per nascondere la sua nave. Le dune di sabbia erano perfette come riparo, e alcuni dicono che il suo tesoro sia ancora sepolto da qualche parte qui\u2026 ma non l&#8217;abbiamo sentito da noi.<br><strong>Simos Micenea<\/strong><br>Il nome &#8220;Simos&#8221; esiste fin dall&#8217;antica Grecia, forse addirittura dall&#8217;epoca micenea. Altri sostengono che la spiaggia prese il nome in onore di un proprietario terriero o di un personaggio importante che visse qui migliaia di anni fa. A pochi metri di distanza, a Pavlopetri, si trova una delle citt\u00e0 sommerse pi\u00f9 antiche del mondo. Molti credono che l&#8217;area di Simos avesse anche un significato spirituale per i Minoici o i Micenei. Forse queste dune sono pi\u00f9 antiche di quanto immaginiamo&#8230;<br><strong>La Fata e il Pescatore<\/strong><br>Tuttavia, il mito pi\u00f9 amato \u00e8 pi\u00f9 romantico&#8230; Si dice che Simos fosse un semplice pescatore che si innamor\u00f2 di una fata del mare. Appariva solo durante la luna piena, e i due si incontravano segretamente tra le dune. Finch\u00e9 una notte, Simos non torn\u00f2 pi\u00f9. Da allora, quando il vento soffia tra i cedri, si pu\u00f2 sentire il suo canto \u2013 e alcuni dicono che stia ancora cercando il suo amato. Dolce? Forse. Romantico? Assolutamente.<\/p>\n<\/div><\/div>\n<\/div><\/div>\n\n\n\n<div class=\"wp-block-group content-width-row fade-up\" style=\"margin-top:48px\"><div class=\"wp-block-group__inner-container is-layout-constrained wp-block-group-is-layout-constrained\">\n<div class=\"wp-block-group ticss-72466175\"><div class=\"wp-block-group__inner-container is-layout-constrained wp-block-group-is-layout-constrained\">\n<p><strong><strong>La prossima volta che camminerete tra le dune o vi siederete sotto i cedri, ascoltate attentamente&#8230; Non si sa mai quali segreti Simos vi sussurrer\u00e0.<\/strong><\/strong><\/p>\n<\/div><\/div>\n<\/div><\/div>\n\n\n\n<div class=\"wp-block-group content-medium-width-row ticss-105f26c2\" style=\"margin-top:70px\"><div class=\"wp-block-group__inner-container is-layout-constrained wp-block-group-is-layout-constrained\">\n<h2 class=\"wp-block-heading gradient-text\" style=\"margin-bottom:30px\">Gallery<\/h2>\n\n\n<div id=\"acf-block_53b976e94a1e44c2eda49ce005440d2e\" class=\"sc-mosaic \" aria-hidden='true'>\n\n\n\n\t    <a href=\"https:\/\/simoscamping.gr\/wp-content\/uploads\/2026\/02\/simos-beach-1.webp\"><img decoding=\"async\" src=\"https:\/\/simoscamping.gr\/wp-content\/uploads\/2026\/02\/simos-beach-1-1024x683.webp\" alt=\" \u0395\u03bb\u03b1\u03c6\u03cc\u03bd\u03b7\u03c3\u03bf\u03c2\" class=\"fade-in\" \/><\/a>\n\t    <a href=\"https:\/\/simoscamping.gr\/wp-content\/uploads\/2026\/02\/simos-beach-17.webp\"><img decoding=\"async\" src=\"https:\/\/simoscamping.gr\/wp-content\/uploads\/2026\/02\/simos-beach-17-1024x683.webp\" alt=\"\u03a0\u03b1\u03c1\u03b1\u03bb\u03af\u03b1 \u03a3\u03af\u03bc\u03bf\u03c2 \u03b1\u03bc\u03cc\u03bb\u03bf\u03c6\u03bf\u03b9\" class=\"fade-in\" \/><\/a>\n\t    <a href=\"https:\/\/simoscamping.gr\/wp-content\/uploads\/2026\/02\/simos-beach-16.webp\"><img decoding=\"async\" src=\"https:\/\/simoscamping.gr\/wp-content\/uploads\/2026\/02\/simos-beach-16.webp\" alt=\"\u03a0\u03b1\u03c1\u03b1\u03bb\u03af\u03b1 \u0395\u03bb\u03b1\u03c6\u03cc\u03bd\u03b7\u03c3\u03bf\u03c2\" class=\"fade-in\" \/><\/a>\n\t    <a href=\"https:\/\/simoscamping.gr\/wp-content\/uploads\/2026\/02\/simos-beach-14.webp\"><img decoding=\"async\" src=\"https:\/\/simoscamping.gr\/wp-content\/uploads\/2026\/02\/simos-beach-14-1024x683.webp\" alt=\"\u03a0\u03b1\u03c1\u03b1\u03bb\u03af\u03b1 \u03a3\u03af\u03bc\u03bf\u03c2 \u03b4\u03b9\u03ac\u03b4\u03c1\u03bf\u03bc\u03bf\u03c2\" class=\"fade-in\" \/><\/a>\n\t    <a href=\"https:\/\/simoscamping.gr\/wp-content\/uploads\/2026\/02\/simos-beach-15.webp\"><img decoding=\"async\" src=\"https:\/\/simoscamping.gr\/wp-content\/uploads\/2026\/02\/simos-beach-15-689x1024.webp\" alt=\"\u039a\u03b1\u03c4\u03b1\u03bc\u03b1\u03c1\u03ac\u03bd\" class=\"fade-in\" \/><\/a>\n\t    <a href=\"https:\/\/simoscamping.gr\/wp-content\/uploads\/2026\/02\/simos-beach-13.webp\"><img decoding=\"async\" src=\"https:\/\/simoscamping.gr\/wp-content\/uploads\/2026\/02\/simos-beach-13-1024x683.webp\" alt=\"\u039f\u03bc\u03c0\u03ad\u03bb\u03b1 \u03c0\u03b1\u03c1\u03b1\u03bb\u03af\u03b1\u03c2\" class=\"fade-in\" \/><\/a>\n\t    <a href=\"https:\/\/simoscamping.gr\/wp-content\/uploads\/2026\/02\/simos-beach-12.webp\"><img decoding=\"async\" src=\"https:\/\/simoscamping.gr\/wp-content\/uploads\/2026\/02\/simos-beach-12-1024x683.webp\" alt=\"Watersports\" class=\"fade-in\" \/><\/a>\n\t    <a href=\"https:\/\/simoscamping.gr\/wp-content\/uploads\/2026\/02\/simos-beach-11.webp\"><img decoding=\"async\" src=\"https:\/\/simoscamping.gr\/wp-content\/uploads\/2026\/02\/simos-beach-11-1024x566.webp\" alt=\"\u03a0\u03b1\u03c1\u03b1\u03bb\u03af\u03b1 \u03a3\u03af\u03bc\u03bf\u03c2 \u03ba\u03cd\u03bc\u03b1\" class=\"fade-in\" \/><\/a>\n\t    <a href=\"https:\/\/simoscamping.gr\/wp-content\/uploads\/2026\/02\/simos-beach-10.webp\"><img decoding=\"async\" src=\"https:\/\/simoscamping.gr\/wp-content\/uploads\/2026\/02\/simos-beach-10-682x1024.webp\" alt=\"\u03a0\u03b1\u03c1\u03b1\u03bb\u03af\u03b1 \u03ba\u03b1\u03c1\u03ac\u03b2\u03b9\" class=\"fade-in\" \/><\/a>\n\t    <a href=\"https:\/\/simoscamping.gr\/wp-content\/uploads\/2026\/02\/hp-header.webp\"><img decoding=\"async\" src=\"https:\/\/simoscamping.gr\/wp-content\/uploads\/2026\/02\/hp-header-1024x768.webp\" alt=\"\u03a0\u03b1\u03c1\u03b1\u03bb\u03af\u03b1 \u03a3\u03af\u03bc\u03bf\u03c2 \u03b1\u03b5\u03c1\u03bf\u03c6\u03c9\u03c4\u03bf\u03b3\u03c1\u03b1\u03c6\u03af\u03b1\" class=\"fade-in\" \/><\/a>\n\t    <a href=\"https:\/\/simoscamping.gr\/wp-content\/uploads\/2026\/02\/simos-beach-7.webp\"><img decoding=\"async\" src=\"https:\/\/simoscamping.gr\/wp-content\/uploads\/2026\/02\/simos-beach-7-1024x683.webp\" alt=\"\u03a0\u03b1\u03c1\u03b1\u03bb\u03af\u03b1 \u03b1\u03bc\u03bf\u03b8\u03cd\u03bd\u03b5\u03c2\" class=\"fade-in\" \/><\/a>\n\t    <a href=\"https:\/\/simoscamping.gr\/wp-content\/uploads\/2026\/02\/simos-beach-8.webp\"><img decoding=\"async\" src=\"https:\/\/simoscamping.gr\/wp-content\/uploads\/2026\/02\/simos-beach-8-768x1024.webp\" alt=\"\u03a0\u03b1\u03c1\u03b1\u03bb\u03af\u03b1 \u03a3\u03af\u03bc\u03bf\u03c2 \u03b1\u03bd\u03b5\u03bc\u03cc\u03bd\u03b7\" class=\"fade-in\" \/><\/a>\n\t    <a href=\"https:\/\/simoscamping.gr\/wp-content\/uploads\/2026\/02\/simos-beach-6-hor.webp\"><img decoding=\"async\" src=\"https:\/\/simoscamping.gr\/wp-content\/uploads\/2026\/02\/simos-beach-6-hor.webp\" alt=\"\u0398\u03ac\u03bb\u03b1\u03c3\u03c3\u03b1 \u03b1\u03b5\u03c1\u03bf\u03c6\u03c9\u03c4\u03bf\u03b3\u03c1\u03b1\u03c6\u03af\u03b1\" class=\"fade-in\" \/><\/a>\n\t    <a href=\"https:\/\/simoscamping.gr\/wp-content\/uploads\/2026\/02\/simos-beach-5-1.webp\"><img decoding=\"async\" src=\"https:\/\/simoscamping.gr\/wp-content\/uploads\/2026\/02\/simos-beach-5-1-1024x683.webp\" alt=\"\u03a0\u03b1\u03c1\u03b1\u03bb\u03af\u03b1 \u03ba\u03b1\u03c1\u03b1\u03b2\u03ac\u03ba\u03b9\" class=\"fade-in\" \/><\/a>\n\t    <a href=\"https:\/\/simoscamping.gr\/wp-content\/uploads\/2026\/02\/simos-beach-4-1.webp\"><img decoding=\"async\" src=\"https:\/\/simoscamping.gr\/wp-content\/uploads\/2026\/02\/simos-beach-4-1-1024x768.webp\" alt=\"\u0391\u03bc\u03bc\u03bf\u03b8\u03af\u03bd\u03b5\u03c2 \u0395\u03bb\u03b1\u03c6\u03cc\u03bd\u03b7\u03c3\u03bf\u03c2\" class=\"fade-in\" \/><\/a>\n\t    <a href=\"https:\/\/simoscamping.gr\/wp-content\/uploads\/2026\/02\/simos-beach-3-1.webp\"><img decoding=\"async\" src=\"https:\/\/simoscamping.gr\/wp-content\/uploads\/2026\/02\/simos-beach-3-1-1024x683.webp\" alt=\"\u0395\u03bb\u03b1\u03c6\u03cc\u03bd\u03b7\u03c3\u03bf\u03c2 \u03c0\u03b1\u03c1\u03b1\u03bb\u03af\u03b1\" class=\"fade-in\" \/><\/a>\n\t    <a href=\"https:\/\/simoscamping.gr\/wp-content\/uploads\/2026\/02\/simos-beach-2.webp\"><img decoding=\"async\" src=\"https:\/\/simoscamping.gr\/wp-content\/uploads\/2026\/02\/simos-beach-2-1024x683.webp\" alt=\"\u0391\u03bc\u03bc\u03bf\u03b8\u03af\u03bd\u03b5\u03c2\" class=\"fade-in\" \/><\/a>\n\t\n\n\n\n<\/div>\n<script>\njQuery(document).ready(function($) {\n  \/\/ so it doesn't load in the dashboard\n  if(typeof sc_ajax_object !== 'undefined') {\n\n\n    lightGallery(document.getElementById(\"acf-block_53b976e94a1e44c2eda49ce005440d2e\"), {\n      thumbnail: false,\n    });\n\n    \/\/ lightGallery(document.getElementById('static-thumbnails'), {\n    \/\/     animateThumb: false,\n    \/\/     zoomFromOrigin: false,\n    \/\/     allowMediaOverlap: true,\n    \/\/     toggleThumb: true,\n    \/\/ });\n\n  }\n});\n<\/script>\n\n\n\n<\/div><\/div>\n\n\n\n<div class=\"wp-block-group fade-in\" style=\"margin-top:160px;margin-bottom:54px\"><div class=\"wp-block-group__inner-container is-layout-constrained wp-block-group-is-layout-constrained\"><div id=\"acf-block_c2eea84f95bdc018de13a5ac3a02c8e4\" class=\"wide-style gradient-banner-block \">\n\n\t<div class=\"bkg-gradient\" style=\"background-color: #25beda;\">\n\t\t<h2 class=\"title\">Vivi la spiaggia perfetta!<\/h2>\n\t<\/div>\n\n\t<style>\n\t\t#acf-block_c2eea84f95bdc018de13a5ac3a02c8e4 {\n\t\t\t--blockColor1:#25beda;\n\t\t\t\t\t}\n\t<\/style>\n\n<\/div>\n<\/div><\/div>\n\n\n<div id=\"acf-block_aa9afcef6f80b01783c6180b982d239d\" class=\"sc-parallax \">\n\n\t<div class=\"wrapper\">\n\t\t<div class=\"text-wrapper fade-up small-width-row\">\n\t\t\t<div class=\"title\">Qui tutto funziona per garantirti ci\u00f2 che sogni!<\/div>\n\t\t\t\t\t    <span class=\"simos-button\">\n\t\t    \t<a href=\"https:\/\/simos.campsaround.com\/\" target=_blank>PRENOTA<\/a>\n\t\t\t<\/span>\n\t\t\t\t\t<\/div>\n\t<\/div>\n\n<\/div>\n\n<script>\n\njQuery(document).ready(function($) {\n\tif(typeof sc_ajax_object !== 'undefined') {\n\t\tconst { animate, scroll, inView } = Motion\n\n\t\tconst block = jQuery(\".sc-parallax\");\n\t\tconst waves = [];\n\n\t\tfor (let i = 0; i < 3; i++) {\n\t\t\twaves[i] = $(\"<div>\", {\n\t\t\t\tclass: \"wave wave-\"+i\n\t\t\t});\n\t\t\tblock.append(waves[i]);\n\t\t}\n\n\n\t\tscroll(animate(0, 1000, {\n\t\t\t\tonUpdate: latest => {\n\t\t\t\t\twaves[0].css(\"background-position\", latest + \"px 0px\");\n\t\t\t\t\twaves[1].css(\"background-position\", -latest + \"px 0px\");\n\t\t\t\t\twaves[2].css(\"background-position\", latest + \"px 0px\");\n\t\t\t\t}\n\t\t\t}\n\t\t))\n\n\n\n\t}\n});\n\n<\/script>","protected":false},"excerpt":{"rendered":"<p>Chiudi gli occhi\u2026Immagina la spiaggia perfetta. Quella che hai sempre sognato\u2026Cedri che stendono la loro ombra, soffici dune di sabbia, sabbia bianco-dorata che si perde nelle infinite acque blu-verdi.Questa \u00e8 la spiaggia di Simos: un paesaggio che supera ogni immaginazione, ogni aspettativa. L&#8217;immagine perfetta di Elafonisos:dune di sabbia naturali alte fino a 10 metri, splendidi [&hellip;]<\/p>\n","protected":false},"author":1,"featured_media":0,"parent":0,"menu_order":0,"comment_status":"closed","ping_status":"closed","template":"page-no-title","meta":{"_acf_changed":false,"footnotes":""},"class_list":["post-1883","page","type-page","status-publish","hentry"],"acf":[],"_links":{"self":[{"href":"https:\/\/simoscamping.gr\/it\/wp-json\/wp\/v2\/pages\/1883","targetHints":{"allow":["GET"]}}],"collection":[{"href":"https:\/\/simoscamping.gr\/it\/wp-json\/wp\/v2\/pages"}],"about":[{"href":"https:\/\/simoscamping.gr\/it\/wp-json\/wp\/v2\/types\/page"}],"author":[{"embeddable":true,"href":"https:\/\/simoscamping.gr\/it\/wp-json\/wp\/v2\/users\/1"}],"replies":[{"embeddable":true,"href":"https:\/\/simoscamping.gr\/it\/wp-json\/wp\/v2\/comments?post=1883"}],"version-history":[{"count":6,"href":"https:\/\/simoscamping.gr\/it\/wp-json\/wp\/v2\/pages\/1883\/revisions"}],"predecessor-version":[{"id":2032,"href":"https:\/\/simoscamping.gr\/it\/wp-json\/wp\/v2\/pages\/1883\/revisions\/2032"}],"wp:attachment":[{"href":"https:\/\/simoscamping.gr\/it\/wp-json\/wp\/v2\/media?parent=1883"}],"curies":[{"name":"wp","href":"https:\/\/api.w.org\/{rel}","templated":true}]}}