{"id":1951,"date":"2026-01-26T19:14:08","date_gmt":"2026-01-26T16:14:08","guid":{"rendered":"https:\/\/simoscamping.gr\/faqs\/"},"modified":"2026-03-06T11:55:16","modified_gmt":"2026-03-06T08:55:16","slug":"domande-frequenti","status":"publish","type":"page","link":"https:\/\/simoscamping.gr\/it\/domande-frequenti\/","title":{"rendered":"Domande frequenti"},"content":{"rendered":"\n<div class=\"wp-block-group content-medium-width-row\" style=\"margin-top:100px;margin-bottom:100px\"><div class=\"wp-block-group__inner-container is-layout-constrained wp-block-group-is-layout-constrained\">\n<div class=\"wp-block-group ticss-5b82a0b9\"><div class=\"wp-block-group__inner-container is-layout-constrained wp-block-group-is-layout-constrained\">\n<h1 class=\"wp-block-heading gradient-text\" style=\"margin-top:0px;margin-bottom:20px\"><strong>Domande frequenti<\/strong><\/h1>\n<\/div><\/div>\n\n\n\n<h2 class=\"wp-block-heading has-text-align-center\" style=\"margin-bottom:20px\"><strong>Hai domande sul Simos Camping? Consulta le risposte alle domande pi\u00f9 frequenti e trova tutte le informazioni di cui hai bisogno!<\/strong><\/h2>\n<\/div><\/div>\n\n\n\n<div class=\"wp-block-group small-width-row\" style=\"margin-bottom:100px\"><div class=\"wp-block-group__inner-container is-layout-constrained wp-block-group-is-layout-constrained\"><div id=\"acf-block_f140e7eeb12d41922ffb51e0578cd0ef\" class=\"sc-accordion \">\n\n<div class=\"accordion light\">\n    <div class=\"accordion-entry\">\n    <div class=\"accordion-title\">\u00c8 necessaria la prenotazione per venire con la mia tenda?<\/div>\n\n    <div class=\"accordion-panel\">\n      <p>Il campeggio dispone di piazzole designate, che puoi prenotare tramite la nostra piattaforma online qui. Se prevedi di venire in alta e media stagione, \u00e8 necessaria la prenotazione, altrimenti \u00e8 possibile che non saremo in grado di offrirti la piazzola desiderata. Durante la bassa stagione, sono disponibili anche piazzole senza prenotazione.<\/p>\n    <\/div>\n  <\/div>\n    <div class=\"accordion-entry\">\n    <div class=\"accordion-title\">Posso noleggiare una tenda dal campeggio?<\/div>\n\n    <div class=\"accordion-panel\">\n      <p>Certamente, a un costo aggiuntivo, indicato nel listino prezzi sul nostro sito web.<\/p>\n    <\/div>\n  <\/div>\n    <div class=\"accordion-entry\">\n    <div class=\"accordion-title\">Cosa viene fornito con la tenda?<\/div>\n\n    <div class=\"accordion-panel\">\n      <p>Solo la tenda \u00e8 fornita, mentre il materasso e la biancheria da letto dovranno essere portati da te o noleggiati a un costo aggiuntivo.<\/p>\n    <\/div>\n  <\/div>\n    <div class=\"accordion-entry\">\n    <div class=\"accordion-title\">Come posso prenotare?<\/div>\n\n    <div class=\"accordion-panel\">\n      <p>Le prenotazioni si effettuano tramite la nostra piattaforma online, per telefono o via e-mail.<\/p>\n    <\/div>\n  <\/div>\n    <div class=\"accordion-entry\">\n    <div class=\"accordion-title\">Tutte le piazzole del campeggio sono ombreggiate?<\/div>\n\n    <div class=\"accordion-panel\">\n      <p>La maggior parte delle piazzole \u00e8 coperta da una tenda in legno o da un telo ombreggiante artificiale e gode di un&#8217;ombra soddisfacente per la maggior parte del tempo, ma non per tutto il giorno.<\/p>\n    <\/div>\n  <\/div>\n    <div class=\"accordion-entry\">\n    <div class=\"accordion-title\">Posso avere una piazzola senza ombra al mio arrivo?<\/div>\n\n    <div class=\"accordion-panel\">\n      <p>Se scegliete di arrivare senza prenotazione durante l&#8217;alta stagione, soprattutto nei giorni intorno al 15 agosto, \u00e8 possibile che sia disponibile solo una piazzola con ombra limitata o assente. Alla reception cercheremo di servirvi al meglio.<\/p>\n    <\/div>\n  <\/div>\n    <div class=\"accordion-entry\">\n    <div class=\"accordion-title\">Ogni piazzola ha accesso all&#8217;elettricit\u00e0?<\/div>\n\n    <div class=\"accordion-panel\">\n      <p>\u00c8 possibile utilizzare l&#8217;elettricit\u00e0 da tutte le piazzole? C&#8217;\u00e8 una presa di corrente per circa 2 piazzole. Per un servizio ottimale, si consiglia di portare con s\u00e9 una prolunga di almeno 10 metri e una prolunga multipresa.<\/p>\n    <\/div>\n  <\/div>\n    <div class=\"accordion-entry\">\n    <div class=\"accordion-title\">Posso piantare la mia tenda\/roulotte\/camper in spiaggia?<\/div>\n\n    <div class=\"accordion-panel\">\n      <p>La spiaggia \u00e8 un&#8217;area pubblica e, secondo le disposizioni della Guardia Costiera, \u00e8 vietato campeggiare sulla sabbia.<\/p>\n    <\/div>\n  <\/div>\n    <div class=\"accordion-entry\">\n    <div class=\"accordion-title\">Dove posso svuotare il WC chimico della mia roulotte\/camper?<\/div>\n\n    <div class=\"accordion-panel\">\n      <p>C&#8217;\u00e8 un&#8217;area in campeggio dove \u00e8 possibile svuotare il WC chimico e le acque grigie?<\/p>\n    <\/div>\n  <\/div>\n    <div class=\"accordion-entry\">\n    <div class=\"accordion-title\">Gli animali domestici sono ammessi in campeggio?<\/div>\n\n    <div class=\"accordion-panel\">\n      <p>Sono benvenuti purch\u00e9 vengano rispettate alcune regole di base. Possono rimanere in campeggio. Devono essere sempre al guinzaglio e i loro escrementi devono essere immediatamente rimossi. Gli animali domestici sono ammessi in tende, camper, roulotte e bungalow, ma non nelle tende a campana.<\/p>\n    <\/div>\n  <\/div>\n    <div class=\"accordion-entry\">\n    <div class=\"accordion-title\">Gli animali domestici sono a pagamento?<\/div>\n\n    <div class=\"accordion-panel\">\n      <p>No, gli animali sono ammessi gratuitamente.<\/p>\n    <\/div>\n  <\/div>\n    <div class=\"accordion-entry\">\n    <div class=\"accordion-title\">Se abbiamo bisogno di qualcosa a tarda notte, chi possiamo contattare?<\/div>\n\n    <div class=\"accordion-panel\">\n      <p>Ci sono guardie di sicurezza, 24 ore su 24, per qualsiasi necessit\u00e0.<\/p>\n    <\/div>\n  <\/div>\n    <div class=\"accordion-entry\">\n    <div class=\"accordion-title\">I lettini in spiaggia sono a pagamento?<\/div>\n\n    <div class=\"accordion-panel\">\n      <p>Lettini e ombrelloni in spiaggia sono a pagamento.<\/p>\n    <\/div>\n  <\/div>\n    <div class=\"accordion-entry\">\n    <div class=\"accordion-title\">Ci sono orari di silenzio? A che ora chiude il bar?<\/div>\n\n    <div class=\"accordion-panel\">\n      <p>Rispettiamo gli orari di silenzio il pi\u00f9 possibile, il bar chiude all&#8217;1:00.<\/p>\n    <\/div>\n  <\/div>\n    <div class=\"accordion-entry\">\n    <div class=\"accordion-title\">L&#8217;acqua del rubinetto \u00e8 potabile?<\/div>\n\n    <div class=\"accordion-panel\">\n      <p>L&#8217;acqua non \u00e8 potabile n\u00e9 nel campeggio n\u00e9 sull&#8217;intera isola.<\/p>\n    <\/div>\n  <\/div>\n    <div class=\"accordion-entry\">\n    <div class=\"accordion-title\">Dove posso cucinare?<\/div>\n\n    <div class=\"accordion-panel\">\n      <p>I nostri campeggiatori hanno a disposizione due cucine in comune con panche, lavelli con acqua corrente, elettricit\u00e0, frigoriferi, congelatori e fornelli elettrici, che potete utilizzare con i vostri utensili da cucina. In alternativa, potete gustare deliziosi pasti al ristorante del campeggio o acquistare snack e generi alimentari al minimarket.<\/p>\n    <\/div>\n  <\/div>\n    <div class=\"accordion-entry\">\n    <div class=\"accordion-title\">Sono forniti utensili da cucina e da portata per l&#8217;uso della cucina in comune?<\/div>\n\n    <div class=\"accordion-panel\">\n      <p>No, \u00e8 necessario portare i propri utensili.<\/p>\n    <\/div>\n  <\/div>\n    <div class=\"accordion-entry\">\n    <div class=\"accordion-title\">\u00c8 consentito fare il barbecue?<\/div>\n\n    <div class=\"accordion-panel\">\n      <p>Il barbecue \u00e8 consentito se sono soddisfatte le seguenti condizioni: non c&#8217;\u00e8 vento forte, c&#8217;\u00e8 acqua disponibile vicino al barbecue, i campeggiatori vicini non vengono disturbati ed \u00e8 consentito dai vigili del fuoco. Non \u00e8 consentito accendere fuochi a terra. Tuttavia, \u00e8 disponibile un&#8217;area barbecue apposita che potete utilizzare gratuitamente.<\/p>\n    <\/div>\n  <\/div>\n    <div class=\"accordion-entry\">\n    <div class=\"accordion-title\">Ci sono barbecue in comune?<\/div>\n\n    <div class=\"accordion-panel\">\n      <p>C&#8217;\u00e8 un&#8217;area barbecue appositamente progettata.<\/p>\n    <\/div>\n  <\/div>\n    <div class=\"accordion-entry\">\n    <div class=\"accordion-title\">Sono disponibili lavatrici e asciugatrici?<\/div>\n\n    <div class=\"accordion-panel\">\n      <p>C&#8217;\u00e8 un&#8217;area dedicata che ospita 2 grandi lavatrici. Per utilizzarle, \u00e8 necessario ritirare una moneta alla reception, che andr\u00e0 inserita nell&#8217;apposito distributore per avviare la lavatrice. \u00c8 necessario portare il detersivo o acquistarlo al minimarket o alla reception. Non c&#8217;\u00e8 un&#8217;asciugatrice.<\/p>\n    <\/div>\n  <\/div>\n    <div class=\"accordion-entry\">\n    <div class=\"accordion-title\">Quali servizi di ristorazione offre il campeggio?<\/div>\n\n    <div class=\"accordion-panel\">\n      <p><strong>Ristorante:<\/strong> Il ristorante dispone di un forno a legna per la pizza. Inoltre, all&#8217;interno del ristorante \u00e8 presente un self-service dove \u00e8 possibile gustare colazione, pranzo, cena e spuntini a ogni ora. Frittate, cr\u00eapes, panini, souvlaki e piatti pronti. Potete gustare tutto al ristorante o anche da asporto.<\/p>\n<p><strong>Bar:<\/strong> All&#8217;interno del campeggio Simos si trova il bar &#8220;Simos&#8221; che offre cocktail, birre fresche, vini, caff\u00e8, succhi di frutta e granite.<\/p>\n    <\/div>\n  <\/div>\n    <div class=\"accordion-entry\">\n    <div class=\"accordion-title\">Quali sono i prezzi del Ristorante e bar?<\/div>\n\n    <div class=\"accordion-panel\">\n      <p>I prezzi sono accessibili e paragonabili o inferiori a quelli dei negozi della zona.<\/p>\n    <\/div>\n  <\/div>\n    <div class=\"accordion-entry\">\n    <div class=\"accordion-title\">C&#8217;\u00e8 un supermercato nelle vicinanze?<\/div>\n\n    <div class=\"accordion-panel\">\n      <p>Il minimarket situato nel campeggio offre di tutto, da pane fresco, latte, frutta, cereali e pasta sfoglia, a beni di prima necessit\u00e0, cancelleria, sigarette, detersivi, giocattoli e libri per bambini, oltre a articoli di stagione.<\/p>\n    <\/div>\n  <\/div>\n    <div class=\"accordion-entry\">\n    <div class=\"accordion-title\">Quali sono i servizi gratuiti del campeggio per i residenti?<\/div>\n\n    <div class=\"accordion-panel\">\n      <p>Per tutti i nostri campeggiatori, sono gratuiti: l&#8217;uso di una cucina in comune con fornelli elettrici, frigoriferi, congelatori, carta igienica e sapone per le mani nei bagni, l&#8217;uso di acqua calda nei lavandini e nelle docce, l&#8217;uso del parco giochi, del barbecue, delle attrezzature per l&#8217;esercizio fisico all&#8217;aperto, del beach volley e del beach soccer e il Wi-Fi.<\/p>\n    <\/div>\n  <\/div>\n    <div class=\"accordion-entry\">\n    <div class=\"accordion-title\">Come posso arrivare?<\/div>\n\n    <div class=\"accordion-panel\">\n      <p>Si pu\u00f2 raggiungere Elafonisos in auto, KTEL o taxi.<\/p>\n    <\/div>\n  <\/div>\n    <div class=\"accordion-entry\">\n    <div class=\"accordion-title\">Quanto dura il campeggio in KTEL?<\/div>\n\n    <div class=\"accordion-panel\">\n      <p>Il viaggio in KTEL da Atene dura circa 5,5-6 ore con fermate intermedie.<\/p>\n    <\/div>\n  <\/div>\n    <div class=\"accordion-entry\">\n    <div class=\"accordion-title\">Quanto dura il traghetto?<\/div>\n\n    <div class=\"accordion-panel\">\n      <p>Il viaggio in traghetto dura circa 8 minuti.<\/p>\n    <\/div>\n  <\/div>\n    <div class=\"accordion-entry\">\n    <div class=\"accordion-title\">Devo prenotare il traghetto?<\/div>\n\n    <div class=\"accordion-panel\">\n      <p>No, non \u00e8 possibile prenotare il traghetto, data la frequenza delle corse. Potete <a href=\"https:\/\/simoscamping.gr\/it\/orari-dei-traghetti\/\">consultare le corse qui<\/a>.<\/p>\n    <\/div>\n  <\/div>\n    <div class=\"accordion-entry\">\n    <div class=\"accordion-title\">Se non ho un&#8217;auto, come posso spostarmi sull&#8217;isola?<\/div>\n\n    <div class=\"accordion-panel\">\n      <p>Per gli spostamenti, c&#8217;\u00e8 un autobus KTEL che ferma fuori dal campeggio da e per il porto, dove si trova la citt\u00e0, circa 8 volte al giorno durante i mesi di luglio e agosto. \u00c8 anche possibile noleggiare una moto (contattare la reception), ma non un&#8217;auto. Infine, c&#8217;\u00e8 anche un taxi disponibile durante tutta l&#8217;estate (contattare la reception).<\/p>\n    <\/div>\n  <\/div>\n    <div class=\"accordion-entry\">\n    <div class=\"accordion-title\">La spiaggia \u00e8 vicina? \u00c8 attrezzata?<\/div>\n\n    <div class=\"accordion-panel\">\n      <p>Il campeggio si trova sulla spiaggia con piazzole a 50-300 metri dalla spiaggia. La spiaggia di Simos, con la sua infinita bellezza e le sue dune, inizia esattamente dove finisce il campeggio. \u00c8 completamente attrezzata con lettini e ombrelloni. Grazie alla sua vasta superficie, c&#8217;\u00e8 anche ampio spazio per posizionare i propri ombrelloni o sedie. Se non desiderate portare i vostri effetti personali, il nostro minimarket vi offre soluzioni economiche per ombrelloni e sedie. \u00c8 importante che la spiaggia sia mantenuta pulita, poich\u00e9 si tratta di un&#8217;area protetta di incomparabile bellezza naturale e ospita le tartarughe Caretta Caretta.<\/p>\n    <\/div>\n  <\/div>\n    <div class=\"accordion-entry\">\n    <div class=\"accordion-title\">Il mare \u00e8 adatto ai bambini?<\/div>\n\n    <div class=\"accordion-panel\">\n      <p>Il mare \u00e8 sabbioso e poco profondo, il che lo rende ideale per i bambini.<\/p>\n    <\/div>\n  <\/div>\n    <div class=\"accordion-entry\">\n    <div class=\"accordion-title\">La spiaggia \u00e8 sabbiosa o rocciosa?<\/div>\n\n    <div class=\"accordion-panel\">\n      <p>La spiaggia \u00e8 sabbiosa.<\/p>\n    <\/div>\n  <\/div>\n    <div class=\"accordion-entry\">\n    <div class=\"accordion-title\">C&#8217;\u00e8 un bagnino in spiaggia?<\/div>\n\n    <div class=\"accordion-panel\">\n      <p>La spiaggia \u00e8 sorvegliata da un bagnino di fronte al campeggio nei mesi di giugno, luglio e agosto.<\/p>\n    <\/div>\n  <\/div>\n    <div class=\"accordion-entry\">\n    <div class=\"accordion-title\">Quali attivit\u00e0 sono disponibili per i bambini?<\/div>\n\n    <div class=\"accordion-panel\">\n      <p>Per i bambini pi\u00f9 grandi, il campeggio dispone di un parco giochi, campi da beach volley, beach soccer e biciclette a noleggio.<\/p>\n    <\/div>\n  <\/div>\n    <div class=\"accordion-entry\">\n    <div class=\"accordion-title\">Fino a che ora posso entrare in campeggio con la mia auto?<\/div>\n\n    <div class=\"accordion-panel\">\n      <p>Il cancello chiude alle 01:00 del mattino e apre alle 7:00 del mattino. Dopo la chiusura del cancello per i veicoli, \u00e8 possibile entrare solo in auto.<\/p>\n    <\/div>\n  <\/div>\n    <div class=\"accordion-entry\">\n    <div class=\"accordion-title\">Dove posso parcheggiare?<\/div>\n\n    <div class=\"accordion-panel\">\n      <p>Se non desiderate l&#8217;auto all&#8217;interno del campeggio, potete parcheggiarla gratuitamente nel parcheggio esterno recintato del campeggio.<\/p>\n    <\/div>\n  <\/div>\n    <div class=\"accordion-entry\">\n    <div class=\"accordion-title\">Se vengo in auto o in moto, c&#8217;\u00e8 un parcheggio?<\/div>\n\n    <div class=\"accordion-panel\">\n      <p>Certo! Abbiamo appositamente progettato parcheggi per auto e moto all&#8217;interno del campeggio, in modo che possiate raggiungere facilmente il vostro alloggio, senza preoccuparvi del vostro veicolo. Se non desiderate pagare, potete parcheggiare gratuitamente nel parcheggio esterno recintato del campeggio.<\/p>\n    <\/div>\n  <\/div>\n    <div class=\"accordion-entry\">\n    <div class=\"accordion-title\">Quali sono gli orari della reception?<\/div>\n\n    <div class=\"accordion-panel\">\n      <p>La reception del campeggio, durante l&#8217;alta stagione, \u00e8 aperta tutto il giorno dalle 8:00 alle 24:00.<\/p>\n    <\/div>\n  <\/div>\n    <div class=\"accordion-entry\">\n    <div class=\"accordion-title\">Posso pagare con carta di credito\/debito?<\/div>\n\n    <div class=\"accordion-panel\">\n      <p>\u00c8 possibile utilizzare la carta di credito\/debito in tutti i punti del campeggio.<\/p>\n    <\/div>\n  <\/div>\n    <div class=\"accordion-entry\">\n    <div class=\"accordion-title\">Dov&#8217;\u00e8 il bancomat pi\u00f9 vicino?<\/div>\n\n    <div class=\"accordion-panel\">\n      <p>C&#8217;\u00e8 un bancomat Euronet all&#8217;interno del campeggio.<\/p>\n    <\/div>\n  <\/div>\n    <div class=\"accordion-entry\">\n    <div class=\"accordion-title\">Dov&#8217;\u00e8 il centro sanitario pi\u00f9 vicino?<\/div>\n\n    <div class=\"accordion-panel\">\n      <p>Per le emergenze mediche, c&#8217;\u00e8 una clinica comunale a 4 km dal campeggio. C&#8217;\u00e8 un centro sanitario a Neapoli, a 15 km di distanza, mentre l&#8217;ospedale a Molao, a 50 km di distanza.<\/p>\n    <\/div>\n  <\/div>\n    <div class=\"accordion-entry\">\n    <div class=\"accordion-title\">Posso portare la mia bicicletta?<\/div>\n\n    <div class=\"accordion-panel\">\n      <p>La nostra area \u00e8 ideale per andare in bicicletta e muoversi in sicurezza all&#8217;interno del campeggio. Se non desiderate portare le vostre biciclette, potete noleggiarle presso la reception.<\/p>\n    <\/div>\n  <\/div>\n    <div class=\"accordion-entry\">\n    <div class=\"accordion-title\">Cosa devo portare con me?<\/div>\n\n    <div class=\"accordion-panel\">\n      <p>Potrebbero servirvi una torcia, un caricabatterie, una lanterna, una corda, mollette, cuscini e lenzuola, repellente per insetti, sacco a pelo, materasso, prolunga, multipresa, utensili da cucina e utensili da cucina. Molti di questi articoli sono disponibili anche presso il minimarket del campeggio. <\/p>\n    <\/div>\n  <\/div>\n    <div class=\"accordion-entry\">\n    <div class=\"accordion-title\">Posso noleggiare\/prendere in prestito tavolo e sedie?<\/div>\n\n    <div class=\"accordion-panel\">\n      <p>Per chi campeggia con la propria tenda, sono disponibili aree comuni con tavoli e sedie che possono utilizzare liberamente e gratuitamente. Non sono disponibili per l&#8217;affitto.<\/p>\n    <\/div>\n  <\/div>\n    <div class=\"accordion-entry\">\n    <div class=\"accordion-title\">Dove posso fare il bagno e c&#8217;\u00e8 acqua calda?<\/div>\n\n    <div class=\"accordion-panel\">\n      <p>Sono disponibili docce e servizi igienici puliti con acqua calda 24 ore su 24, 7 giorni su 7, cos\u00ec potrete godervi un bagno rilassante dopo il mare o le vostre attivit\u00e0. I servizi vengono puliti regolarmente per il massimo comfort e igiene.<\/p>\n    <\/div>\n  <\/div>\n  <\/div>\n\n<\/div>\n<script>\njQuery(document).ready(function($) {\n    \/\/const accordion_id = \n    if(typeof sc_ajax_object !== 'undefined') {\n      var accordion = $( \"#acf-block_f140e7eeb12d41922ffb51e0578cd0ef .accordion\" ).accordion({\n        heightStyle: \"content\",\n        collapsible: true,\n        active: false,\n        heightStyle: \"auto\",\n        animate: 0.5,\n      });\n    \n\n\n      \/\/ accordion.find('.accordion-title').each(function() {\n      \/\/   $(this).append($('<span>', {\n      \/\/     \"class\": \"open-close\"\n      \/\/   }));\n      \/\/ })\n    }\n} );\n<\/script><\/div><\/div>\n\n\n<div id=\"acf-block_8f558d81d733bf9a1942716c7610d2a9\" class=\"sc-parallax \">\n\n\t<div class=\"wrapper\">\n\t\t<div class=\"text-wrapper fade-up small-width-row\">\n\t\t\t<div class=\"title\">Qui tutto funziona per garantirti ci\u00f2 che sogni!<\/div>\n\t\t\t\t\t    <span class=\"simos-button\">\n\t\t    \t<a href=\"https:\/\/simos.campsaround.com\" target=_blank>PRENOTA<\/a>\n\t\t\t<\/span>\n\t\t\t\t\t<\/div>\n\t<\/div>\n\n<\/div>\n\n<script>\n\njQuery(document).ready(function($) {\n\tif(typeof sc_ajax_object !== 'undefined') {\n\t\tconst { animate, scroll, inView } = Motion\n\n\t\tconst block = jQuery(\".sc-parallax\");\n\t\tconst waves = [];\n\n\t\tfor (let i = 0; i < 3; i++) {\n\t\t\twaves[i] = $(\"<div>\", {\n\t\t\t\tclass: \"wave wave-\"+i\n\t\t\t});\n\t\t\tblock.append(waves[i]);\n\t\t}\n\n\n\t\tscroll(animate(0, 1000, {\n\t\t\t\tonUpdate: latest => {\n\t\t\t\t\twaves[0].css(\"background-position\", latest + \"px 0px\");\n\t\t\t\t\twaves[1].css(\"background-position\", -latest + \"px 0px\");\n\t\t\t\t\twaves[2].css(\"background-position\", latest + \"px 0px\");\n\t\t\t\t}\n\t\t\t}\n\t\t))\n\n\n\n\t}\n});\n\n<\/script>","protected":false},"excerpt":{"rendered":"<p>Domande frequenti Hai domande sul Simos Camping? Consulta le risposte alle domande pi\u00f9 frequenti e trova tutte le informazioni di cui hai bisogno!<\/p>\n","protected":false},"author":1,"featured_media":0,"parent":0,"menu_order":0,"comment_status":"closed","ping_status":"closed","template":"page-no-title","meta":{"_acf_changed":false,"footnotes":""},"class_list":["post-1951","page","type-page","status-publish","hentry"],"acf":[],"_links":{"self":[{"href":"https:\/\/simoscamping.gr\/it\/wp-json\/wp\/v2\/pages\/1951","targetHints":{"allow":["GET"]}}],"collection":[{"href":"https:\/\/simoscamping.gr\/it\/wp-json\/wp\/v2\/pages"}],"about":[{"href":"https:\/\/simoscamping.gr\/it\/wp-json\/wp\/v2\/types\/page"}],"author":[{"embeddable":true,"href":"https:\/\/simoscamping.gr\/it\/wp-json\/wp\/v2\/users\/1"}],"replies":[{"embeddable":true,"href":"https:\/\/simoscamping.gr\/it\/wp-json\/wp\/v2\/comments?post=1951"}],"version-history":[{"count":4,"href":"https:\/\/simoscamping.gr\/it\/wp-json\/wp\/v2\/pages\/1951\/revisions"}],"predecessor-version":[{"id":2049,"href":"https:\/\/simoscamping.gr\/it\/wp-json\/wp\/v2\/pages\/1951\/revisions\/2049"}],"wp:attachment":[{"href":"https:\/\/simoscamping.gr\/it\/wp-json\/wp\/v2\/media?parent=1951"}],"curies":[{"name":"wp","href":"https:\/\/api.w.org\/{rel}","templated":true}]}}